{"id":14497,"date":"2021-03-23T20:12:10","date_gmt":"2021-03-23T20:12:10","guid":{"rendered":"http:\/\/roz.si\/kako-pomagam\/zelim-sodelovati\/"},"modified":"2021-04-29T18:15:08","modified_gmt":"2021-04-29T18:15:08","slug":"mitmachen","status":"publish","type":"page","link":"https:\/\/roz.si\/de\/wie-kann-ich-helfen\/mitmachen\/","title":{"rendered":"Ich will mitmachen"},"content":{"rendered":"<p>[vc_row][vc_column width=&#8220;2\/3&#8243;][vc_column_text]<\/p>\n<h5>Wir freuen uns \u00fcber ihre Unterst\u00fctzung.<\/h5>\n<p>[\/vc_column_text][vc_empty_space]\n<div class=\"wpcf7 no-js\" id=\"wpcf7-f14479-o1\" lang=\"de-DE\" dir=\"ltr\" data-wpcf7-id=\"14479\">\n<div class=\"screen-reader-response\"><p role=\"status\" aria-live=\"polite\" aria-atomic=\"true\"><\/p> <ul><\/ul><\/div>\n<form action=\"\/de\/wp-json\/wp\/v2\/pages\/14497#wpcf7-f14479-o1\" method=\"post\" class=\"wpcf7-form init\" aria-label=\"Kontaktformular\" novalidate=\"novalidate\" data-status=\"init\">\n<div style=\"display: none;\">\n<input type=\"hidden\" name=\"_wpcf7\" value=\"14479\" \/>\n<input type=\"hidden\" name=\"_wpcf7_version\" value=\"6.0.5\" \/>\n<input type=\"hidden\" name=\"_wpcf7_locale\" value=\"de_DE\" \/>\n<input type=\"hidden\" name=\"_wpcf7_unit_tag\" value=\"wpcf7-f14479-o1\" \/>\n<input type=\"hidden\" name=\"_wpcf7_container_post\" value=\"0\" \/>\n<input type=\"hidden\" name=\"_wpcf7_posted_data_hash\" value=\"\" \/>\n<\/div>\n<p><label> Ime in priimek<br \/>\n<span class=\"wpcf7-form-control-wrap\" data-name=\"your-name\"><input size=\"40\" maxlength=\"400\" class=\"wpcf7-form-control wpcf7-text wpcf7-validates-as-required\" aria-required=\"true\" aria-invalid=\"false\" value=\"\" type=\"text\" name=\"your-name\" \/><\/span> <\/label>\n<\/p>\n<p><label> E-naslov<br \/>\n<span class=\"wpcf7-form-control-wrap\" data-name=\"your-email\"><input size=\"40\" maxlength=\"400\" class=\"wpcf7-form-control wpcf7-email wpcf7-validates-as-required wpcf7-text wpcf7-validates-as-email\" aria-required=\"true\" aria-invalid=\"false\" value=\"\" type=\"email\" name=\"your-email\" \/><\/span> <\/label>\n<\/p>\n<p>\u017delim sodelovati pri:\n<\/p>\n<p><span class=\"wpcf7-form-control-wrap\" data-name=\"checkbox-309\"><span class=\"wpcf7-form-control wpcf7-checkbox\"><span class=\"wpcf7-list-item first\"><label><input type=\"checkbox\" name=\"checkbox-309[]\" value=\"\u017eenskem pevsekm zboru Ro\u017e\" \/><span class=\"wpcf7-list-item-label\">\u017eenskem pevsekm zboru Ro\u017e<\/span><\/label><\/span><span class=\"wpcf7-list-item\"><label><input type=\"checkbox\" name=\"checkbox-309[]\" value=\"otro\u0161kem zboru Ro\u017ece\" \/><span class=\"wpcf7-list-item-label\">otro\u0161kem zboru Ro\u017ece<\/span><\/label><\/span><span class=\"wpcf7-list-item\"><label><input type=\"checkbox\" name=\"checkbox-309[]\" value=\"odrasli gledali\u0161ki skupini teatr trotramora (ttm)\" \/><span class=\"wpcf7-list-item-label\">odrasli gledali\u0161ki skupini teatr trotramora (ttm)<\/span><\/label><\/span><span class=\"wpcf7-list-item\"><label><input type=\"checkbox\" name=\"checkbox-309[]\" value=\"otro\u0161ko-mladinski gledali\u0161ki skupini teatr zora\" \/><span class=\"wpcf7-list-item-label\">otro\u0161ko-mladinski gledali\u0161ki skupini teatr zora<\/span><\/label><\/span><span class=\"wpcf7-list-item\"><label><input type=\"checkbox\" name=\"checkbox-309[]\" value=\"organizaciji dru\u0161tva\" \/><span class=\"wpcf7-list-item-label\">organizaciji dru\u0161tva<\/span><\/label><\/span><span class=\"wpcf7-list-item\"><label><input type=\"checkbox\" name=\"checkbox-309[]\" value=\"ro\u010dnem delu \u2013 pomo\u010d pri izdelavi in postavljanju scenografij, odra, tehnike\u2026\" \/><span class=\"wpcf7-list-item-label\">ro\u010dnem delu \u2013 pomo\u010d pri izdelavi in postavljanju scenografij, odra, tehnike\u2026<\/span><\/label><\/span><span class=\"wpcf7-list-item\"><label><input type=\"checkbox\" name=\"checkbox-309[]\" value=\"gledali\u0161ki tehniki \u2013 upravljanje oderske tehnike (lu\u010d, ton, video, podnapisi)\" \/><span class=\"wpcf7-list-item-label\">gledali\u0161ki tehniki \u2013 upravljanje oderske tehnike (lu\u010d, ton, video, podnapisi)<\/span><\/label><\/span><span class=\"wpcf7-list-item last\"><label><input type=\"checkbox\" name=\"checkbox-309[]\" value=\"oskrbi in postre\u017ebi obiskovalk in obiskovalcev prireditev\" \/><span class=\"wpcf7-list-item-label\">oskrbi in postre\u017ebi obiskovalk in obiskovalcev prireditev<\/span><\/label><\/span><\/span><\/span>\n<\/p>\n<p><span id=\"wpcf7-6a032a1f7e5c8-wrapper\" class=\"wpcf7-form-control-wrap hon-email-700-wrap\" style=\"display:none !important; visibility:hidden !important;\"><label for=\"wpcf7-6a032a1f7e5c8-field\" class=\"hp-message\">Bitte lasse dieses Feld leer.<\/label><input id=\"wpcf7-6a032a1f7e5c8-field\"  class=\"wpcf7-form-control wpcf7-text\" type=\"text\" name=\"hon-email-700\" value=\"\" size=\"40\" tabindex=\"-1\" autocomplete=\"new-password\" \/><\/span>\n<\/p>\n<p><input class=\"wpcf7-form-control wpcf7-submit has-spinner\" type=\"submit\" value=\"Po\u0161lji\" \/>\n<\/p><div class=\"wpcf7-response-output\" aria-hidden=\"true\"><\/div>\n<\/form>\n<\/div>\n[\/vc_column][vc_column width=&#8220;1\/3&#8243;][\/vc_column][\/vc_row]<\/p>\n","protected":false},"excerpt":{"rendered":"<p>[vc_row][vc_column width=&#8220;2\/3&#8243;][vc_column_text] Wir freuen uns \u00fcber ihre Unterst\u00fctzung. [\/vc_column_text][vc_empty_space][\/vc_column][vc_column width=&#8220;1\/3&#8243;][\/vc_column][\/vc_row]<\/p>\n","protected":false},"author":1,"featured_media":0,"parent":14495,"menu_order":0,"comment_status":"closed","ping_status":"open","template":"","meta":{"_acf_changed":false,"footnotes":""},"categories":[],"tags":[],"class_list":["post-14497","page","type-page","status-publish","hentry"],"acf":[],"yoast_head":"<!-- This site is optimized with the Yoast SEO plugin v24.8.1 - https:\/\/yoast.com\/wordpress\/plugins\/seo\/ -->\n<title>Ich will mitmachen - RO\u017d - Slovensko prosvetno dru\u0161tvo<\/title>\n<meta name=\"robots\" content=\"index, follow, max-snippet:-1, max-image-preview:large, max-video-preview:-1\" \/>\n<link rel=\"canonical\" href=\"https:\/\/roz.si\/de\/wie-kann-ich-helfen\/mitmachen\/\" \/>\n<meta property=\"og:locale\" content=\"de_DE\" \/>\n<meta property=\"og:type\" content=\"article\" \/>\n<meta property=\"og:title\" content=\"Ich will mitmachen - RO\u017d - Slovensko prosvetno dru\u0161tvo\" \/>\n<meta property=\"og:description\" content=\"[vc_row][vc_column width=&#8220;2\/3&#8243;][vc_column_text] Wir freuen uns \u00fcber ihre Unterst\u00fctzung. [\/vc_column_text][vc_empty_space][\/vc_column][vc_column width=&#8220;1\/3&#8243;][\/vc_column][\/vc_row]\" \/>\n<meta property=\"og:url\" content=\"https:\/\/roz.si\/de\/wie-kann-ich-helfen\/mitmachen\/\" \/>\n<meta property=\"og:site_name\" content=\"RO\u017d - Slovensko prosvetno dru\u0161tvo\" \/>\n<meta property=\"article:modified_time\" content=\"2021-04-29T18:15:08+00:00\" \/>\n<meta name=\"twitter:card\" content=\"summary_large_image\" \/>\n<meta name=\"twitter:label1\" content=\"Gesch\u00e4tzte Lesezeit\" \/>\n\t<meta name=\"twitter:data1\" content=\"1\u00a0Minute\" \/>\n<script type=\"application\/ld+json\" class=\"yoast-schema-graph\">{\"@context\":\"https:\/\/schema.org\",\"@graph\":[{\"@type\":\"WebPage\",\"@id\":\"https:\/\/roz.si\/de\/wie-kann-ich-helfen\/mitmachen\/\",\"url\":\"https:\/\/roz.si\/de\/wie-kann-ich-helfen\/mitmachen\/\",\"name\":\"Ich will mitmachen - RO\u017d - Slovensko prosvetno dru\u0161tvo\",\"isPartOf\":{\"@id\":\"https:\/\/roz.si\/#website\"},\"datePublished\":\"2021-03-23T20:12:10+00:00\",\"dateModified\":\"2021-04-29T18:15:08+00:00\",\"breadcrumb\":{\"@id\":\"https:\/\/roz.si\/de\/wie-kann-ich-helfen\/mitmachen\/#breadcrumb\"},\"inLanguage\":\"de\",\"potentialAction\":[{\"@type\":\"ReadAction\",\"target\":[\"https:\/\/roz.si\/de\/wie-kann-ich-helfen\/mitmachen\/\"]}]},{\"@type\":\"BreadcrumbList\",\"@id\":\"https:\/\/roz.si\/de\/wie-kann-ich-helfen\/mitmachen\/#breadcrumb\",\"itemListElement\":[{\"@type\":\"ListItem\",\"position\":1,\"name\":\"Home\",\"item\":\"https:\/\/roz.si\/de\/\"},{\"@type\":\"ListItem\",\"position\":2,\"name\":\"Wie kann ich helfen?\",\"item\":\"https:\/\/roz.si\/de\/wie-kann-ich-helfen\/\"},{\"@type\":\"ListItem\",\"position\":3,\"name\":\"Ich will mitmachen\"}]},{\"@type\":\"WebSite\",\"@id\":\"https:\/\/roz.si\/#website\",\"url\":\"https:\/\/roz.si\/\",\"name\":\"RO\u017d - Slovensko prosvetno dru\u0161tvo\",\"description\":\"Slovensko prosvetno dru\u0161tvo Ro\u017e\",\"publisher\":{\"@id\":\"https:\/\/roz.si\/#organization\"},\"potentialAction\":[{\"@type\":\"SearchAction\",\"target\":{\"@type\":\"EntryPoint\",\"urlTemplate\":\"https:\/\/roz.si\/?s={search_term_string}\"},\"query-input\":{\"@type\":\"PropertyValueSpecification\",\"valueRequired\":true,\"valueName\":\"search_term_string\"}}],\"inLanguage\":\"de\"},{\"@type\":\"Organization\",\"@id\":\"https:\/\/roz.si\/#organization\",\"name\":\"RO\u017d - Slovensko prosvetno dru\u0161tvo\",\"url\":\"https:\/\/roz.si\/\",\"logo\":{\"@type\":\"ImageObject\",\"inLanguage\":\"de\",\"@id\":\"https:\/\/roz.si\/#\/schema\/logo\/image\/\",\"url\":\"https:\/\/roz.si\/wp-content\/uploads\/2022\/11\/ROZ_logo.ico\",\"contentUrl\":\"https:\/\/roz.si\/wp-content\/uploads\/2022\/11\/ROZ_logo.ico\",\"width\":199,\"height\":120,\"caption\":\"RO\u017d - Slovensko prosvetno dru\u0161tvo\"},\"image\":{\"@id\":\"https:\/\/roz.si\/#\/schema\/logo\/image\/\"}}]}<\/script>\n<!-- \/ Yoast SEO plugin. -->","yoast_head_json":{"title":"Ich will mitmachen - RO\u017d - Slovensko prosvetno dru\u0161tvo","robots":{"index":"index","follow":"follow","max-snippet":"max-snippet:-1","max-image-preview":"max-image-preview:large","max-video-preview":"max-video-preview:-1"},"canonical":"https:\/\/roz.si\/de\/wie-kann-ich-helfen\/mitmachen\/","og_locale":"de_DE","og_type":"article","og_title":"Ich will mitmachen - RO\u017d - Slovensko prosvetno dru\u0161tvo","og_description":"[vc_row][vc_column width=&#8220;2\/3&#8243;][vc_column_text] Wir freuen uns \u00fcber ihre Unterst\u00fctzung. [\/vc_column_text][vc_empty_space][\/vc_column][vc_column width=&#8220;1\/3&#8243;][\/vc_column][\/vc_row]","og_url":"https:\/\/roz.si\/de\/wie-kann-ich-helfen\/mitmachen\/","og_site_name":"RO\u017d - Slovensko prosvetno dru\u0161tvo","article_modified_time":"2021-04-29T18:15:08+00:00","twitter_card":"summary_large_image","twitter_misc":{"Gesch\u00e4tzte Lesezeit":"1\u00a0Minute"},"schema":{"@context":"https:\/\/schema.org","@graph":[{"@type":"WebPage","@id":"https:\/\/roz.si\/de\/wie-kann-ich-helfen\/mitmachen\/","url":"https:\/\/roz.si\/de\/wie-kann-ich-helfen\/mitmachen\/","name":"Ich will mitmachen - RO\u017d - Slovensko prosvetno dru\u0161tvo","isPartOf":{"@id":"https:\/\/roz.si\/#website"},"datePublished":"2021-03-23T20:12:10+00:00","dateModified":"2021-04-29T18:15:08+00:00","breadcrumb":{"@id":"https:\/\/roz.si\/de\/wie-kann-ich-helfen\/mitmachen\/#breadcrumb"},"inLanguage":"de","potentialAction":[{"@type":"ReadAction","target":["https:\/\/roz.si\/de\/wie-kann-ich-helfen\/mitmachen\/"]}]},{"@type":"BreadcrumbList","@id":"https:\/\/roz.si\/de\/wie-kann-ich-helfen\/mitmachen\/#breadcrumb","itemListElement":[{"@type":"ListItem","position":1,"name":"Home","item":"https:\/\/roz.si\/de\/"},{"@type":"ListItem","position":2,"name":"Wie kann ich helfen?","item":"https:\/\/roz.si\/de\/wie-kann-ich-helfen\/"},{"@type":"ListItem","position":3,"name":"Ich will mitmachen"}]},{"@type":"WebSite","@id":"https:\/\/roz.si\/#website","url":"https:\/\/roz.si\/","name":"RO\u017d - Slovensko prosvetno dru\u0161tvo","description":"Slovensko prosvetno dru\u0161tvo Ro\u017e","publisher":{"@id":"https:\/\/roz.si\/#organization"},"potentialAction":[{"@type":"SearchAction","target":{"@type":"EntryPoint","urlTemplate":"https:\/\/roz.si\/?s={search_term_string}"},"query-input":{"@type":"PropertyValueSpecification","valueRequired":true,"valueName":"search_term_string"}}],"inLanguage":"de"},{"@type":"Organization","@id":"https:\/\/roz.si\/#organization","name":"RO\u017d - Slovensko prosvetno dru\u0161tvo","url":"https:\/\/roz.si\/","logo":{"@type":"ImageObject","inLanguage":"de","@id":"https:\/\/roz.si\/#\/schema\/logo\/image\/","url":"https:\/\/roz.si\/wp-content\/uploads\/2022\/11\/ROZ_logo.ico","contentUrl":"https:\/\/roz.si\/wp-content\/uploads\/2022\/11\/ROZ_logo.ico","width":199,"height":120,"caption":"RO\u017d - Slovensko prosvetno dru\u0161tvo"},"image":{"@id":"https:\/\/roz.si\/#\/schema\/logo\/image\/"}}]}},"_links":{"self":[{"href":"https:\/\/roz.si\/de\/wp-json\/wp\/v2\/pages\/14497","targetHints":{"allow":["GET"]}}],"collection":[{"href":"https:\/\/roz.si\/de\/wp-json\/wp\/v2\/pages"}],"about":[{"href":"https:\/\/roz.si\/de\/wp-json\/wp\/v2\/types\/page"}],"author":[{"embeddable":true,"href":"https:\/\/roz.si\/de\/wp-json\/wp\/v2\/users\/1"}],"replies":[{"embeddable":true,"href":"https:\/\/roz.si\/de\/wp-json\/wp\/v2\/comments?post=14497"}],"version-history":[{"count":3,"href":"https:\/\/roz.si\/de\/wp-json\/wp\/v2\/pages\/14497\/revisions"}],"predecessor-version":[{"id":14505,"href":"https:\/\/roz.si\/de\/wp-json\/wp\/v2\/pages\/14497\/revisions\/14505"}],"up":[{"embeddable":true,"href":"https:\/\/roz.si\/de\/wp-json\/wp\/v2\/pages\/14495"}],"wp:attachment":[{"href":"https:\/\/roz.si\/de\/wp-json\/wp\/v2\/media?parent=14497"}],"wp:term":[{"taxonomy":"category","embeddable":true,"href":"https:\/\/roz.si\/de\/wp-json\/wp\/v2\/categories?post=14497"},{"taxonomy":"post_tag","embeddable":true,"href":"https:\/\/roz.si\/de\/wp-json\/wp\/v2\/tags?post=14497"}],"curies":[{"name":"wp","href":"https:\/\/api.w.org\/{rel}","templated":true}]}}