{"id":14499,"date":"2021-03-23T20:18:28","date_gmt":"2021-03-23T20:18:28","guid":{"rendered":"http:\/\/roz.si\/kako-pomagam\/zelim-podpreti\/"},"modified":"2021-04-29T18:15:21","modified_gmt":"2021-04-29T18:15:21","slug":"unterstuetzen","status":"publish","type":"page","link":"https:\/\/roz.si\/de\/wie-kann-ich-helfen\/unterstuetzen\/","title":{"rendered":"Ich m\u00f6chte unterst\u00fctzen"},"content":{"rendered":"<p>[vc_row][vc_column width=&#8220;2\/3&#8243;][vc_column_text]<\/p>\n<h5>Wir freuen uns \u00fcber ihre Unterst\u00fctzung.<\/h5>\n<ul>\n<li>\u017delim postati <strong>redna \u010dlanica \/ reden \u010dlan<\/strong> dru\u0161tva Ro\u017e: <strong>20.- (letno)<\/strong><\/li>\n<li>\u017delim redno podpirati dru\u0161tvo: po lastni mo\u017enosti in presoji<\/li>\n<li>\u017delim dru\u0161tvu Ro\u017e prenakazati finan\u010dno podporo<\/li>\n<\/ul>\n<p>Nakazila na <strong>IBAN: AT61 3910 0000 0502 3684<\/strong>[\/vc_column_text][\/vc_column][vc_column width=&#8220;1\/3&#8243;][\/vc_column][\/vc_row]<\/p>\n","protected":false},"excerpt":{"rendered":"<p>[vc_row][vc_column width=&#8220;2\/3&#8243;][vc_column_text] Wir freuen uns \u00fcber ihre Unterst\u00fctzung. \u017delim postati redna \u010dlanica \/ reden \u010dlan dru\u0161tva Ro\u017e: 20.- (letno) \u017delim redno podpirati dru\u0161tvo: po lastni mo\u017enosti in presoji \u017delim dru\u0161tvu Ro\u017e prenakazati finan\u010dno podporo Nakazila na IBAN: AT61 3910 0000 0502 3684[\/vc_column_text][\/vc_column][vc_column width=&#8220;1\/3&#8243;][\/vc_column][\/vc_row]<\/p>\n","protected":false},"author":1,"featured_media":0,"parent":14495,"menu_order":1,"comment_status":"closed","ping_status":"open","template":"","meta":{"_acf_changed":false,"footnotes":""},"categories":[],"tags":[],"class_list":["post-14499","page","type-page","status-publish","hentry"],"acf":[],"yoast_head":"<!-- This site is optimized with the Yoast SEO plugin v24.8.1 - https:\/\/yoast.com\/wordpress\/plugins\/seo\/ -->\n<title>Ich m\u00f6chte unterst\u00fctzen - RO\u017d - Slovensko prosvetno dru\u0161tvo<\/title>\n<meta name=\"robots\" content=\"index, follow, max-snippet:-1, max-image-preview:large, max-video-preview:-1\" \/>\n<link rel=\"canonical\" href=\"https:\/\/roz.si\/de\/wie-kann-ich-helfen\/unterstuetzen\/\" \/>\n<meta property=\"og:locale\" content=\"de_DE\" \/>\n<meta property=\"og:type\" content=\"article\" \/>\n<meta property=\"og:title\" content=\"Ich m\u00f6chte unterst\u00fctzen - RO\u017d - Slovensko prosvetno dru\u0161tvo\" \/>\n<meta property=\"og:description\" content=\"[vc_row][vc_column width=&#8220;2\/3&#8243;][vc_column_text] Wir freuen uns \u00fcber ihre Unterst\u00fctzung. \u017delim postati redna \u010dlanica \/ reden \u010dlan dru\u0161tva Ro\u017e: 20.- (letno) \u017delim redno podpirati dru\u0161tvo: po lastni mo\u017enosti in presoji \u017delim dru\u0161tvu Ro\u017e prenakazati finan\u010dno podporo Nakazila na IBAN: AT61 3910 0000 0502 3684[\/vc_column_text][\/vc_column][vc_column width=&#8220;1\/3&#8243;][\/vc_column][\/vc_row]\" \/>\n<meta property=\"og:url\" content=\"https:\/\/roz.si\/de\/wie-kann-ich-helfen\/unterstuetzen\/\" \/>\n<meta property=\"og:site_name\" content=\"RO\u017d - Slovensko prosvetno dru\u0161tvo\" \/>\n<meta property=\"article:modified_time\" content=\"2021-04-29T18:15:21+00:00\" \/>\n<meta name=\"twitter:card\" content=\"summary_large_image\" \/>\n<meta name=\"twitter:label1\" content=\"Gesch\u00e4tzte Lesezeit\" \/>\n\t<meta name=\"twitter:data1\" content=\"1\u00a0Minute\" \/>\n<script type=\"application\/ld+json\" class=\"yoast-schema-graph\">{\"@context\":\"https:\/\/schema.org\",\"@graph\":[{\"@type\":\"WebPage\",\"@id\":\"https:\/\/roz.si\/de\/wie-kann-ich-helfen\/unterstuetzen\/\",\"url\":\"https:\/\/roz.si\/de\/wie-kann-ich-helfen\/unterstuetzen\/\",\"name\":\"Ich m\u00f6chte unterst\u00fctzen - RO\u017d - Slovensko prosvetno dru\u0161tvo\",\"isPartOf\":{\"@id\":\"https:\/\/roz.si\/#website\"},\"datePublished\":\"2021-03-23T20:18:28+00:00\",\"dateModified\":\"2021-04-29T18:15:21+00:00\",\"breadcrumb\":{\"@id\":\"https:\/\/roz.si\/de\/wie-kann-ich-helfen\/unterstuetzen\/#breadcrumb\"},\"inLanguage\":\"de\",\"potentialAction\":[{\"@type\":\"ReadAction\",\"target\":[\"https:\/\/roz.si\/de\/wie-kann-ich-helfen\/unterstuetzen\/\"]}]},{\"@type\":\"BreadcrumbList\",\"@id\":\"https:\/\/roz.si\/de\/wie-kann-ich-helfen\/unterstuetzen\/#breadcrumb\",\"itemListElement\":[{\"@type\":\"ListItem\",\"position\":1,\"name\":\"Home\",\"item\":\"https:\/\/roz.si\/de\/\"},{\"@type\":\"ListItem\",\"position\":2,\"name\":\"Wie kann ich helfen?\",\"item\":\"https:\/\/roz.si\/de\/wie-kann-ich-helfen\/\"},{\"@type\":\"ListItem\",\"position\":3,\"name\":\"Ich m\u00f6chte unterst\u00fctzen\"}]},{\"@type\":\"WebSite\",\"@id\":\"https:\/\/roz.si\/#website\",\"url\":\"https:\/\/roz.si\/\",\"name\":\"RO\u017d - Slovensko prosvetno dru\u0161tvo\",\"description\":\"Slovensko prosvetno dru\u0161tvo Ro\u017e\",\"publisher\":{\"@id\":\"https:\/\/roz.si\/#organization\"},\"potentialAction\":[{\"@type\":\"SearchAction\",\"target\":{\"@type\":\"EntryPoint\",\"urlTemplate\":\"https:\/\/roz.si\/?s={search_term_string}\"},\"query-input\":{\"@type\":\"PropertyValueSpecification\",\"valueRequired\":true,\"valueName\":\"search_term_string\"}}],\"inLanguage\":\"de\"},{\"@type\":\"Organization\",\"@id\":\"https:\/\/roz.si\/#organization\",\"name\":\"RO\u017d - Slovensko prosvetno dru\u0161tvo\",\"url\":\"https:\/\/roz.si\/\",\"logo\":{\"@type\":\"ImageObject\",\"inLanguage\":\"de\",\"@id\":\"https:\/\/roz.si\/#\/schema\/logo\/image\/\",\"url\":\"https:\/\/roz.si\/wp-content\/uploads\/2022\/11\/ROZ_logo.ico\",\"contentUrl\":\"https:\/\/roz.si\/wp-content\/uploads\/2022\/11\/ROZ_logo.ico\",\"width\":199,\"height\":120,\"caption\":\"RO\u017d - Slovensko prosvetno dru\u0161tvo\"},\"image\":{\"@id\":\"https:\/\/roz.si\/#\/schema\/logo\/image\/\"}}]}<\/script>\n<!-- \/ Yoast SEO plugin. -->","yoast_head_json":{"title":"Ich m\u00f6chte unterst\u00fctzen - RO\u017d - Slovensko prosvetno dru\u0161tvo","robots":{"index":"index","follow":"follow","max-snippet":"max-snippet:-1","max-image-preview":"max-image-preview:large","max-video-preview":"max-video-preview:-1"},"canonical":"https:\/\/roz.si\/de\/wie-kann-ich-helfen\/unterstuetzen\/","og_locale":"de_DE","og_type":"article","og_title":"Ich m\u00f6chte unterst\u00fctzen - RO\u017d - Slovensko prosvetno dru\u0161tvo","og_description":"[vc_row][vc_column width=&#8220;2\/3&#8243;][vc_column_text] Wir freuen uns \u00fcber ihre Unterst\u00fctzung. \u017delim postati redna \u010dlanica \/ reden \u010dlan dru\u0161tva Ro\u017e: 20.- (letno) \u017delim redno podpirati dru\u0161tvo: po lastni mo\u017enosti in presoji \u017delim dru\u0161tvu Ro\u017e prenakazati finan\u010dno podporo Nakazila na IBAN: AT61 3910 0000 0502 3684[\/vc_column_text][\/vc_column][vc_column width=&#8220;1\/3&#8243;][\/vc_column][\/vc_row]","og_url":"https:\/\/roz.si\/de\/wie-kann-ich-helfen\/unterstuetzen\/","og_site_name":"RO\u017d - Slovensko prosvetno dru\u0161tvo","article_modified_time":"2021-04-29T18:15:21+00:00","twitter_card":"summary_large_image","twitter_misc":{"Gesch\u00e4tzte Lesezeit":"1\u00a0Minute"},"schema":{"@context":"https:\/\/schema.org","@graph":[{"@type":"WebPage","@id":"https:\/\/roz.si\/de\/wie-kann-ich-helfen\/unterstuetzen\/","url":"https:\/\/roz.si\/de\/wie-kann-ich-helfen\/unterstuetzen\/","name":"Ich m\u00f6chte unterst\u00fctzen - RO\u017d - Slovensko prosvetno dru\u0161tvo","isPartOf":{"@id":"https:\/\/roz.si\/#website"},"datePublished":"2021-03-23T20:18:28+00:00","dateModified":"2021-04-29T18:15:21+00:00","breadcrumb":{"@id":"https:\/\/roz.si\/de\/wie-kann-ich-helfen\/unterstuetzen\/#breadcrumb"},"inLanguage":"de","potentialAction":[{"@type":"ReadAction","target":["https:\/\/roz.si\/de\/wie-kann-ich-helfen\/unterstuetzen\/"]}]},{"@type":"BreadcrumbList","@id":"https:\/\/roz.si\/de\/wie-kann-ich-helfen\/unterstuetzen\/#breadcrumb","itemListElement":[{"@type":"ListItem","position":1,"name":"Home","item":"https:\/\/roz.si\/de\/"},{"@type":"ListItem","position":2,"name":"Wie kann ich helfen?","item":"https:\/\/roz.si\/de\/wie-kann-ich-helfen\/"},{"@type":"ListItem","position":3,"name":"Ich m\u00f6chte unterst\u00fctzen"}]},{"@type":"WebSite","@id":"https:\/\/roz.si\/#website","url":"https:\/\/roz.si\/","name":"RO\u017d - Slovensko prosvetno dru\u0161tvo","description":"Slovensko prosvetno dru\u0161tvo Ro\u017e","publisher":{"@id":"https:\/\/roz.si\/#organization"},"potentialAction":[{"@type":"SearchAction","target":{"@type":"EntryPoint","urlTemplate":"https:\/\/roz.si\/?s={search_term_string}"},"query-input":{"@type":"PropertyValueSpecification","valueRequired":true,"valueName":"search_term_string"}}],"inLanguage":"de"},{"@type":"Organization","@id":"https:\/\/roz.si\/#organization","name":"RO\u017d - Slovensko prosvetno dru\u0161tvo","url":"https:\/\/roz.si\/","logo":{"@type":"ImageObject","inLanguage":"de","@id":"https:\/\/roz.si\/#\/schema\/logo\/image\/","url":"https:\/\/roz.si\/wp-content\/uploads\/2022\/11\/ROZ_logo.ico","contentUrl":"https:\/\/roz.si\/wp-content\/uploads\/2022\/11\/ROZ_logo.ico","width":199,"height":120,"caption":"RO\u017d - Slovensko prosvetno dru\u0161tvo"},"image":{"@id":"https:\/\/roz.si\/#\/schema\/logo\/image\/"}}]}},"_links":{"self":[{"href":"https:\/\/roz.si\/de\/wp-json\/wp\/v2\/pages\/14499","targetHints":{"allow":["GET"]}}],"collection":[{"href":"https:\/\/roz.si\/de\/wp-json\/wp\/v2\/pages"}],"about":[{"href":"https:\/\/roz.si\/de\/wp-json\/wp\/v2\/types\/page"}],"author":[{"embeddable":true,"href":"https:\/\/roz.si\/de\/wp-json\/wp\/v2\/users\/1"}],"replies":[{"embeddable":true,"href":"https:\/\/roz.si\/de\/wp-json\/wp\/v2\/comments?post=14499"}],"version-history":[{"count":3,"href":"https:\/\/roz.si\/de\/wp-json\/wp\/v2\/pages\/14499\/revisions"}],"predecessor-version":[{"id":14506,"href":"https:\/\/roz.si\/de\/wp-json\/wp\/v2\/pages\/14499\/revisions\/14506"}],"up":[{"embeddable":true,"href":"https:\/\/roz.si\/de\/wp-json\/wp\/v2\/pages\/14495"}],"wp:attachment":[{"href":"https:\/\/roz.si\/de\/wp-json\/wp\/v2\/media?parent=14499"}],"wp:term":[{"taxonomy":"category","embeddable":true,"href":"https:\/\/roz.si\/de\/wp-json\/wp\/v2\/categories?post=14499"},{"taxonomy":"post_tag","embeddable":true,"href":"https:\/\/roz.si\/de\/wp-json\/wp\/v2\/tags?post=14499"}],"curies":[{"name":"wp","href":"https:\/\/api.w.org\/{rel}","templated":true}]}}