{"id":14511,"date":"2021-03-03T19:00:57","date_gmt":"2021-03-03T19:00:57","guid":{"rendered":"http:\/\/roz.si\/skupine-drustva\/"},"modified":"2021-04-30T18:39:43","modified_gmt":"2021-04-30T18:39:43","slug":"gruppen","status":"publish","type":"page","link":"https:\/\/roz.si\/de\/gruppen\/","title":{"rendered":"Gruppen"},"content":{"rendered":"<p>[vc_row][vc_column width=&#8220;1\/2&#8243;]<div class=\"mkdf-elements-holder    mkdf-one-column  mkdf-responsive-mode-768 \" ><div class=\"mkdf-eh-item    \"  data-item-class=\"mkdf-eh-custom-1317\">\n\t<div class=\"mkdf-eh-item-inner\">\n\t\t<div class=\"mkdf-eh-item-content mkdf-eh-custom-1317\" >\n\t\t\t<div class=\"mkdf-info-box-holder   mkdf-title-width-wide  mkdf-description-width-wide mkdf-button-skin-light mkdf-ib-appear mkdf-hidden-item \">\n\t<div class=\"mkdf-info-box-inner mkdf-info-box-custom-7729\"  data-item-class=\"mkdf-info-box-custom-7729\">\n\t\t<div class=\"mkdf-info-box-content\">\n\t\t\t\t\t\t\t<h3 class=\"mkdf-info-box-title\" style=\"color: #ffffff\">\n\t\t\t\t\tfrauenchor ro\u017e\t\t\t\t<\/h3>\n\t\t\t\t\t\t\t\t\t\t\t\t\t<p class=\"mkdf-info-box-description\" style=\"color: #ffffff\">\n\t\t\t\t\tfrauenchor\t\t\t\t<\/p>\n\t\t\t\t\t\t\t\t\t\t<div class=\"mkdf-info-box-button\" >\n\t\t\t\t\t<a itemprop=\"url\" href=\"http:\/\/roz.si\/de\/gruppen\/frauenchoir-roz\/\" target=\"_self\"  class=\"mkdf-btn mkdf-btn-medium mkdf-btn-outline mkdf-btn-animation\"  >\t\t\t<span class=\"mkdf-btn-lines\">\t\t\t<span class=\"mkdf-btn-line\" ><\/span>\t\t\t<span class=\"mkdf-btn-line\" ><\/span>\t\t\t<span class=\"mkdf-btn-line\" ><\/span>\t\t\t<span class=\"mkdf-btn-line\" ><\/span>\t\t<\/span>\t\t<span class=\"mkdf-btn-text\">Mehr<\/span>    <\/a>\t\t\t\t<\/div>\n\t\t\t\t\t<\/div>\n\t<\/div>\n\t\t\t<div class=\"mkdf-info-box-image\"  style=\"background-image: url(https:\/\/roz.si\/wp-content\/uploads\/2021\/02\/cover_zpz_roz.jpg)\"><\/div>\n\t\t\t<div class=\"mkdf-info-box-bgrnd\" style=\"background-color: #0a0a0a\"><\/div>\n\t<\/div>\t\t<\/div>\n\t<\/div>\n<\/div><\/div>[vc_empty_space][\/vc_column][vc_column width=&#8220;1\/2&#8243;]<div class=\"mkdf-elements-holder    mkdf-one-column  mkdf-responsive-mode-768 \" ><div class=\"mkdf-eh-item    \"  data-item-class=\"mkdf-eh-custom-5209\">\n\t<div class=\"mkdf-eh-item-inner\">\n\t\t<div class=\"mkdf-eh-item-content mkdf-eh-custom-5209\" >\n\t\t\t<div class=\"mkdf-info-box-holder   mkdf-title-width-wide  mkdf-description-width-wide mkdf-button-skin-light mkdf-ib-appear mkdf-hidden-item \">\n\t<div class=\"mkdf-info-box-inner mkdf-info-box-custom-5272\"  data-item-class=\"mkdf-info-box-custom-5272\">\n\t\t<div class=\"mkdf-info-box-content\">\n\t\t\t\t\t\t\t<h3 class=\"mkdf-info-box-title\" style=\"color: #ffffff\">\n\t\t\t\t\tpraprotnice\t\t\t\t<\/h3>\n\t\t\t\t\t\t\t\t\t\t\t\t\t<p class=\"mkdf-info-box-description\" style=\"color: #ffffff\">\n\t\t\t\t\tEnsemble\t\t\t\t<\/p>\n\t\t\t\t\t\t\t\t\t\t<div class=\"mkdf-info-box-button\" >\n\t\t\t\t\t<a itemprop=\"url\" href=\"http:\/\/roz.si\/de\/gruppen\/praprotnice\/\" target=\"_self\"  class=\"mkdf-btn mkdf-btn-medium mkdf-btn-outline mkdf-btn-animation\"  >\t\t\t<span class=\"mkdf-btn-lines\">\t\t\t<span class=\"mkdf-btn-line\" ><\/span>\t\t\t<span class=\"mkdf-btn-line\" ><\/span>\t\t\t<span class=\"mkdf-btn-line\" ><\/span>\t\t\t<span class=\"mkdf-btn-line\" ><\/span>\t\t<\/span>\t\t<span class=\"mkdf-btn-text\">Mehr<\/span>    <\/a>\t\t\t\t<\/div>\n\t\t\t\t\t<\/div>\n\t<\/div>\n\t\t\t<div class=\"mkdf-info-box-image\"  style=\"background-image: url(https:\/\/roz.si\/wp-content\/uploads\/2021\/02\/cover_praprotnice.jpg)\"><\/div>\n\t<\/div>\t\t<\/div>\n\t<\/div>\n<\/div><\/div>[vc_empty_space][\/vc_column][\/vc_row][vc_row][vc_column width=&#8220;1\/2&#8243;]<div class=\"mkdf-elements-holder    mkdf-one-column  mkdf-responsive-mode-768 \" ><div class=\"mkdf-eh-item    \"  data-item-class=\"mkdf-eh-custom-5319\">\n\t<div class=\"mkdf-eh-item-inner\">\n\t\t<div class=\"mkdf-eh-item-content mkdf-eh-custom-5319\" >\n\t\t\t<div class=\"mkdf-info-box-holder   mkdf-title-width-wide  mkdf-description-width-wide mkdf-button-skin-light mkdf-ib-appear mkdf-hidden-item \">\n\t<div class=\"mkdf-info-box-inner mkdf-info-box-custom-3932\"  data-item-class=\"mkdf-info-box-custom-3932\">\n\t\t<div class=\"mkdf-info-box-content\">\n\t\t\t\t\t\t\t<h3 class=\"mkdf-info-box-title\" style=\"color: #ffffff\">\n\t\t\t\t\tro\u017ece\t\t\t\t<\/h3>\n\t\t\t\t\t\t\t\t\t\t\t\t\t<p class=\"mkdf-info-box-description\" style=\"color: #ffffff\">\n\t\t\t\t\tKinderchor\t\t\t\t<\/p>\n\t\t\t\t\t\t\t\t\t\t<div class=\"mkdf-info-box-button\" >\n\t\t\t\t\t<a itemprop=\"url\" href=\"http:\/\/roz.si\/de\/gruppen\/rozce\/\" target=\"_self\"  class=\"mkdf-btn mkdf-btn-medium mkdf-btn-outline mkdf-btn-animation\"  >\t\t\t<span class=\"mkdf-btn-lines\">\t\t\t<span class=\"mkdf-btn-line\" ><\/span>\t\t\t<span class=\"mkdf-btn-line\" ><\/span>\t\t\t<span class=\"mkdf-btn-line\" ><\/span>\t\t\t<span class=\"mkdf-btn-line\" ><\/span>\t\t<\/span>\t\t<span class=\"mkdf-btn-text\">Mehr<\/span>    <\/a>\t\t\t\t<\/div>\n\t\t\t\t\t<\/div>\n\t<\/div>\n\t\t\t<div class=\"mkdf-info-box-image\"  style=\"background-image: url(https:\/\/roz.si\/wp-content\/uploads\/2021\/02\/cover_rozce.jpg)\"><\/div>\n\t<\/div>\t\t<\/div>\n\t<\/div>\n<\/div><\/div>[vc_empty_space][\/vc_column][vc_column width=&#8220;1\/2&#8243;]<div class=\"mkdf-elements-holder    mkdf-one-column  mkdf-responsive-mode-768 \" ><div class=\"mkdf-eh-item    \"  data-item-class=\"mkdf-eh-custom-9619\">\n\t<div class=\"mkdf-eh-item-inner\">\n\t\t<div class=\"mkdf-eh-item-content mkdf-eh-custom-9619\" >\n\t\t\t<div class=\"mkdf-info-box-holder   mkdf-title-width-wide  mkdf-description-width-wide mkdf-button-skin-light mkdf-ib-appear mkdf-hidden-item \">\n\t<div class=\"mkdf-info-box-inner mkdf-info-box-custom-8200\"  data-item-class=\"mkdf-info-box-custom-8200\">\n\t\t<div class=\"mkdf-info-box-content\">\n\t\t\t\t\t\t\t<h3 class=\"mkdf-info-box-title\" style=\"color: #ffffff\">\n\t\t\t\t\tteatr trotamora\t\t\t\t<\/h3>\n\t\t\t\t\t\t\t\t\t\t\t\t\t<p class=\"mkdf-info-box-description\" style=\"color: #ffffff\">\n\t\t\t\t\tTheatergruppe\t\t\t\t<\/p>\n\t\t\t\t\t\t\t\t\t\t<div class=\"mkdf-info-box-button\" >\n\t\t\t\t\t<a itemprop=\"url\" href=\"http:\/\/roz.si\/de\/gruppen\/teatr-trotamora\/\" target=\"_self\"  class=\"mkdf-btn mkdf-btn-medium mkdf-btn-outline mkdf-btn-animation\"  >\t\t\t<span class=\"mkdf-btn-lines\">\t\t\t<span class=\"mkdf-btn-line\" ><\/span>\t\t\t<span class=\"mkdf-btn-line\" ><\/span>\t\t\t<span class=\"mkdf-btn-line\" ><\/span>\t\t\t<span class=\"mkdf-btn-line\" ><\/span>\t\t<\/span>\t\t<span class=\"mkdf-btn-text\">Mehr<\/span>    <\/a>\t\t\t\t<\/div>\n\t\t\t\t\t<\/div>\n\t<\/div>\n\t\t\t<div class=\"mkdf-info-box-image\"  style=\"background-image: url(https:\/\/roz.si\/wp-content\/uploads\/2021\/02\/cover_trotamora2.jpg)\"><\/div>\n\t<\/div>\t\t<\/div>\n\t<\/div>\n<\/div><\/div>[vc_empty_space][\/vc_column][\/vc_row][vc_row][vc_column width=&#8220;1\/2&#8243;]<div class=\"mkdf-elements-holder    mkdf-one-column  mkdf-responsive-mode-768 \" ><div class=\"mkdf-eh-item    \"  data-item-class=\"mkdf-eh-custom-9293\">\n\t<div class=\"mkdf-eh-item-inner\">\n\t\t<div class=\"mkdf-eh-item-content mkdf-eh-custom-9293\" >\n\t\t\t<div class=\"mkdf-info-box-holder   mkdf-title-width-wide  mkdf-description-width-wide mkdf-button-skin-light mkdf-ib-appear mkdf-hidden-item \">\n\t<div class=\"mkdf-info-box-inner mkdf-info-box-custom-8682\"  data-item-class=\"mkdf-info-box-custom-8682\">\n\t\t<div class=\"mkdf-info-box-content\">\n\t\t\t\t\t\t\t<h3 class=\"mkdf-info-box-title\" style=\"color: #ffffff\">\n\t\t\t\t\tteatr zora\t\t\t\t<\/h3>\n\t\t\t\t\t\t\t\t\t\t\t\t\t<p class=\"mkdf-info-box-description\" style=\"color: #ffffff\">\n\t\t\t\t\tJugendtheater\t\t\t\t<\/p>\n\t\t\t\t\t\t\t\t\t\t<div class=\"mkdf-info-box-button\" >\n\t\t\t\t\t<a itemprop=\"url\" href=\"http:\/\/roz.si\/de\/gruppen\/teatr-zora\/\" target=\"_self\"  class=\"mkdf-btn mkdf-btn-medium mkdf-btn-outline mkdf-btn-animation\"  >\t\t\t<span class=\"mkdf-btn-lines\">\t\t\t<span class=\"mkdf-btn-line\" ><\/span>\t\t\t<span class=\"mkdf-btn-line\" ><\/span>\t\t\t<span class=\"mkdf-btn-line\" ><\/span>\t\t\t<span class=\"mkdf-btn-line\" ><\/span>\t\t<\/span>\t\t<span class=\"mkdf-btn-text\">Mehr<\/span>    <\/a>\t\t\t\t<\/div>\n\t\t\t\t\t<\/div>\n\t<\/div>\n\t\t\t<div class=\"mkdf-info-box-image\"  style=\"background-image: url(https:\/\/roz.si\/wp-content\/uploads\/2021\/04\/cover_zora2.jpg)\"><\/div>\n\t<\/div>\t\t<\/div>\n\t<\/div>\n<\/div><\/div>[\/vc_column][\/vc_row]<\/p>\n","protected":false},"excerpt":{"rendered":"<p>[vc_row][vc_column width=&#8220;1\/2&#8243;][vc_empty_space][\/vc_column][vc_column width=&#8220;1\/2&#8243;][vc_empty_space][\/vc_column][\/vc_row][vc_row][vc_column width=&#8220;1\/2&#8243;][vc_empty_space][\/vc_column][vc_column width=&#8220;1\/2&#8243;][vc_empty_space][\/vc_column][\/vc_row][vc_row][vc_column width=&#8220;1\/2&#8243;][\/vc_column][\/vc_row]<\/p>\n","protected":false},"author":1,"featured_media":0,"parent":0,"menu_order":2,"comment_status":"closed","ping_status":"closed","template":"","meta":{"_acf_changed":false,"footnotes":""},"categories":[],"tags":[],"class_list":["post-14511","page","type-page","status-publish","hentry"],"acf":[],"yoast_head":"<!-- This site is optimized with the Yoast SEO plugin v24.8.1 - https:\/\/yoast.com\/wordpress\/plugins\/seo\/ -->\n<title>Gruppen - RO\u017d - Slovensko prosvetno dru\u0161tvo<\/title>\n<meta name=\"robots\" content=\"index, follow, max-snippet:-1, max-image-preview:large, max-video-preview:-1\" \/>\n<link rel=\"canonical\" href=\"https:\/\/roz.si\/de\/gruppen\/\" \/>\n<meta property=\"og:locale\" content=\"de_DE\" \/>\n<meta property=\"og:type\" content=\"article\" \/>\n<meta property=\"og:title\" content=\"Gruppen - RO\u017d - Slovensko prosvetno dru\u0161tvo\" \/>\n<meta property=\"og:description\" content=\"[vc_row][vc_column width=&#8220;1\/2&#8243;][vc_empty_space][\/vc_column][vc_column width=&#8220;1\/2&#8243;][vc_empty_space][\/vc_column][\/vc_row][vc_row][vc_column width=&#8220;1\/2&#8243;][vc_empty_space][\/vc_column][vc_column width=&#8220;1\/2&#8243;][vc_empty_space][\/vc_column][\/vc_row][vc_row][vc_column width=&#8220;1\/2&#8243;][\/vc_column][\/vc_row]\" \/>\n<meta property=\"og:url\" content=\"https:\/\/roz.si\/de\/gruppen\/\" \/>\n<meta property=\"og:site_name\" content=\"RO\u017d - Slovensko prosvetno dru\u0161tvo\" \/>\n<meta property=\"article:modified_time\" content=\"2021-04-30T18:39:43+00:00\" \/>\n<meta name=\"twitter:card\" content=\"summary_large_image\" \/>\n<meta name=\"twitter:label1\" content=\"Gesch\u00e4tzte Lesezeit\" \/>\n\t<meta name=\"twitter:data1\" content=\"1\u00a0Minute\" \/>\n<script type=\"application\/ld+json\" class=\"yoast-schema-graph\">{\"@context\":\"https:\/\/schema.org\",\"@graph\":[{\"@type\":\"WebPage\",\"@id\":\"https:\/\/roz.si\/de\/gruppen\/\",\"url\":\"https:\/\/roz.si\/de\/gruppen\/\",\"name\":\"Gruppen - RO\u017d - Slovensko prosvetno dru\u0161tvo\",\"isPartOf\":{\"@id\":\"https:\/\/roz.si\/#website\"},\"datePublished\":\"2021-03-03T19:00:57+00:00\",\"dateModified\":\"2021-04-30T18:39:43+00:00\",\"breadcrumb\":{\"@id\":\"https:\/\/roz.si\/de\/gruppen\/#breadcrumb\"},\"inLanguage\":\"de\",\"potentialAction\":[{\"@type\":\"ReadAction\",\"target\":[\"https:\/\/roz.si\/de\/gruppen\/\"]}]},{\"@type\":\"BreadcrumbList\",\"@id\":\"https:\/\/roz.si\/de\/gruppen\/#breadcrumb\",\"itemListElement\":[{\"@type\":\"ListItem\",\"position\":1,\"name\":\"Home\",\"item\":\"https:\/\/roz.si\/de\/\"},{\"@type\":\"ListItem\",\"position\":2,\"name\":\"Gruppen\"}]},{\"@type\":\"WebSite\",\"@id\":\"https:\/\/roz.si\/#website\",\"url\":\"https:\/\/roz.si\/\",\"name\":\"RO\u017d - Slovensko prosvetno dru\u0161tvo\",\"description\":\"Slovensko prosvetno dru\u0161tvo Ro\u017e\",\"publisher\":{\"@id\":\"https:\/\/roz.si\/#organization\"},\"potentialAction\":[{\"@type\":\"SearchAction\",\"target\":{\"@type\":\"EntryPoint\",\"urlTemplate\":\"https:\/\/roz.si\/?s={search_term_string}\"},\"query-input\":{\"@type\":\"PropertyValueSpecification\",\"valueRequired\":true,\"valueName\":\"search_term_string\"}}],\"inLanguage\":\"de\"},{\"@type\":\"Organization\",\"@id\":\"https:\/\/roz.si\/#organization\",\"name\":\"RO\u017d - Slovensko prosvetno dru\u0161tvo\",\"url\":\"https:\/\/roz.si\/\",\"logo\":{\"@type\":\"ImageObject\",\"inLanguage\":\"de\",\"@id\":\"https:\/\/roz.si\/#\/schema\/logo\/image\/\",\"url\":\"https:\/\/roz.si\/wp-content\/uploads\/2022\/11\/ROZ_logo.ico\",\"contentUrl\":\"https:\/\/roz.si\/wp-content\/uploads\/2022\/11\/ROZ_logo.ico\",\"width\":199,\"height\":120,\"caption\":\"RO\u017d - Slovensko prosvetno dru\u0161tvo\"},\"image\":{\"@id\":\"https:\/\/roz.si\/#\/schema\/logo\/image\/\"}}]}<\/script>\n<!-- \/ Yoast SEO plugin. -->","yoast_head_json":{"title":"Gruppen - RO\u017d - Slovensko prosvetno dru\u0161tvo","robots":{"index":"index","follow":"follow","max-snippet":"max-snippet:-1","max-image-preview":"max-image-preview:large","max-video-preview":"max-video-preview:-1"},"canonical":"https:\/\/roz.si\/de\/gruppen\/","og_locale":"de_DE","og_type":"article","og_title":"Gruppen - RO\u017d - Slovensko prosvetno dru\u0161tvo","og_description":"[vc_row][vc_column width=&#8220;1\/2&#8243;][vc_empty_space][\/vc_column][vc_column width=&#8220;1\/2&#8243;][vc_empty_space][\/vc_column][\/vc_row][vc_row][vc_column width=&#8220;1\/2&#8243;][vc_empty_space][\/vc_column][vc_column width=&#8220;1\/2&#8243;][vc_empty_space][\/vc_column][\/vc_row][vc_row][vc_column width=&#8220;1\/2&#8243;][\/vc_column][\/vc_row]","og_url":"https:\/\/roz.si\/de\/gruppen\/","og_site_name":"RO\u017d - Slovensko prosvetno dru\u0161tvo","article_modified_time":"2021-04-30T18:39:43+00:00","twitter_card":"summary_large_image","twitter_misc":{"Gesch\u00e4tzte Lesezeit":"1\u00a0Minute"},"schema":{"@context":"https:\/\/schema.org","@graph":[{"@type":"WebPage","@id":"https:\/\/roz.si\/de\/gruppen\/","url":"https:\/\/roz.si\/de\/gruppen\/","name":"Gruppen - RO\u017d - Slovensko prosvetno dru\u0161tvo","isPartOf":{"@id":"https:\/\/roz.si\/#website"},"datePublished":"2021-03-03T19:00:57+00:00","dateModified":"2021-04-30T18:39:43+00:00","breadcrumb":{"@id":"https:\/\/roz.si\/de\/gruppen\/#breadcrumb"},"inLanguage":"de","potentialAction":[{"@type":"ReadAction","target":["https:\/\/roz.si\/de\/gruppen\/"]}]},{"@type":"BreadcrumbList","@id":"https:\/\/roz.si\/de\/gruppen\/#breadcrumb","itemListElement":[{"@type":"ListItem","position":1,"name":"Home","item":"https:\/\/roz.si\/de\/"},{"@type":"ListItem","position":2,"name":"Gruppen"}]},{"@type":"WebSite","@id":"https:\/\/roz.si\/#website","url":"https:\/\/roz.si\/","name":"RO\u017d - Slovensko prosvetno dru\u0161tvo","description":"Slovensko prosvetno dru\u0161tvo Ro\u017e","publisher":{"@id":"https:\/\/roz.si\/#organization"},"potentialAction":[{"@type":"SearchAction","target":{"@type":"EntryPoint","urlTemplate":"https:\/\/roz.si\/?s={search_term_string}"},"query-input":{"@type":"PropertyValueSpecification","valueRequired":true,"valueName":"search_term_string"}}],"inLanguage":"de"},{"@type":"Organization","@id":"https:\/\/roz.si\/#organization","name":"RO\u017d - Slovensko prosvetno dru\u0161tvo","url":"https:\/\/roz.si\/","logo":{"@type":"ImageObject","inLanguage":"de","@id":"https:\/\/roz.si\/#\/schema\/logo\/image\/","url":"https:\/\/roz.si\/wp-content\/uploads\/2022\/11\/ROZ_logo.ico","contentUrl":"https:\/\/roz.si\/wp-content\/uploads\/2022\/11\/ROZ_logo.ico","width":199,"height":120,"caption":"RO\u017d - Slovensko prosvetno dru\u0161tvo"},"image":{"@id":"https:\/\/roz.si\/#\/schema\/logo\/image\/"}}]}},"_links":{"self":[{"href":"https:\/\/roz.si\/de\/wp-json\/wp\/v2\/pages\/14511","targetHints":{"allow":["GET"]}}],"collection":[{"href":"https:\/\/roz.si\/de\/wp-json\/wp\/v2\/pages"}],"about":[{"href":"https:\/\/roz.si\/de\/wp-json\/wp\/v2\/types\/page"}],"author":[{"embeddable":true,"href":"https:\/\/roz.si\/de\/wp-json\/wp\/v2\/users\/1"}],"replies":[{"embeddable":true,"href":"https:\/\/roz.si\/de\/wp-json\/wp\/v2\/comments?post=14511"}],"version-history":[{"count":4,"href":"https:\/\/roz.si\/de\/wp-json\/wp\/v2\/pages\/14511\/revisions"}],"predecessor-version":[{"id":14581,"href":"https:\/\/roz.si\/de\/wp-json\/wp\/v2\/pages\/14511\/revisions\/14581"}],"wp:attachment":[{"href":"https:\/\/roz.si\/de\/wp-json\/wp\/v2\/media?parent=14511"}],"wp:term":[{"taxonomy":"category","embeddable":true,"href":"https:\/\/roz.si\/de\/wp-json\/wp\/v2\/categories?post=14511"},{"taxonomy":"post_tag","embeddable":true,"href":"https:\/\/roz.si\/de\/wp-json\/wp\/v2\/tags?post=14511"}],"curies":[{"name":"wp","href":"https:\/\/api.w.org\/{rel}","templated":true}]}}