{"id":14513,"date":"2021-03-03T18:09:12","date_gmt":"2021-03-03T18:09:12","guid":{"rendered":"http:\/\/roz.si\/skupine-drustva\/teatr-trotamora\/"},"modified":"2021-04-29T18:28:21","modified_gmt":"2021-04-29T18:28:21","slug":"teatr-trotamora","status":"publish","type":"page","link":"https:\/\/roz.si\/de\/gruppen\/teatr-trotamora\/","title":{"rendered":"teatr trotamora"},"content":{"rendered":"<p>[vc_row][vc_column][vc_column_text]<a href=\"#skupina\">Chronik<\/a>\u00a0 \u00a0 | \u00a0 \u00a0<a href=\"#predstave\">Produktionen<\/a>\u00a0 \u00a0 | \u00a0 \u00a0<a href=\"#kooperacije\">Kooperationen<\/a>[\/vc_column_text][vc_empty_space][\/vc_column][\/vc_row][vc_row el_class=&#8220;mkdf-single-show-main-content&#8220; css=&#8220;.vc_custom_1617132228128{padding-top: 30px !important;padding-bottom: 60px !important;}&#8220; el_id=&#8220;skupina&#8220;][vc_column width=&#8220;1\/4&#8243; el_class=&#8220;mkdf-single-show-side-content&#8220;]<div class=\"mkdf-elements-holder      mkdf-responsive-mode-768 \" ><div class=\"mkdf-eh-item    \"  data-item-class=\"mkdf-eh-custom-9002\">\n\t<div class=\"mkdf-eh-item-inner\">\n\t\t<div class=\"mkdf-eh-item-content mkdf-eh-custom-9002\" >\n\t\t\t[vc_single_image image=&#8220;14165&#8243; img_size=&#8220;full&#8220;][vc_empty_space][vc_column_text]<\/p>\n<h4>Leitung<\/h4>\n<p>[\/vc_column_text][vc_basic_grid post_type=&#8220;page&#8220; max_items=&#8220;1&#8243; element_width=&#8220;12&#8243; gap=&#8220;0&#8243; item=&#8220;6120&#8243; grid_id=&#8220;vc_gid:1619720539041-bf210c5c-32d7-7&#8243; taxonomies=&#8220;78&#8243;]\t\t<\/div>\n\t<\/div>\n<\/div><\/div>[\/vc_column][vc_column width=&#8220;3\/4&#8243; el_class=&#8220;mkdf-single-show-description&#8220;]<div class=\"mkdf-elements-holder      mkdf-responsive-mode-768 \" ><div class=\"mkdf-eh-item    \"  data-item-class=\"mkdf-eh-custom-8583\">\n\t<div class=\"mkdf-eh-item-inner\">\n\t\t<div class=\"mkdf-eh-item-content mkdf-eh-custom-8583\" >\n\t\t\t[vc_column_text]<\/p>\n<h3>Chronik<\/h3>\n<p>Die im Rahmen des Kulturvereins RO\u017d agierende Theatergruppe \u201eteatr trotamora\u201c, unter der Leitung des Regisseurs und Schauspielers Marjan \u0160tikar, besteht seit 1993.<\/p>\n<p>Das seit Jahren bew\u00e4hrte Team setzt sich aus professionellen K\u00fcnstlerInnen und AmateurInnen zusammen. Gespielt wird in wechselnder Besetzung, abh\u00e4ngig von den Bed\u00fcrfnissen der jeweiligen Produktion, w\u00e4hrend die Verantwortlichen f\u00fcr Regie, Musik, B\u00fchne, Kost\u00fcme etc. konstant bleiben.<\/p>\n<p>Je nach Anlass\/Thema\/Zielpublikum finden die Vorstellungen in slowenischer Sprache oder mehrsprachig statt. Schauspiel- und Musiktheater-Produktionen stehen ebenso auf dem Programm wie Kinder- und Jugendtheaterst\u00fccke, in denen Kinder und Jugendliche selbst als SchauspielerInnen auf der B\u00fchne stehen.[\/vc_column_text][vc_empty_space]<div class=\"mkdf-testimonials-holder clearfix mkdf-testimonials-standard \">\n    <div class=\"mkdf-testimonials mkdf-owl-slider\" data-number-of-items=\"1\" data-enable-loop=\"yes\" data-enable-autoplay=\"yes\" data-slider-speed=\"5000\" data-slider-speed-animation=\"600\" data-enable-navigation=\"yes\" data-enable-pagination=\"no\">\n\n    \n            <div class=\"mkdf-testimonial-content\" id=\"mkdf-testimonials-14146\">\n                <div class=\"mkdf-testimonial-text-holder\">\n\t                <span class=\"mkdf-tesstimonial-icon\">\u201c<\/span>\n                                            <p class=\"mkdf-testimonial-text\">Kdor vse tvega, v\u010dasih tudi izgubi. teatr trotamora je eden tistih strastnih snovalcev, ki vedno vse tvegajo.<\/p>\n                                                                <span class=\"mkdf-testimonial-author\">\n                            <span class=\"mkdf-testimonials-author-name\">H.Ogris<\/span>\n                             \/\n                                <span class=\"mkdf-testimonials-author-job\">ORF Celovec<\/span>\n                                                    <\/span>\n                                    <\/div>\n                            <\/div>\n\n    \n            <div class=\"mkdf-testimonial-content\" id=\"mkdf-testimonials-6678\">\n                <div class=\"mkdf-testimonial-text-holder\">\n\t                <span class=\"mkdf-tesstimonial-icon\">\u201c<\/span>\n                                            <p class=\"mkdf-testimonial-text\">\u0160tikar in njegovi iz skupine trotamora spet enkrat s pomo\u010djo svetovne dramatike potipajo v rak-rane tudi dana\u0161nje koro\u0161ke dru\u017ebe. <\/p>\n                                                                <span class=\"mkdf-testimonial-author\">\n                            <span class=\"mkdf-testimonials-author-name\">ORF<\/span>\n                                                    <\/span>\n                                    <\/div>\n                            <\/div>\n\n    \n            <div class=\"mkdf-testimonial-content\" id=\"mkdf-testimonials-6555\">\n                <div class=\"mkdf-testimonial-text-holder\">\n\t                <span class=\"mkdf-tesstimonial-icon\">\u201c<\/span>\n                                            <p class=\"mkdf-testimonial-text\">teatr trotamora uprizarja nenavadno ambiciozne, anga\u017eirane in uprizoritveno zahtevne predstave.<\/p>\n                                                                <span class=\"mkdf-testimonial-author\">\n                            <span class=\"mkdf-testimonials-author-name\">S.Pezdir<\/span>\n                             \/\n                                <span class=\"mkdf-testimonials-author-job\">Delo<\/span>\n                                                    <\/span>\n                                    <\/div>\n                            <\/div>\n\n    \n    <\/div>\n<\/div>[vc_empty_space]<div class=\"mkdf-image-gallery  mkdf-ig-masonry-type mkdf-medium-space  mkdf-image-behavior-lightbox\">\n\t<div class=\"mkdf-ig-inner mkdf-outer-space mkdf-ig-masonry mkdf-ig-two-columns\">\n\t\t<div class=\"mkdf-ig-grid-sizer\"><\/div>\n\t\t<div class=\"mkdf-ig-grid-gutter\"><\/div>\n\t\t\t\t\t\t\t\t<div class=\"mkdf-ig-image mkdf-item-space \">\n\t\t\t\t<div class=\"mkdf-ig-image-inner\">\n\t\t\t\t\t\t\t\t\t\t\t<a itemprop=\"image\" class=\"mkdf-ig-lightbox\" href=\"https:\/\/roz.si\/wp-content\/uploads\/2021\/03\/Rhinoce\u0301ros-1-1.jpg\" data-rel=\"prettyPhoto[image_gallery_pretty_photo-994]\" title=\"Rhinoce\u0301ros-1\">\n\t\t\t\t\t\t\t\t\t\t\t<img loading=\"lazy\" decoding=\"async\" width=\"800\" height=\"600\" src=\"https:\/\/roz.si\/wp-content\/uploads\/2021\/03\/Rhinoce\u0301ros-1-1.jpg\" class=\"attachment-full size-full\" alt=\"\" srcset=\"https:\/\/roz.si\/wp-content\/uploads\/2021\/03\/Rhinoce\u0301ros-1-1.jpg 800w, https:\/\/roz.si\/wp-content\/uploads\/2021\/03\/Rhinoce\u0301ros-1-1-300x225.jpg 300w, https:\/\/roz.si\/wp-content\/uploads\/2021\/03\/Rhinoce\u0301ros-1-1-768x576.jpg 768w\" sizes=\"auto, (max-width: 800px) 100vw, 800px\" \/>\t\t\t\t\t\t\t\t\t\t\t<\/a>\n\t\t\t\t\t\t\t\t\t<\/div>\n\t\t\t<\/div>\n\t\t\t\t\t\t\t\t<div class=\"mkdf-ig-image mkdf-item-space \">\n\t\t\t\t<div class=\"mkdf-ig-image-inner\">\n\t\t\t\t\t\t\t\t\t\t\t<a itemprop=\"image\" class=\"mkdf-ig-lightbox\" href=\"https:\/\/roz.si\/wp-content\/uploads\/2021\/03\/tshirt-c\u030ca\u0308ntsch-life.jpg\" data-rel=\"prettyPhoto[image_gallery_pretty_photo-994]\" title=\"tshirt-c\u030ca\u0308ntsch-life\">\n\t\t\t\t\t\t\t\t\t\t\t<img loading=\"lazy\" decoding=\"async\" width=\"1363\" height=\"600\" src=\"https:\/\/roz.si\/wp-content\/uploads\/2021\/03\/tshirt-c\u030ca\u0308ntsch-life.jpg\" class=\"attachment-full size-full\" alt=\"\" srcset=\"https:\/\/roz.si\/wp-content\/uploads\/2021\/03\/tshirt-c\u030ca\u0308ntsch-life.jpg 1363w, https:\/\/roz.si\/wp-content\/uploads\/2021\/03\/tshirt-c\u030ca\u0308ntsch-life-300x132.jpg 300w, https:\/\/roz.si\/wp-content\/uploads\/2021\/03\/tshirt-c\u030ca\u0308ntsch-life-1024x451.jpg 1024w, https:\/\/roz.si\/wp-content\/uploads\/2021\/03\/tshirt-c\u030ca\u0308ntsch-life-768x338.jpg 768w\" sizes=\"auto, (max-width: 1363px) 100vw, 1363px\" \/>\t\t\t\t\t\t\t\t\t\t\t<\/a>\n\t\t\t\t\t\t\t\t\t<\/div>\n\t\t\t<\/div>\n\t\t\t<\/div>\n<\/div>\t\t<\/div>\n\t<\/div>\n<\/div><\/div>[\/vc_column][\/vc_row][vc_row el_id=&#8220;predstave&#8220;][vc_column css=&#8220;.vc_custom_1614537207272{padding-top: 30px !important;padding-bottom: 90px !important;}&#8220;]<div class=\"mkdf-elements-holder    mkdf-one-column  mkdf-responsive-mode-768 \" ><div class=\"mkdf-eh-item    \"  data-item-class=\"mkdf-eh-custom-5443\">\n\t<div class=\"mkdf-eh-item-inner\">\n\t\t<div class=\"mkdf-eh-item-content mkdf-eh-custom-5443\" >\n\t\t\t[vc_column_text css=&#8220;.vc_custom_1619720777785{padding-bottom: 30px !important;}&#8220;]<\/p>\n<h3>Produktionen<\/h3>\n<p>[\/vc_column_text][vc_basic_grid post_type=&#8220;project&#8220; max_items=&#8220;-1&#8243; item=&#8220;5339&#8243; grid_id=&#8220;vc_gid:1619720539043-044e7982-c72a-7&#8243; taxonomies=&#8220;83&#8243;]\t\t<\/div>\n\t<\/div>\n<\/div><\/div>[\/vc_column][\/vc_row][vc_row el_id=&#8220;kooperacije&#8220;][vc_column]<div class=\"mkdf-elements-holder    mkdf-one-column  mkdf-responsive-mode-768 \" ><div class=\"mkdf-eh-item    \"  data-item-class=\"mkdf-eh-custom-6780\">\n\t<div class=\"mkdf-eh-item-inner\">\n\t\t<div class=\"mkdf-eh-item-content mkdf-eh-custom-6780\" >\n\t\t\t[vc_column_text css=&#8220;.vc_custom_1619720789658{padding-bottom: 30px !important;}&#8220;]<\/p>\n<h3>Kooperationen<\/h3>\n<p>[\/vc_column_text][vc_basic_grid post_type=&#8220;project&#8220; max_items=&#8220;-1&#8243; item=&#8220;5339&#8243; grid_id=&#8220;vc_gid:1619720539045-5e5faff1-7cb9-7&#8243; taxonomies=&#8220;75&#8243;]\t\t<\/div>\n\t<\/div>\n<\/div><\/div>[\/vc_column][\/vc_row]<\/p>\n","protected":false},"excerpt":{"rendered":"<p>[vc_row][vc_column][vc_column_text]Chronik\u00a0 \u00a0 | \u00a0 \u00a0Produktionen\u00a0 \u00a0 | \u00a0 \u00a0Kooperationen[\/vc_column_text][vc_empty_space][\/vc_column][\/vc_row][vc_row el_class=&#8220;mkdf-single-show-main-content&#8220; css=&#8220;.vc_custom_1617132228128{padding-top: 30px !important;padding-bottom: 60px !important;}&#8220; el_id=&#8220;skupina&#8220;][vc_column width=&#8220;1\/4&#8243; el_class=&#8220;mkdf-single-show-side-content&#8220;][\/vc_column][vc_column width=&#8220;3\/4&#8243; el_class=&#8220;mkdf-single-show-description&#8220;][\/vc_column][\/vc_row][vc_row el_id=&#8220;predstave&#8220;][vc_column css=&#8220;.vc_custom_1614537207272{padding-top: 30px !important;padding-bottom: 90px !important;}&#8220;][\/vc_column][\/vc_row][vc_row el_id=&#8220;kooperacije&#8220;][vc_column][\/vc_column][\/vc_row]<\/p>\n","protected":false},"author":1,"featured_media":6463,"parent":14511,"menu_order":0,"comment_status":"closed","ping_status":"closed","template":"","meta":{"_acf_changed":false,"footnotes":""},"categories":[],"tags":[],"class_list":["post-14513","page","type-page","status-publish","has-post-thumbnail","hentry"],"acf":[],"yoast_head":"<!-- This site is optimized with the Yoast SEO plugin v24.8.1 - https:\/\/yoast.com\/wordpress\/plugins\/seo\/ -->\n<title>teatr trotamora - RO\u017d - Slovensko prosvetno dru\u0161tvo<\/title>\n<meta name=\"robots\" content=\"index, follow, max-snippet:-1, max-image-preview:large, max-video-preview:-1\" \/>\n<link rel=\"canonical\" href=\"https:\/\/roz.si\/de\/gruppen\/teatr-trotamora\/\" \/>\n<meta property=\"og:locale\" content=\"de_DE\" \/>\n<meta property=\"og:type\" content=\"article\" \/>\n<meta property=\"og:title\" content=\"teatr trotamora - RO\u017d - Slovensko prosvetno dru\u0161tvo\" \/>\n<meta property=\"og:description\" content=\"[vc_row][vc_column][vc_column_text]Chronik\u00a0 \u00a0 | \u00a0 \u00a0Produktionen\u00a0 \u00a0 | \u00a0 \u00a0Kooperationen[\/vc_column_text][vc_empty_space][\/vc_column][\/vc_row][vc_row el_class=&#8220;mkdf-single-show-main-content&#8220; css=&#8220;.vc_custom_1617132228128{padding-top: 30px !important;padding-bottom: 60px !important;}&#8220; el_id=&#8220;skupina&#8220;][vc_column width=&#8220;1\/4&#8243; el_class=&#8220;mkdf-single-show-side-content&#8220;][\/vc_column][vc_column width=&#8220;3\/4&#8243; el_class=&#8220;mkdf-single-show-description&#8220;][\/vc_column][\/vc_row][vc_row el_id=&#8220;predstave&#8220;][vc_column css=&#8220;.vc_custom_1614537207272{padding-top: 30px !important;padding-bottom: 90px !important;}&#8220;][\/vc_column][\/vc_row][vc_row el_id=&#8220;kooperacije&#8220;][vc_column][\/vc_column][\/vc_row]\" \/>\n<meta property=\"og:url\" content=\"https:\/\/roz.si\/de\/gruppen\/teatr-trotamora\/\" \/>\n<meta property=\"og:site_name\" content=\"RO\u017d - Slovensko prosvetno dru\u0161tvo\" \/>\n<meta property=\"article:modified_time\" content=\"2021-04-29T18:28:21+00:00\" \/>\n<meta property=\"og:image\" content=\"https:\/\/roz.si\/wp-content\/uploads\/2021\/02\/cover_trotamora2.jpg\" \/>\n\t<meta property=\"og:image:width\" content=\"1200\" \/>\n\t<meta property=\"og:image:height\" content=\"650\" \/>\n\t<meta property=\"og:image:type\" content=\"image\/jpeg\" \/>\n<meta name=\"twitter:card\" content=\"summary_large_image\" \/>\n<meta name=\"twitter:label1\" content=\"Gesch\u00e4tzte Lesezeit\" \/>\n\t<meta name=\"twitter:data1\" content=\"1\u00a0Minute\" \/>\n<script type=\"application\/ld+json\" class=\"yoast-schema-graph\">{\"@context\":\"https:\/\/schema.org\",\"@graph\":[{\"@type\":\"WebPage\",\"@id\":\"https:\/\/roz.si\/de\/gruppen\/teatr-trotamora\/\",\"url\":\"https:\/\/roz.si\/de\/gruppen\/teatr-trotamora\/\",\"name\":\"teatr trotamora - RO\u017d - Slovensko prosvetno dru\u0161tvo\",\"isPartOf\":{\"@id\":\"https:\/\/roz.si\/#website\"},\"primaryImageOfPage\":{\"@id\":\"https:\/\/roz.si\/de\/gruppen\/teatr-trotamora\/#primaryimage\"},\"image\":{\"@id\":\"https:\/\/roz.si\/de\/gruppen\/teatr-trotamora\/#primaryimage\"},\"thumbnailUrl\":\"https:\/\/roz.si\/wp-content\/uploads\/2021\/02\/cover_trotamora2.jpg\",\"datePublished\":\"2021-03-03T18:09:12+00:00\",\"dateModified\":\"2021-04-29T18:28:21+00:00\",\"breadcrumb\":{\"@id\":\"https:\/\/roz.si\/de\/gruppen\/teatr-trotamora\/#breadcrumb\"},\"inLanguage\":\"de\",\"potentialAction\":[{\"@type\":\"ReadAction\",\"target\":[\"https:\/\/roz.si\/de\/gruppen\/teatr-trotamora\/\"]}]},{\"@type\":\"ImageObject\",\"inLanguage\":\"de\",\"@id\":\"https:\/\/roz.si\/de\/gruppen\/teatr-trotamora\/#primaryimage\",\"url\":\"https:\/\/roz.si\/wp-content\/uploads\/2021\/02\/cover_trotamora2.jpg\",\"contentUrl\":\"https:\/\/roz.si\/wp-content\/uploads\/2021\/02\/cover_trotamora2.jpg\",\"width\":1200,\"height\":650},{\"@type\":\"BreadcrumbList\",\"@id\":\"https:\/\/roz.si\/de\/gruppen\/teatr-trotamora\/#breadcrumb\",\"itemListElement\":[{\"@type\":\"ListItem\",\"position\":1,\"name\":\"Home\",\"item\":\"https:\/\/roz.si\/de\/\"},{\"@type\":\"ListItem\",\"position\":2,\"name\":\"Gruppen\",\"item\":\"https:\/\/roz.si\/de\/gruppen\/\"},{\"@type\":\"ListItem\",\"position\":3,\"name\":\"teatr trotamora\"}]},{\"@type\":\"WebSite\",\"@id\":\"https:\/\/roz.si\/#website\",\"url\":\"https:\/\/roz.si\/\",\"name\":\"RO\u017d - Slovensko prosvetno dru\u0161tvo\",\"description\":\"Slovensko prosvetno dru\u0161tvo Ro\u017e\",\"publisher\":{\"@id\":\"https:\/\/roz.si\/#organization\"},\"potentialAction\":[{\"@type\":\"SearchAction\",\"target\":{\"@type\":\"EntryPoint\",\"urlTemplate\":\"https:\/\/roz.si\/?s={search_term_string}\"},\"query-input\":{\"@type\":\"PropertyValueSpecification\",\"valueRequired\":true,\"valueName\":\"search_term_string\"}}],\"inLanguage\":\"de\"},{\"@type\":\"Organization\",\"@id\":\"https:\/\/roz.si\/#organization\",\"name\":\"RO\u017d - Slovensko prosvetno dru\u0161tvo\",\"url\":\"https:\/\/roz.si\/\",\"logo\":{\"@type\":\"ImageObject\",\"inLanguage\":\"de\",\"@id\":\"https:\/\/roz.si\/#\/schema\/logo\/image\/\",\"url\":\"https:\/\/roz.si\/wp-content\/uploads\/2022\/11\/ROZ_logo.ico\",\"contentUrl\":\"https:\/\/roz.si\/wp-content\/uploads\/2022\/11\/ROZ_logo.ico\",\"width\":199,\"height\":120,\"caption\":\"RO\u017d - Slovensko prosvetno dru\u0161tvo\"},\"image\":{\"@id\":\"https:\/\/roz.si\/#\/schema\/logo\/image\/\"}}]}<\/script>\n<!-- \/ Yoast SEO plugin. -->","yoast_head_json":{"title":"teatr trotamora - RO\u017d - Slovensko prosvetno dru\u0161tvo","robots":{"index":"index","follow":"follow","max-snippet":"max-snippet:-1","max-image-preview":"max-image-preview:large","max-video-preview":"max-video-preview:-1"},"canonical":"https:\/\/roz.si\/de\/gruppen\/teatr-trotamora\/","og_locale":"de_DE","og_type":"article","og_title":"teatr trotamora - RO\u017d - Slovensko prosvetno dru\u0161tvo","og_description":"[vc_row][vc_column][vc_column_text]Chronik\u00a0 \u00a0 | \u00a0 \u00a0Produktionen\u00a0 \u00a0 | \u00a0 \u00a0Kooperationen[\/vc_column_text][vc_empty_space][\/vc_column][\/vc_row][vc_row el_class=&#8220;mkdf-single-show-main-content&#8220; css=&#8220;.vc_custom_1617132228128{padding-top: 30px !important;padding-bottom: 60px !important;}&#8220; el_id=&#8220;skupina&#8220;][vc_column width=&#8220;1\/4&#8243; el_class=&#8220;mkdf-single-show-side-content&#8220;][\/vc_column][vc_column width=&#8220;3\/4&#8243; el_class=&#8220;mkdf-single-show-description&#8220;][\/vc_column][\/vc_row][vc_row el_id=&#8220;predstave&#8220;][vc_column css=&#8220;.vc_custom_1614537207272{padding-top: 30px !important;padding-bottom: 90px !important;}&#8220;][\/vc_column][\/vc_row][vc_row el_id=&#8220;kooperacije&#8220;][vc_column][\/vc_column][\/vc_row]","og_url":"https:\/\/roz.si\/de\/gruppen\/teatr-trotamora\/","og_site_name":"RO\u017d - Slovensko prosvetno dru\u0161tvo","article_modified_time":"2021-04-29T18:28:21+00:00","og_image":[{"width":1200,"height":650,"url":"https:\/\/roz.si\/wp-content\/uploads\/2021\/02\/cover_trotamora2.jpg","type":"image\/jpeg"}],"twitter_card":"summary_large_image","twitter_misc":{"Gesch\u00e4tzte Lesezeit":"1\u00a0Minute"},"schema":{"@context":"https:\/\/schema.org","@graph":[{"@type":"WebPage","@id":"https:\/\/roz.si\/de\/gruppen\/teatr-trotamora\/","url":"https:\/\/roz.si\/de\/gruppen\/teatr-trotamora\/","name":"teatr trotamora - RO\u017d - Slovensko prosvetno dru\u0161tvo","isPartOf":{"@id":"https:\/\/roz.si\/#website"},"primaryImageOfPage":{"@id":"https:\/\/roz.si\/de\/gruppen\/teatr-trotamora\/#primaryimage"},"image":{"@id":"https:\/\/roz.si\/de\/gruppen\/teatr-trotamora\/#primaryimage"},"thumbnailUrl":"https:\/\/roz.si\/wp-content\/uploads\/2021\/02\/cover_trotamora2.jpg","datePublished":"2021-03-03T18:09:12+00:00","dateModified":"2021-04-29T18:28:21+00:00","breadcrumb":{"@id":"https:\/\/roz.si\/de\/gruppen\/teatr-trotamora\/#breadcrumb"},"inLanguage":"de","potentialAction":[{"@type":"ReadAction","target":["https:\/\/roz.si\/de\/gruppen\/teatr-trotamora\/"]}]},{"@type":"ImageObject","inLanguage":"de","@id":"https:\/\/roz.si\/de\/gruppen\/teatr-trotamora\/#primaryimage","url":"https:\/\/roz.si\/wp-content\/uploads\/2021\/02\/cover_trotamora2.jpg","contentUrl":"https:\/\/roz.si\/wp-content\/uploads\/2021\/02\/cover_trotamora2.jpg","width":1200,"height":650},{"@type":"BreadcrumbList","@id":"https:\/\/roz.si\/de\/gruppen\/teatr-trotamora\/#breadcrumb","itemListElement":[{"@type":"ListItem","position":1,"name":"Home","item":"https:\/\/roz.si\/de\/"},{"@type":"ListItem","position":2,"name":"Gruppen","item":"https:\/\/roz.si\/de\/gruppen\/"},{"@type":"ListItem","position":3,"name":"teatr trotamora"}]},{"@type":"WebSite","@id":"https:\/\/roz.si\/#website","url":"https:\/\/roz.si\/","name":"RO\u017d - Slovensko prosvetno dru\u0161tvo","description":"Slovensko prosvetno dru\u0161tvo Ro\u017e","publisher":{"@id":"https:\/\/roz.si\/#organization"},"potentialAction":[{"@type":"SearchAction","target":{"@type":"EntryPoint","urlTemplate":"https:\/\/roz.si\/?s={search_term_string}"},"query-input":{"@type":"PropertyValueSpecification","valueRequired":true,"valueName":"search_term_string"}}],"inLanguage":"de"},{"@type":"Organization","@id":"https:\/\/roz.si\/#organization","name":"RO\u017d - Slovensko prosvetno dru\u0161tvo","url":"https:\/\/roz.si\/","logo":{"@type":"ImageObject","inLanguage":"de","@id":"https:\/\/roz.si\/#\/schema\/logo\/image\/","url":"https:\/\/roz.si\/wp-content\/uploads\/2022\/11\/ROZ_logo.ico","contentUrl":"https:\/\/roz.si\/wp-content\/uploads\/2022\/11\/ROZ_logo.ico","width":199,"height":120,"caption":"RO\u017d - Slovensko prosvetno dru\u0161tvo"},"image":{"@id":"https:\/\/roz.si\/#\/schema\/logo\/image\/"}}]}},"_links":{"self":[{"href":"https:\/\/roz.si\/de\/wp-json\/wp\/v2\/pages\/14513","targetHints":{"allow":["GET"]}}],"collection":[{"href":"https:\/\/roz.si\/de\/wp-json\/wp\/v2\/pages"}],"about":[{"href":"https:\/\/roz.si\/de\/wp-json\/wp\/v2\/types\/page"}],"author":[{"embeddable":true,"href":"https:\/\/roz.si\/de\/wp-json\/wp\/v2\/users\/1"}],"replies":[{"embeddable":true,"href":"https:\/\/roz.si\/de\/wp-json\/wp\/v2\/comments?post=14513"}],"version-history":[{"count":4,"href":"https:\/\/roz.si\/de\/wp-json\/wp\/v2\/pages\/14513\/revisions"}],"predecessor-version":[{"id":14530,"href":"https:\/\/roz.si\/de\/wp-json\/wp\/v2\/pages\/14513\/revisions\/14530"}],"up":[{"embeddable":true,"href":"https:\/\/roz.si\/de\/wp-json\/wp\/v2\/pages\/14511"}],"wp:featuredmedia":[{"embeddable":true,"href":"https:\/\/roz.si\/de\/wp-json\/wp\/v2\/media\/6463"}],"wp:attachment":[{"href":"https:\/\/roz.si\/de\/wp-json\/wp\/v2\/media?parent=14513"}],"wp:term":[{"taxonomy":"category","embeddable":true,"href":"https:\/\/roz.si\/de\/wp-json\/wp\/v2\/categories?post=14513"},{"taxonomy":"post_tag","embeddable":true,"href":"https:\/\/roz.si\/de\/wp-json\/wp\/v2\/tags?post=14513"}],"curies":[{"name":"wp","href":"https:\/\/api.w.org\/{rel}","templated":true}]}}