{"id":14515,"date":"2021-03-21T09:26:53","date_gmt":"2021-03-21T09:26:53","guid":{"rendered":"http:\/\/roz.si\/skupine-drustva\/teatr-zora\/"},"modified":"2021-04-30T18:51:47","modified_gmt":"2021-04-30T18:51:47","slug":"teatr-zora","status":"publish","type":"page","link":"https:\/\/roz.si\/de\/gruppen\/teatr-zora\/","title":{"rendered":"teatr zora"},"content":{"rendered":"<p>[vc_row][vc_column][vc_column_text]<a href=\"#skupina\">Chronik<\/a>\u00a0 \u00a0 | \u00a0 \u00a0<a href=\"#predstave\">Produktionen<\/a>\u00a0 \u00a0 | \u00a0 \u00a0<a href=\"#kooperacije\">Kooperationen<\/a>[\/vc_column_text][vc_empty_space][\/vc_column][\/vc_row][vc_row el_class=&#8220;mkdf-single-show-main-content&#8220; css=&#8220;.vc_custom_1617132162866{padding-top: 30px !important;padding-bottom: 60px !important;}&#8220; el_id=&#8220;skupina&#8220;][vc_column width=&#8220;1\/4&#8243; el_class=&#8220;mkdf-single-show-side-content&#8220;]<div class=\"mkdf-elements-holder      mkdf-responsive-mode-768 \" ><div class=\"mkdf-eh-item    \"  data-item-class=\"mkdf-eh-custom-6565\">\n\t<div class=\"mkdf-eh-item-inner\">\n\t\t<div class=\"mkdf-eh-item-content mkdf-eh-custom-6565\" >\n\t\t\t[vc_single_image image=&#8220;14163&#8243; img_size=&#8220;full&#8220;][vc_empty_space][vc_column_text]<\/p>\n<h4>Vodja<\/h4>\n<p>[\/vc_column_text][vc_basic_grid post_type=&#8220;page&#8220; max_items=&#8220;1&#8243; element_width=&#8220;12&#8243; gap=&#8220;0&#8243; item=&#8220;6120&#8243; grid_id=&#8220;vc_gid:1619720546974-1d9a0729-d4a0-2&#8243; taxonomies=&#8220;78&#8243;]\t\t<\/div>\n\t<\/div>\n<\/div><\/div>[\/vc_column][vc_column width=&#8220;3\/4&#8243; el_class=&#8220;mkdf-single-show-description&#8220;]<div class=\"mkdf-elements-holder      mkdf-responsive-mode-768 \" ><div class=\"mkdf-eh-item    \"  data-item-class=\"mkdf-eh-custom-9974\">\n\t<div class=\"mkdf-eh-item-inner\">\n\t\t<div class=\"mkdf-eh-item-content mkdf-eh-custom-9974\" >\n\t\t\t[vc_column_text]<\/p>\n<h3>Chronik<\/h3>\n<p>Nach vereinzelten Auff\u00fchrungen wurde\u00a0um die Jahrtausendwende die Regisseurin<b>\u00a0Alenka Hain<\/b>\u00a0beauftragt mit Kindern und Jugendlichen Theaterst\u00fccke zu erarbeiten. Sie inszenierte zwei St\u00fccke.<\/p>\n<p>Im\u00a0Jahr 2005\u00a0wurde die Kinder- und Jugendtheatergruppe\u00a0<b>zora<\/b>\u00a0(Morgenr\u00f6te) in der jetzigen Form gegr\u00fcndet. Es ist dies eine Gruppe von Kindern im Alter von ca. 6 bis 16 Jahren. Sie kommen vorwiegend aus der Gemeinde St. Jakob, aber auch aus der n\u00e4heren und weiteren Umgebung.<\/p>\n<p><b>Marjan \u0160tikar<\/b>\u00a0als Regisseur und Mentor erarbeitet seither mit\u00a0dieser jungen Gruppe\u00a0altersgerechte Theaterst\u00fccke in slowenischer Sprache. Die Kinder und Jugendlichen bekommen so die wertvolle Gelegenheit, sich auf spielerische Art sowohl sprachliche als auch soziale Kompetenz anzueignen. F\u00fcr Zuseher, die des Slowenischen nicht m\u00e4chtig sind, werden zusammenfassende Inhaltsangaben in deutscher Sprache in das jeweilige St\u00fcck integriert.<\/p>\n<p>Schulklassen wird angeboten, die Auff\u00fchrungen im Rahmen ihrer Unterrichtszeit zu besuchen. Diese M\u00f6glichkeit wird von Sch\u00fclern und Lehrern der Umgebung sehr gerne gen\u00fctzt.[\/vc_column_text]\t\t<\/div>\n\t<\/div>\n<\/div><\/div>[\/vc_column][\/vc_row][vc_row el_id=&#8220;predstave&#8220;][vc_column css=&#8220;.vc_custom_1614537207272{padding-top: 30px !important;padding-bottom: 90px !important;}&#8220;]<div class=\"mkdf-elements-holder    mkdf-one-column  mkdf-responsive-mode-768 \" ><div class=\"mkdf-eh-item    \"  data-item-class=\"mkdf-eh-custom-8519\">\n\t<div class=\"mkdf-eh-item-inner\">\n\t\t<div class=\"mkdf-eh-item-content mkdf-eh-custom-8519\" >\n\t\t\t[vc_column_text css=&#8220;.vc_custom_1619721123832{padding-bottom: 30px !important;}&#8220;]<\/p>\n<h3>Produktionen<\/h3>\n<p>[\/vc_column_text][vc_basic_grid post_type=&#8220;project&#8220; max_items=&#8220;-1&#8243; item=&#8220;5339&#8243; grid_id=&#8220;vc_gid:1619720546976-9ae5bf89-8809-5&#8243; taxonomies=&#8220;85&#8243;]\t\t<\/div>\n\t<\/div>\n<\/div><\/div>[\/vc_column][\/vc_row][vc_row el_id=&#8220;kooperacije&#8220;][vc_column css=&#8220;.vc_custom_1614537207272{padding-top: 30px !important;padding-bottom: 90px !important;}&#8220;]<div class=\"mkdf-elements-holder    mkdf-one-column  mkdf-responsive-mode-768 \" ><div class=\"mkdf-eh-item    \"  data-item-class=\"mkdf-eh-custom-4669\">\n\t<div class=\"mkdf-eh-item-inner\">\n\t\t<div class=\"mkdf-eh-item-content mkdf-eh-custom-4669\" >\n\t\t\t[vc_column_text css=&#8220;.vc_custom_1619721129932{padding-bottom: 30px !important;}&#8220;]<\/p>\n<h3>Kooperationen<\/h3>\n<p>[\/vc_column_text][vc_basic_grid post_type=&#8220;project&#8220; max_items=&#8220;-1&#8243; item=&#8220;5339&#8243; grid_id=&#8220;vc_gid:1619720546977-dce87f0f-f21a-5&#8243; taxonomies=&#8220;76&#8243;]\t\t<\/div>\n\t<\/div>\n<\/div><\/div>[\/vc_column][\/vc_row]<\/p>\n","protected":false},"excerpt":{"rendered":"<p>[vc_row][vc_column][vc_column_text]Chronik\u00a0 \u00a0 | \u00a0 \u00a0Produktionen\u00a0 \u00a0 | \u00a0 \u00a0Kooperationen[\/vc_column_text][vc_empty_space][\/vc_column][\/vc_row][vc_row el_class=&#8220;mkdf-single-show-main-content&#8220; css=&#8220;.vc_custom_1617132162866{padding-top: 30px !important;padding-bottom: 60px !important;}&#8220; el_id=&#8220;skupina&#8220;][vc_column width=&#8220;1\/4&#8243; el_class=&#8220;mkdf-single-show-side-content&#8220;][\/vc_column][vc_column width=&#8220;3\/4&#8243; el_class=&#8220;mkdf-single-show-description&#8220;][\/vc_column][\/vc_row][vc_row el_id=&#8220;predstave&#8220;][vc_column css=&#8220;.vc_custom_1614537207272{padding-top: 30px !important;padding-bottom: 90px !important;}&#8220;][\/vc_column][\/vc_row][vc_row el_id=&#8220;kooperacije&#8220;][vc_column css=&#8220;.vc_custom_1614537207272{padding-top: 30px !important;padding-bottom: 90px !important;}&#8220;][\/vc_column][\/vc_row]<\/p>\n","protected":false},"author":1,"featured_media":14193,"parent":14511,"menu_order":2,"comment_status":"closed","ping_status":"closed","template":"","meta":{"_acf_changed":false,"footnotes":""},"categories":[],"tags":[],"class_list":["post-14515","page","type-page","status-publish","has-post-thumbnail","hentry"],"acf":[],"yoast_head":"<!-- This site is optimized with the Yoast SEO plugin v24.8.1 - https:\/\/yoast.com\/wordpress\/plugins\/seo\/ -->\n<title>teatr zora - RO\u017d - Slovensko prosvetno dru\u0161tvo<\/title>\n<meta name=\"robots\" content=\"index, follow, max-snippet:-1, max-image-preview:large, max-video-preview:-1\" \/>\n<link rel=\"canonical\" href=\"https:\/\/roz.si\/de\/gruppen\/teatr-zora\/\" \/>\n<meta property=\"og:locale\" content=\"de_DE\" \/>\n<meta property=\"og:type\" content=\"article\" \/>\n<meta property=\"og:title\" content=\"teatr zora - RO\u017d - Slovensko prosvetno dru\u0161tvo\" \/>\n<meta property=\"og:description\" content=\"[vc_row][vc_column][vc_column_text]Chronik\u00a0 \u00a0 | \u00a0 \u00a0Produktionen\u00a0 \u00a0 | \u00a0 \u00a0Kooperationen[\/vc_column_text][vc_empty_space][\/vc_column][\/vc_row][vc_row el_class=&#8220;mkdf-single-show-main-content&#8220; css=&#8220;.vc_custom_1617132162866{padding-top: 30px !important;padding-bottom: 60px !important;}&#8220; el_id=&#8220;skupina&#8220;][vc_column width=&#8220;1\/4&#8243; el_class=&#8220;mkdf-single-show-side-content&#8220;][\/vc_column][vc_column width=&#8220;3\/4&#8243; el_class=&#8220;mkdf-single-show-description&#8220;][\/vc_column][\/vc_row][vc_row el_id=&#8220;predstave&#8220;][vc_column css=&#8220;.vc_custom_1614537207272{padding-top: 30px !important;padding-bottom: 90px !important;}&#8220;][\/vc_column][\/vc_row][vc_row el_id=&#8220;kooperacije&#8220;][vc_column css=&#8220;.vc_custom_1614537207272{padding-top: 30px !important;padding-bottom: 90px !important;}&#8220;][\/vc_column][\/vc_row]\" \/>\n<meta property=\"og:url\" content=\"https:\/\/roz.si\/de\/gruppen\/teatr-zora\/\" \/>\n<meta property=\"og:site_name\" content=\"RO\u017d - Slovensko prosvetno dru\u0161tvo\" \/>\n<meta property=\"article:modified_time\" content=\"2021-04-30T18:51:47+00:00\" \/>\n<meta property=\"og:image\" content=\"https:\/\/roz.si\/wp-content\/uploads\/2021\/04\/cover_zora3.jpg\" \/>\n\t<meta property=\"og:image:width\" content=\"1200\" \/>\n\t<meta property=\"og:image:height\" content=\"650\" \/>\n\t<meta property=\"og:image:type\" content=\"image\/jpeg\" \/>\n<meta name=\"twitter:card\" content=\"summary_large_image\" \/>\n<meta name=\"twitter:label1\" content=\"Gesch\u00e4tzte Lesezeit\" \/>\n\t<meta name=\"twitter:data1\" content=\"2\u00a0Minuten\" \/>\n<script type=\"application\/ld+json\" class=\"yoast-schema-graph\">{\"@context\":\"https:\/\/schema.org\",\"@graph\":[{\"@type\":\"WebPage\",\"@id\":\"https:\/\/roz.si\/de\/gruppen\/teatr-zora\/\",\"url\":\"https:\/\/roz.si\/de\/gruppen\/teatr-zora\/\",\"name\":\"teatr zora - RO\u017d - Slovensko prosvetno dru\u0161tvo\",\"isPartOf\":{\"@id\":\"https:\/\/roz.si\/#website\"},\"primaryImageOfPage\":{\"@id\":\"https:\/\/roz.si\/de\/gruppen\/teatr-zora\/#primaryimage\"},\"image\":{\"@id\":\"https:\/\/roz.si\/de\/gruppen\/teatr-zora\/#primaryimage\"},\"thumbnailUrl\":\"https:\/\/roz.si\/wp-content\/uploads\/2021\/04\/cover_zora3.jpg\",\"datePublished\":\"2021-03-21T09:26:53+00:00\",\"dateModified\":\"2021-04-30T18:51:47+00:00\",\"breadcrumb\":{\"@id\":\"https:\/\/roz.si\/de\/gruppen\/teatr-zora\/#breadcrumb\"},\"inLanguage\":\"de\",\"potentialAction\":[{\"@type\":\"ReadAction\",\"target\":[\"https:\/\/roz.si\/de\/gruppen\/teatr-zora\/\"]}]},{\"@type\":\"ImageObject\",\"inLanguage\":\"de\",\"@id\":\"https:\/\/roz.si\/de\/gruppen\/teatr-zora\/#primaryimage\",\"url\":\"https:\/\/roz.si\/wp-content\/uploads\/2021\/04\/cover_zora3.jpg\",\"contentUrl\":\"https:\/\/roz.si\/wp-content\/uploads\/2021\/04\/cover_zora3.jpg\",\"width\":1200,\"height\":650},{\"@type\":\"BreadcrumbList\",\"@id\":\"https:\/\/roz.si\/de\/gruppen\/teatr-zora\/#breadcrumb\",\"itemListElement\":[{\"@type\":\"ListItem\",\"position\":1,\"name\":\"Home\",\"item\":\"https:\/\/roz.si\/de\/\"},{\"@type\":\"ListItem\",\"position\":2,\"name\":\"Gruppen\",\"item\":\"https:\/\/roz.si\/de\/gruppen\/\"},{\"@type\":\"ListItem\",\"position\":3,\"name\":\"teatr zora\"}]},{\"@type\":\"WebSite\",\"@id\":\"https:\/\/roz.si\/#website\",\"url\":\"https:\/\/roz.si\/\",\"name\":\"RO\u017d - Slovensko prosvetno dru\u0161tvo\",\"description\":\"Slovensko prosvetno dru\u0161tvo Ro\u017e\",\"publisher\":{\"@id\":\"https:\/\/roz.si\/#organization\"},\"potentialAction\":[{\"@type\":\"SearchAction\",\"target\":{\"@type\":\"EntryPoint\",\"urlTemplate\":\"https:\/\/roz.si\/?s={search_term_string}\"},\"query-input\":{\"@type\":\"PropertyValueSpecification\",\"valueRequired\":true,\"valueName\":\"search_term_string\"}}],\"inLanguage\":\"de\"},{\"@type\":\"Organization\",\"@id\":\"https:\/\/roz.si\/#organization\",\"name\":\"RO\u017d - Slovensko prosvetno dru\u0161tvo\",\"url\":\"https:\/\/roz.si\/\",\"logo\":{\"@type\":\"ImageObject\",\"inLanguage\":\"de\",\"@id\":\"https:\/\/roz.si\/#\/schema\/logo\/image\/\",\"url\":\"https:\/\/roz.si\/wp-content\/uploads\/2022\/11\/ROZ_logo.ico\",\"contentUrl\":\"https:\/\/roz.si\/wp-content\/uploads\/2022\/11\/ROZ_logo.ico\",\"width\":199,\"height\":120,\"caption\":\"RO\u017d - Slovensko prosvetno dru\u0161tvo\"},\"image\":{\"@id\":\"https:\/\/roz.si\/#\/schema\/logo\/image\/\"}}]}<\/script>\n<!-- \/ Yoast SEO plugin. -->","yoast_head_json":{"title":"teatr zora - RO\u017d - Slovensko prosvetno dru\u0161tvo","robots":{"index":"index","follow":"follow","max-snippet":"max-snippet:-1","max-image-preview":"max-image-preview:large","max-video-preview":"max-video-preview:-1"},"canonical":"https:\/\/roz.si\/de\/gruppen\/teatr-zora\/","og_locale":"de_DE","og_type":"article","og_title":"teatr zora - RO\u017d - Slovensko prosvetno dru\u0161tvo","og_description":"[vc_row][vc_column][vc_column_text]Chronik\u00a0 \u00a0 | \u00a0 \u00a0Produktionen\u00a0 \u00a0 | \u00a0 \u00a0Kooperationen[\/vc_column_text][vc_empty_space][\/vc_column][\/vc_row][vc_row el_class=&#8220;mkdf-single-show-main-content&#8220; css=&#8220;.vc_custom_1617132162866{padding-top: 30px !important;padding-bottom: 60px !important;}&#8220; el_id=&#8220;skupina&#8220;][vc_column width=&#8220;1\/4&#8243; el_class=&#8220;mkdf-single-show-side-content&#8220;][\/vc_column][vc_column width=&#8220;3\/4&#8243; el_class=&#8220;mkdf-single-show-description&#8220;][\/vc_column][\/vc_row][vc_row el_id=&#8220;predstave&#8220;][vc_column css=&#8220;.vc_custom_1614537207272{padding-top: 30px !important;padding-bottom: 90px !important;}&#8220;][\/vc_column][\/vc_row][vc_row el_id=&#8220;kooperacije&#8220;][vc_column css=&#8220;.vc_custom_1614537207272{padding-top: 30px !important;padding-bottom: 90px !important;}&#8220;][\/vc_column][\/vc_row]","og_url":"https:\/\/roz.si\/de\/gruppen\/teatr-zora\/","og_site_name":"RO\u017d - Slovensko prosvetno dru\u0161tvo","article_modified_time":"2021-04-30T18:51:47+00:00","og_image":[{"width":1200,"height":650,"url":"https:\/\/roz.si\/wp-content\/uploads\/2021\/04\/cover_zora3.jpg","type":"image\/jpeg"}],"twitter_card":"summary_large_image","twitter_misc":{"Gesch\u00e4tzte Lesezeit":"2\u00a0Minuten"},"schema":{"@context":"https:\/\/schema.org","@graph":[{"@type":"WebPage","@id":"https:\/\/roz.si\/de\/gruppen\/teatr-zora\/","url":"https:\/\/roz.si\/de\/gruppen\/teatr-zora\/","name":"teatr zora - RO\u017d - Slovensko prosvetno dru\u0161tvo","isPartOf":{"@id":"https:\/\/roz.si\/#website"},"primaryImageOfPage":{"@id":"https:\/\/roz.si\/de\/gruppen\/teatr-zora\/#primaryimage"},"image":{"@id":"https:\/\/roz.si\/de\/gruppen\/teatr-zora\/#primaryimage"},"thumbnailUrl":"https:\/\/roz.si\/wp-content\/uploads\/2021\/04\/cover_zora3.jpg","datePublished":"2021-03-21T09:26:53+00:00","dateModified":"2021-04-30T18:51:47+00:00","breadcrumb":{"@id":"https:\/\/roz.si\/de\/gruppen\/teatr-zora\/#breadcrumb"},"inLanguage":"de","potentialAction":[{"@type":"ReadAction","target":["https:\/\/roz.si\/de\/gruppen\/teatr-zora\/"]}]},{"@type":"ImageObject","inLanguage":"de","@id":"https:\/\/roz.si\/de\/gruppen\/teatr-zora\/#primaryimage","url":"https:\/\/roz.si\/wp-content\/uploads\/2021\/04\/cover_zora3.jpg","contentUrl":"https:\/\/roz.si\/wp-content\/uploads\/2021\/04\/cover_zora3.jpg","width":1200,"height":650},{"@type":"BreadcrumbList","@id":"https:\/\/roz.si\/de\/gruppen\/teatr-zora\/#breadcrumb","itemListElement":[{"@type":"ListItem","position":1,"name":"Home","item":"https:\/\/roz.si\/de\/"},{"@type":"ListItem","position":2,"name":"Gruppen","item":"https:\/\/roz.si\/de\/gruppen\/"},{"@type":"ListItem","position":3,"name":"teatr zora"}]},{"@type":"WebSite","@id":"https:\/\/roz.si\/#website","url":"https:\/\/roz.si\/","name":"RO\u017d - Slovensko prosvetno dru\u0161tvo","description":"Slovensko prosvetno dru\u0161tvo Ro\u017e","publisher":{"@id":"https:\/\/roz.si\/#organization"},"potentialAction":[{"@type":"SearchAction","target":{"@type":"EntryPoint","urlTemplate":"https:\/\/roz.si\/?s={search_term_string}"},"query-input":{"@type":"PropertyValueSpecification","valueRequired":true,"valueName":"search_term_string"}}],"inLanguage":"de"},{"@type":"Organization","@id":"https:\/\/roz.si\/#organization","name":"RO\u017d - Slovensko prosvetno dru\u0161tvo","url":"https:\/\/roz.si\/","logo":{"@type":"ImageObject","inLanguage":"de","@id":"https:\/\/roz.si\/#\/schema\/logo\/image\/","url":"https:\/\/roz.si\/wp-content\/uploads\/2022\/11\/ROZ_logo.ico","contentUrl":"https:\/\/roz.si\/wp-content\/uploads\/2022\/11\/ROZ_logo.ico","width":199,"height":120,"caption":"RO\u017d - Slovensko prosvetno dru\u0161tvo"},"image":{"@id":"https:\/\/roz.si\/#\/schema\/logo\/image\/"}}]}},"_links":{"self":[{"href":"https:\/\/roz.si\/de\/wp-json\/wp\/v2\/pages\/14515","targetHints":{"allow":["GET"]}}],"collection":[{"href":"https:\/\/roz.si\/de\/wp-json\/wp\/v2\/pages"}],"about":[{"href":"https:\/\/roz.si\/de\/wp-json\/wp\/v2\/types\/page"}],"author":[{"embeddable":true,"href":"https:\/\/roz.si\/de\/wp-json\/wp\/v2\/users\/1"}],"replies":[{"embeddable":true,"href":"https:\/\/roz.si\/de\/wp-json\/wp\/v2\/comments?post=14515"}],"version-history":[{"count":5,"href":"https:\/\/roz.si\/de\/wp-json\/wp\/v2\/pages\/14515\/revisions"}],"predecessor-version":[{"id":14584,"href":"https:\/\/roz.si\/de\/wp-json\/wp\/v2\/pages\/14515\/revisions\/14584"}],"up":[{"embeddable":true,"href":"https:\/\/roz.si\/de\/wp-json\/wp\/v2\/pages\/14511"}],"wp:featuredmedia":[{"embeddable":true,"href":"https:\/\/roz.si\/de\/wp-json\/wp\/v2\/media\/14193"}],"wp:attachment":[{"href":"https:\/\/roz.si\/de\/wp-json\/wp\/v2\/media?parent=14515"}],"wp:term":[{"taxonomy":"category","embeddable":true,"href":"https:\/\/roz.si\/de\/wp-json\/wp\/v2\/categories?post=14515"},{"taxonomy":"post_tag","embeddable":true,"href":"https:\/\/roz.si\/de\/wp-json\/wp\/v2\/tags?post=14515"}],"curies":[{"name":"wp","href":"https:\/\/api.w.org\/{rel}","templated":true}]}}