{"id":14542,"date":"2021-03-23T18:19:47","date_gmt":"2021-03-23T18:19:26","guid":{"rendered":"http:\/\/roz.si\/drustvo-roz\/"},"modified":"2023-01-14T15:08:44","modified_gmt":"2023-01-14T15:08:44","slug":"kulturverein","status":"publish","type":"page","link":"https:\/\/roz.si\/de\/kulturverein\/","title":{"rendered":"Kulturverein Ro\u017e"},"content":{"rendered":"<p>[vc_row el_id=&#8220;projekti&#8220;][vc_column][vc_row_inner][vc_column_inner][vc_column_text]<a href=\"#projekti\">Veranstaltungen<\/a>\u00a0 \u00a0 | \u00a0 \u00a0<a href=\"#gradiva\">Publikationen<\/a>\u00a0 \u00a0 | \u00a0 \u00a0<a href=\"#drustvo\">Verein<\/a>\u00a0 \u00a0 | \u00a0 \u00a0<a href=\"#priznanja\">An\u00ader\u00adken\u00adnungen<\/a>[\/vc_column_text][vc_empty_space][vc_column_text]<\/p>\n<h4>Veranstaltungen<\/h4>\n<p>[\/vc_column_text][vc_empty_space][\/vc_column_inner][\/vc_row_inner][\/vc_column][vc_column width=&#8220;1\/2&#8243;]<div class=\"mkdf-elements-holder    mkdf-one-column  mkdf-responsive-mode-768 \" ><div class=\"mkdf-eh-item    \"  data-item-class=\"mkdf-eh-custom-8079\">\n\t<div class=\"mkdf-eh-item-inner\">\n\t\t<div class=\"mkdf-eh-item-content mkdf-eh-custom-8079\" >\n\t\t\t<div class=\"mkdf-info-box-holder   mkdf-title-width-wide   mkdf-button-skin-light mkdf-ib-appear mkdf-hidden-item \">\n\t<div class=\"mkdf-info-box-inner mkdf-info-box-custom-8316\"  data-item-class=\"mkdf-info-box-custom-8316\">\n\t\t<div class=\"mkdf-info-box-content\">\n\t\t\t\t\t\t\t<h3 class=\"mkdf-info-box-title\" style=\"color: #ffffff\">\n\t\t\t\t\tArchiv unserer Veranstaltungen\t\t\t\t<\/h3>\n\t\t\t\t\t\t\t\t\t\t\t\t\t\t\t\t<div class=\"mkdf-info-box-button\" >\n\t\t\t\t\t<a itemprop=\"url\" href=\"http:\/\/roz.si\/de\/kulturverein\/veranstaltungen\/\" target=\"_self\"  class=\"mkdf-btn mkdf-btn-medium mkdf-btn-outline mkdf-btn-animation\"  >\t\t\t<span class=\"mkdf-btn-lines\">\t\t\t<span class=\"mkdf-btn-line\" ><\/span>\t\t\t<span class=\"mkdf-btn-line\" ><\/span>\t\t\t<span class=\"mkdf-btn-line\" ><\/span>\t\t\t<span class=\"mkdf-btn-line\" ><\/span>\t\t<\/span>\t\t<span class=\"mkdf-btn-text\">Mehr<\/span>    <\/a>\t\t\t\t<\/div>\n\t\t\t\t\t<\/div>\n\t<\/div>\n\t\t\t<div class=\"mkdf-info-box-image\"  style=\"background-image: url(https:\/\/roz.si\/wp-content\/uploads\/2021\/03\/aktivnosti.jpeg)\"><\/div>\n\t<\/div>\t\t<\/div>\n\t<\/div>\n<\/div><\/div>[vc_empty_space][\/vc_column][vc_column width=&#8220;1\/2&#8243;]<div class=\"mkdf-elements-holder    mkdf-one-column  mkdf-responsive-mode-768 \" ><div class=\"mkdf-eh-item    \"  data-item-class=\"mkdf-eh-custom-4303\">\n\t<div class=\"mkdf-eh-item-inner\">\n\t\t<div class=\"mkdf-eh-item-content mkdf-eh-custom-4303\" >\n\t\t\t<div class=\"mkdf-info-box-holder   mkdf-title-width-wide   mkdf-button-skin-light mkdf-ib-appear mkdf-hidden-item \">\n\t<div class=\"mkdf-info-box-inner mkdf-info-box-custom-2628\"  data-item-class=\"mkdf-info-box-custom-2628\">\n\t\t<div class=\"mkdf-info-box-content\">\n\t\t\t\t\t\t\t<h3 class=\"mkdf-info-box-title\" style=\"color: #ffffff\">\n\t\t\t\t\tAktionen\t\t\t\t<\/h3>\n\t\t\t\t\t\t\t\t\t\t\t\t\t\t\t\t<div class=\"mkdf-info-box-button\" >\n\t\t\t\t\t<a itemprop=\"url\" href=\"http:\/\/roz.si\/de\/tag\/aktion\/\" target=\"_self\"  class=\"mkdf-btn mkdf-btn-medium mkdf-btn-outline mkdf-btn-animation\"  >\t\t\t<span class=\"mkdf-btn-lines\">\t\t\t<span class=\"mkdf-btn-line\" ><\/span>\t\t\t<span class=\"mkdf-btn-line\" ><\/span>\t\t\t<span class=\"mkdf-btn-line\" ><\/span>\t\t\t<span class=\"mkdf-btn-line\" ><\/span>\t\t<\/span>\t\t<span class=\"mkdf-btn-text\">Mehr<\/span>    <\/a>\t\t\t\t<\/div>\n\t\t\t\t\t<\/div>\n\t<\/div>\n\t\t\t<div class=\"mkdf-info-box-image\"  style=\"background-image: url(https:\/\/roz.si\/wp-content\/uploads\/2021\/03\/pohodi.jpeg)\"><\/div>\n\t<\/div>\t\t<\/div>\n\t<\/div>\n<\/div><\/div>[vc_empty_space][\/vc_column][\/vc_row][vc_row el_id=&#8220;gradiva&#8220;][vc_column][vc_row_inner][vc_column_inner][vc_column_text]<\/p>\n<h4>Publikationen<\/h4>\n<p>[\/vc_column_text][vc_empty_space][\/vc_column_inner][\/vc_row_inner][\/vc_column][vc_column width=&#8220;1\/2&#8243;]<div class=\"mkdf-elements-holder    mkdf-one-column  mkdf-responsive-mode-768 \" ><div class=\"mkdf-eh-item    \"  data-item-class=\"mkdf-eh-custom-3542\">\n\t<div class=\"mkdf-eh-item-inner\">\n\t\t<div class=\"mkdf-eh-item-content mkdf-eh-custom-3542\" >\n\t\t\t<div class=\"mkdf-info-box-holder   mkdf-title-width-wide   mkdf-button-skin-light mkdf-ib-appear mkdf-hidden-item \">\n\t<div class=\"mkdf-info-box-inner mkdf-info-box-custom-8859\"  data-item-class=\"mkdf-info-box-custom-8859\">\n\t\t<div class=\"mkdf-info-box-content\">\n\t\t\t\t\t\t\t<h3 class=\"mkdf-info-box-title\" style=\"color: #ffffff\">\n\t\t\t\t\tPublikationen\t\t\t\t<\/h3>\n\t\t\t\t\t\t\t\t\t\t\t\t\t\t\t\t<div class=\"mkdf-info-box-button\" >\n\t\t\t\t\t<a itemprop=\"url\" href=\"http:\/\/roz.si\/de\/kulturverein\/publikationen\/\" target=\"_self\"  class=\"mkdf-btn mkdf-btn-medium mkdf-btn-outline mkdf-btn-animation\"  >\t\t\t<span class=\"mkdf-btn-lines\">\t\t\t<span class=\"mkdf-btn-line\" ><\/span>\t\t\t<span class=\"mkdf-btn-line\" ><\/span>\t\t\t<span class=\"mkdf-btn-line\" ><\/span>\t\t\t<span class=\"mkdf-btn-line\" ><\/span>\t\t<\/span>\t\t<span class=\"mkdf-btn-text\">Mehr<\/span>    <\/a>\t\t\t\t<\/div>\n\t\t\t\t\t<\/div>\n\t<\/div>\n\t\t\t<div class=\"mkdf-info-box-image\"  style=\"background-image: url(https:\/\/roz.si\/wp-content\/uploads\/2021\/03\/publikacije.jpeg)\"><\/div>\n\t<\/div>\t\t<\/div>\n\t<\/div>\n<\/div><\/div>[vc_empty_space][\/vc_column][vc_column width=&#8220;1\/2&#8243;]<div class=\"mkdf-elements-holder    mkdf-one-column  mkdf-responsive-mode-768 \" ><div class=\"mkdf-eh-item    \"  data-item-class=\"mkdf-eh-custom-5032\">\n\t<div class=\"mkdf-eh-item-inner\">\n\t\t<div class=\"mkdf-eh-item-content mkdf-eh-custom-5032\" >\n\t\t\t<div class=\"mkdf-info-box-holder   mkdf-title-width-wide   mkdf-button-skin-light mkdf-ib-appear mkdf-hidden-item \">\n\t<div class=\"mkdf-info-box-inner mkdf-info-box-custom-9438\"  data-item-class=\"mkdf-info-box-custom-9438\">\n\t\t<div class=\"mkdf-info-box-content\">\n\t\t\t\t\t\t\t<h3 class=\"mkdf-info-box-title\" style=\"color: #ffffff\">\n\t\t\t\t\tEmpfehlungen\t\t\t\t<\/h3>\n\t\t\t\t\t\t\t\t\t\t\t\t\t\t\t\t<div class=\"mkdf-info-box-button\" >\n\t\t\t\t\t<a itemprop=\"url\" href=\"http:\/\/roz.si\/de\/kulturverein\/empfehlungen\/\" target=\"_self\"  class=\"mkdf-btn mkdf-btn-medium mkdf-btn-outline mkdf-btn-animation\"  >\t\t\t<span class=\"mkdf-btn-lines\">\t\t\t<span class=\"mkdf-btn-line\" ><\/span>\t\t\t<span class=\"mkdf-btn-line\" ><\/span>\t\t\t<span class=\"mkdf-btn-line\" ><\/span>\t\t\t<span class=\"mkdf-btn-line\" ><\/span>\t\t<\/span>\t\t<span class=\"mkdf-btn-text\">Mehr<\/span>    <\/a>\t\t\t\t<\/div>\n\t\t\t\t\t<\/div>\n\t<\/div>\n\t\t\t<div class=\"mkdf-info-box-image\"  style=\"background-image: url(https:\/\/roz.si\/wp-content\/uploads\/2021\/03\/priporocamo.jpeg)\"><\/div>\n\t<\/div>\t\t<\/div>\n\t<\/div>\n<\/div><\/div>[vc_empty_space][\/vc_column][\/vc_row][vc_row el_id=&#8220;drustvo&#8220;][vc_column][vc_row_inner][vc_column_inner][vc_column_text]<\/p>\n<h4>Verein<\/h4>\n<p>[\/vc_column_text][vc_empty_space][\/vc_column_inner][\/vc_row_inner][\/vc_column][vc_column width=&#8220;1\/2&#8243;]<div class=\"mkdf-elements-holder    mkdf-one-column  mkdf-responsive-mode-768 \" ><div class=\"mkdf-eh-item    \"  data-item-class=\"mkdf-eh-custom-7177\">\n\t<div class=\"mkdf-eh-item-inner\">\n\t\t<div class=\"mkdf-eh-item-content mkdf-eh-custom-7177\" >\n\t\t\t<div class=\"mkdf-info-box-holder   mkdf-title-width-wide   mkdf-button-skin-light mkdf-ib-appear mkdf-hidden-item \">\n\t<div class=\"mkdf-info-box-inner mkdf-info-box-custom-5031\"  data-item-class=\"mkdf-info-box-custom-5031\">\n\t\t<div class=\"mkdf-info-box-content\">\n\t\t\t\t\t\t\t<h3 class=\"mkdf-info-box-title\" style=\"color: #ffffff\">\n\t\t\t\t\tChronik\t\t\t\t<\/h3>\n\t\t\t\t\t\t\t\t\t\t\t\t\t\t\t\t<div class=\"mkdf-info-box-button\" >\n\t\t\t\t\t<a itemprop=\"url\" href=\"http:\/\/roz.si\/de\/kulturverein\/chronik\/\" target=\"_self\"  class=\"mkdf-btn mkdf-btn-medium mkdf-btn-outline mkdf-btn-animation\"  >\t\t\t<span class=\"mkdf-btn-lines\">\t\t\t<span class=\"mkdf-btn-line\" ><\/span>\t\t\t<span class=\"mkdf-btn-line\" ><\/span>\t\t\t<span class=\"mkdf-btn-line\" ><\/span>\t\t\t<span class=\"mkdf-btn-line\" ><\/span>\t\t<\/span>\t\t<span class=\"mkdf-btn-text\">Mehr<\/span>    <\/a>\t\t\t\t<\/div>\n\t\t\t\t\t<\/div>\n\t<\/div>\n\t\t\t<div class=\"mkdf-info-box-image\"  style=\"background-image: url(https:\/\/roz.si\/wp-content\/uploads\/2021\/03\/zala-1.jpeg)\"><\/div>\n\t\t\t<div class=\"mkdf-info-box-bgrnd\" style=\"background-color: #0a0a0a\"><\/div>\n\t<\/div>\t\t<\/div>\n\t<\/div>\n<\/div><\/div>[vc_empty_space][\/vc_column][vc_column width=&#8220;1\/2&#8243;]<div class=\"mkdf-elements-holder    mkdf-one-column  mkdf-responsive-mode-768 \" ><div class=\"mkdf-eh-item    \"  data-item-class=\"mkdf-eh-custom-5196\">\n\t<div class=\"mkdf-eh-item-inner\">\n\t\t<div class=\"mkdf-eh-item-content mkdf-eh-custom-5196\" >\n\t\t\t<div class=\"mkdf-info-box-holder   mkdf-title-width-wide   mkdf-button-skin-light mkdf-ib-appear mkdf-hidden-item \">\n\t<div class=\"mkdf-info-box-inner mkdf-info-box-custom-8052\"  data-item-class=\"mkdf-info-box-custom-8052\">\n\t\t<div class=\"mkdf-info-box-content\">\n\t\t\t\t\t\t\t<h3 class=\"mkdf-info-box-title\" style=\"color: #ffffff\">\n\t\t\t\t\tSaal\t\t\t\t<\/h3>\n\t\t\t\t\t\t\t\t\t\t\t\t\t\t\t\t<div class=\"mkdf-info-box-button\" >\n\t\t\t\t\t<a itemprop=\"url\" href=\"http:\/\/roz.si\/de\/kulturverein\/saal\/\" target=\"_self\"  class=\"mkdf-btn mkdf-btn-medium mkdf-btn-outline mkdf-btn-animation\"  >\t\t\t<span class=\"mkdf-btn-lines\">\t\t\t<span class=\"mkdf-btn-line\" ><\/span>\t\t\t<span class=\"mkdf-btn-line\" ><\/span>\t\t\t<span class=\"mkdf-btn-line\" ><\/span>\t\t\t<span class=\"mkdf-btn-line\" ><\/span>\t\t<\/span>\t\t<span class=\"mkdf-btn-text\">Mehr<\/span>    <\/a>\t\t\t\t<\/div>\n\t\t\t\t\t<\/div>\n\t<\/div>\n\t\t\t<div class=\"mkdf-info-box-image\"  style=\"background-image: url(https:\/\/roz.si\/wp-content\/uploads\/2021\/03\/dvorana.jpeg)\"><\/div>\n\t<\/div>\t\t<\/div>\n\t<\/div>\n<\/div><\/div>[vc_empty_space][\/vc_column][\/vc_row][vc_row][vc_column width=&#8220;1\/2&#8243;]<div class=\"mkdf-elements-holder    mkdf-one-column  mkdf-responsive-mode-768 \" ><div class=\"mkdf-eh-item    \"  data-item-class=\"mkdf-eh-custom-4333\">\n\t<div class=\"mkdf-eh-item-inner\">\n\t\t<div class=\"mkdf-eh-item-content mkdf-eh-custom-4333\" >\n\t\t\t<div class=\"mkdf-info-box-holder   mkdf-title-width-wide   mkdf-button-skin-light mkdf-ib-appear mkdf-hidden-item \">\n\t<div class=\"mkdf-info-box-inner mkdf-info-box-custom-2100\"  data-item-class=\"mkdf-info-box-custom-2100\">\n\t\t<div class=\"mkdf-info-box-content\">\n\t\t\t\t\t\t\t<h3 class=\"mkdf-info-box-title\" style=\"color: #ffffff\">\n\t\t\t\t\tSt. Jakob\t\t\t\t<\/h3>\n\t\t\t\t\t\t\t\t\t\t\t\t\t\t\t\t<div class=\"mkdf-info-box-button\" >\n\t\t\t\t\t<a itemprop=\"url\" href=\"http:\/\/roz.si\/de\/kulturverein\/sentjakob\/\" target=\"_self\"  class=\"mkdf-btn mkdf-btn-medium mkdf-btn-outline mkdf-btn-animation\"  >\t\t\t<span class=\"mkdf-btn-lines\">\t\t\t<span class=\"mkdf-btn-line\" ><\/span>\t\t\t<span class=\"mkdf-btn-line\" ><\/span>\t\t\t<span class=\"mkdf-btn-line\" ><\/span>\t\t\t<span class=\"mkdf-btn-line\" ><\/span>\t\t<\/span>\t\t<span class=\"mkdf-btn-text\">Mehr<\/span>    <\/a>\t\t\t\t<\/div>\n\t\t\t\t\t<\/div>\n\t<\/div>\n\t\t\t<div class=\"mkdf-info-box-image\"  style=\"background-image: url(https:\/\/roz.si\/wp-content\/uploads\/2021\/03\/stjakob.jpeg)\"><\/div>\n\t<\/div>\t\t<\/div>\n\t<\/div>\n<\/div><\/div>[\/vc_column][vc_column width=&#8220;1\/2&#8243;]<div class=\"mkdf-elements-holder    mkdf-one-column  mkdf-responsive-mode-768 \" ><div class=\"mkdf-eh-item    \"  data-item-class=\"mkdf-eh-custom-8321\">\n\t<div class=\"mkdf-eh-item-inner\">\n\t\t<div class=\"mkdf-eh-item-content mkdf-eh-custom-8321\" >\n\t\t\t<div class=\"mkdf-info-box-holder   mkdf-title-width-wide     \">\n\t<div class=\"mkdf-info-box-inner mkdf-info-box-custom-2738\"  data-item-class=\"mkdf-info-box-custom-2738\">\n\t\t<div class=\"mkdf-info-box-content\">\n\t\t\t\t\t\t\t<h3 class=\"mkdf-info-box-title\" >\n\t\t\t\t\tUnsere Unterst\u00fctzer\t\t\t\t<\/h3>\n\t\t\t\t\t\t\t\t\t\t\t\t\t\t\t\t<div class=\"mkdf-info-box-button\" >\n\t\t\t\t\t<a itemprop=\"url\" href=\"https:\/\/roz.si\/de\/kulturverein\/die-taetigkeiten-werden-gefoerdert-von\/\" target=\"_self\"  class=\"mkdf-btn mkdf-btn-medium mkdf-btn-outline mkdf-btn-animation\"  >\t\t\t<span class=\"mkdf-btn-lines\">\t\t\t<span class=\"mkdf-btn-line\" ><\/span>\t\t\t<span class=\"mkdf-btn-line\" ><\/span>\t\t\t<span class=\"mkdf-btn-line\" ><\/span>\t\t\t<span class=\"mkdf-btn-line\" ><\/span>\t\t<\/span>\t\t<span class=\"mkdf-btn-text\">Mehr<\/span>    <\/a>\t\t\t\t<\/div>\n\t\t\t\t\t<\/div>\n\t<\/div>\n\t\t\t<div class=\"mkdf-info-box-bgrnd\" style=\"background-color: #ffffff\"><\/div>\n\t<\/div>\t\t<\/div>\n\t<\/div>\n<\/div><\/div>[\/vc_column][\/vc_row][vc_row el_id=&#8220;priznanja&#8220;][vc_column][vc_empty_space][vc_column_text]<\/p>\n<h4>Anerkenungen<\/h4>\n<ul>\n<li><strong>2019<\/strong> &#8211;\u00a0\u00d6sterreichischen Kunstpreis in der Kategorie Kulturinitiaiven \/ Avstrijska nagrada za kulturno-umetni\u0161ko delovanje<\/li>\n<li><strong>2018<\/strong> &#8211; Kulturpreises des Landes K\u00e4rnten \/ Koro\u0161ka &#8211; Nagrada za kulturo de\u017eele Koro\u0161ke (<a href=\"https:\/\/www.youtube.com\/watch?v=Co7ABz1IcNY\">oglej si video<\/a>)<\/li>\n<li><strong>2011<\/strong> &#8211; Linhartova listina, podeljuje Javni sklad Republike Slovenije za kulturne dejavnosti<\/li>\n<\/ul>\n<p>[\/vc_column_text][\/vc_column][\/vc_row]<\/p>\n","protected":false},"excerpt":{"rendered":"<p>[vc_row el_id=&#8220;projekti&#8220;][vc_column][vc_row_inner][vc_column_inner][vc_column_text]Veranstaltungen\u00a0 \u00a0 | \u00a0 \u00a0Publikationen\u00a0 \u00a0 | \u00a0 \u00a0Verein\u00a0 \u00a0 | \u00a0 \u00a0An\u00ader\u00adken\u00adnungen[\/vc_column_text][vc_empty_space][vc_column_text] Veranstaltungen [\/vc_column_text][vc_empty_space][\/vc_column_inner][\/vc_row_inner][\/vc_column][vc_column width=&#8220;1\/2&#8243;][vc_empty_space][\/vc_column][vc_column width=&#8220;1\/2&#8243;][vc_empty_space][\/vc_column][\/vc_row][vc_row el_id=&#8220;gradiva&#8220;][vc_column][vc_row_inner][vc_column_inner][vc_column_text] Publikationen [\/vc_column_text][vc_empty_space][\/vc_column_inner][\/vc_row_inner][\/vc_column][vc_column width=&#8220;1\/2&#8243;][vc_empty_space][\/vc_column][vc_column width=&#8220;1\/2&#8243;][vc_empty_space][\/vc_column][\/vc_row][vc_row el_id=&#8220;drustvo&#8220;][vc_column][vc_row_inner][vc_column_inner][vc_column_text] Verein [\/vc_column_text][vc_empty_space][\/vc_column_inner][\/vc_row_inner][\/vc_column][vc_column width=&#8220;1\/2&#8243;][vc_empty_space][\/vc_column][vc_column width=&#8220;1\/2&#8243;][vc_empty_space][\/vc_column][\/vc_row][vc_row][vc_column width=&#8220;1\/2&#8243;][\/vc_column][vc_column width=&#8220;1\/2&#8243;][\/vc_column][\/vc_row][vc_row el_id=&#8220;priznanja&#8220;][vc_column][vc_empty_space][vc_column_text] Anerkenungen 2019 &#8211;\u00a0\u00d6sterreichischen Kunstpreis in der Kategorie Kulturinitiaiven \/ Avstrijska nagrada za kulturno-umetni\u0161ko delovanje 2018 &#8211; Kulturpreises des Landes K\u00e4rnten \/ Koro\u0161ka &#8211; Nagrada za kulturo de\u017eele [&hellip;]<\/p>\n","protected":false},"author":1,"featured_media":0,"parent":0,"menu_order":1,"comment_status":"closed","ping_status":"closed","template":"","meta":{"_acf_changed":false,"footnotes":""},"categories":[],"tags":[],"class_list":["post-14542","page","type-page","status-publish","hentry"],"acf":[],"yoast_head":"<!-- This site is optimized with the Yoast SEO plugin v24.8.1 - https:\/\/yoast.com\/wordpress\/plugins\/seo\/ -->\n<title>Kulturverein Ro\u017e - RO\u017d - Slovensko prosvetno dru\u0161tvo<\/title>\n<meta name=\"robots\" content=\"index, follow, max-snippet:-1, max-image-preview:large, max-video-preview:-1\" \/>\n<link rel=\"canonical\" href=\"https:\/\/roz.si\/de\/kulturverein\/\" \/>\n<meta property=\"og:locale\" content=\"de_DE\" \/>\n<meta property=\"og:type\" content=\"article\" \/>\n<meta property=\"og:title\" content=\"Kulturverein Ro\u017e - RO\u017d - Slovensko prosvetno dru\u0161tvo\" \/>\n<meta property=\"og:description\" content=\"[vc_row el_id=&#8220;projekti&#8220;][vc_column][vc_row_inner][vc_column_inner][vc_column_text]Veranstaltungen\u00a0 \u00a0 | \u00a0 \u00a0Publikationen\u00a0 \u00a0 | \u00a0 \u00a0Verein\u00a0 \u00a0 | \u00a0 \u00a0An\u00ader\u00adken\u00adnungen[\/vc_column_text][vc_empty_space][vc_column_text] Veranstaltungen [\/vc_column_text][vc_empty_space][\/vc_column_inner][\/vc_row_inner][\/vc_column][vc_column width=&#8220;1\/2&#8243;][vc_empty_space][\/vc_column][vc_column width=&#8220;1\/2&#8243;][vc_empty_space][\/vc_column][\/vc_row][vc_row el_id=&#8220;gradiva&#8220;][vc_column][vc_row_inner][vc_column_inner][vc_column_text] Publikationen [\/vc_column_text][vc_empty_space][\/vc_column_inner][\/vc_row_inner][\/vc_column][vc_column width=&#8220;1\/2&#8243;][vc_empty_space][\/vc_column][vc_column width=&#8220;1\/2&#8243;][vc_empty_space][\/vc_column][\/vc_row][vc_row el_id=&#8220;drustvo&#8220;][vc_column][vc_row_inner][vc_column_inner][vc_column_text] Verein [\/vc_column_text][vc_empty_space][\/vc_column_inner][\/vc_row_inner][\/vc_column][vc_column width=&#8220;1\/2&#8243;][vc_empty_space][\/vc_column][vc_column width=&#8220;1\/2&#8243;][vc_empty_space][\/vc_column][\/vc_row][vc_row][vc_column width=&#8220;1\/2&#8243;][\/vc_column][vc_column width=&#8220;1\/2&#8243;][\/vc_column][\/vc_row][vc_row el_id=&#8220;priznanja&#8220;][vc_column][vc_empty_space][vc_column_text] Anerkenungen 2019 &#8211;\u00a0\u00d6sterreichischen Kunstpreis in der Kategorie Kulturinitiaiven \/ Avstrijska nagrada za kulturno-umetni\u0161ko delovanje 2018 &#8211; Kulturpreises des Landes K\u00e4rnten \/ Koro\u0161ka &#8211; Nagrada za kulturo de\u017eele [&hellip;]\" \/>\n<meta property=\"og:url\" content=\"https:\/\/roz.si\/de\/kulturverein\/\" \/>\n<meta property=\"og:site_name\" content=\"RO\u017d - Slovensko prosvetno dru\u0161tvo\" \/>\n<meta property=\"article:modified_time\" content=\"2023-01-14T15:08:44+00:00\" \/>\n<meta name=\"twitter:card\" content=\"summary_large_image\" \/>\n<meta name=\"twitter:label1\" content=\"Gesch\u00e4tzte Lesezeit\" \/>\n\t<meta name=\"twitter:data1\" content=\"2\u00a0Minuten\" \/>\n<script type=\"application\/ld+json\" class=\"yoast-schema-graph\">{\"@context\":\"https:\/\/schema.org\",\"@graph\":[{\"@type\":\"WebPage\",\"@id\":\"https:\/\/roz.si\/de\/kulturverein\/\",\"url\":\"https:\/\/roz.si\/de\/kulturverein\/\",\"name\":\"Kulturverein Ro\u017e - RO\u017d - Slovensko prosvetno dru\u0161tvo\",\"isPartOf\":{\"@id\":\"https:\/\/roz.si\/#website\"},\"datePublished\":\"2021-03-23T18:19:26+00:00\",\"dateModified\":\"2023-01-14T15:08:44+00:00\",\"breadcrumb\":{\"@id\":\"https:\/\/roz.si\/de\/kulturverein\/#breadcrumb\"},\"inLanguage\":\"de\",\"potentialAction\":[{\"@type\":\"ReadAction\",\"target\":[\"https:\/\/roz.si\/de\/kulturverein\/\"]}]},{\"@type\":\"BreadcrumbList\",\"@id\":\"https:\/\/roz.si\/de\/kulturverein\/#breadcrumb\",\"itemListElement\":[{\"@type\":\"ListItem\",\"position\":1,\"name\":\"Home\",\"item\":\"https:\/\/roz.si\/de\/\"},{\"@type\":\"ListItem\",\"position\":2,\"name\":\"Kulturverein Ro\u017e\"}]},{\"@type\":\"WebSite\",\"@id\":\"https:\/\/roz.si\/#website\",\"url\":\"https:\/\/roz.si\/\",\"name\":\"RO\u017d - Slovensko prosvetno dru\u0161tvo\",\"description\":\"Slovensko prosvetno dru\u0161tvo Ro\u017e\",\"publisher\":{\"@id\":\"https:\/\/roz.si\/#organization\"},\"potentialAction\":[{\"@type\":\"SearchAction\",\"target\":{\"@type\":\"EntryPoint\",\"urlTemplate\":\"https:\/\/roz.si\/?s={search_term_string}\"},\"query-input\":{\"@type\":\"PropertyValueSpecification\",\"valueRequired\":true,\"valueName\":\"search_term_string\"}}],\"inLanguage\":\"de\"},{\"@type\":\"Organization\",\"@id\":\"https:\/\/roz.si\/#organization\",\"name\":\"RO\u017d - Slovensko prosvetno dru\u0161tvo\",\"url\":\"https:\/\/roz.si\/\",\"logo\":{\"@type\":\"ImageObject\",\"inLanguage\":\"de\",\"@id\":\"https:\/\/roz.si\/#\/schema\/logo\/image\/\",\"url\":\"https:\/\/roz.si\/wp-content\/uploads\/2022\/11\/ROZ_logo.ico\",\"contentUrl\":\"https:\/\/roz.si\/wp-content\/uploads\/2022\/11\/ROZ_logo.ico\",\"width\":199,\"height\":120,\"caption\":\"RO\u017d - Slovensko prosvetno dru\u0161tvo\"},\"image\":{\"@id\":\"https:\/\/roz.si\/#\/schema\/logo\/image\/\"}}]}<\/script>\n<!-- \/ Yoast SEO plugin. -->","yoast_head_json":{"title":"Kulturverein Ro\u017e - RO\u017d - Slovensko prosvetno dru\u0161tvo","robots":{"index":"index","follow":"follow","max-snippet":"max-snippet:-1","max-image-preview":"max-image-preview:large","max-video-preview":"max-video-preview:-1"},"canonical":"https:\/\/roz.si\/de\/kulturverein\/","og_locale":"de_DE","og_type":"article","og_title":"Kulturverein Ro\u017e - RO\u017d - Slovensko prosvetno dru\u0161tvo","og_description":"[vc_row el_id=&#8220;projekti&#8220;][vc_column][vc_row_inner][vc_column_inner][vc_column_text]Veranstaltungen\u00a0 \u00a0 | \u00a0 \u00a0Publikationen\u00a0 \u00a0 | \u00a0 \u00a0Verein\u00a0 \u00a0 | \u00a0 \u00a0An\u00ader\u00adken\u00adnungen[\/vc_column_text][vc_empty_space][vc_column_text] Veranstaltungen [\/vc_column_text][vc_empty_space][\/vc_column_inner][\/vc_row_inner][\/vc_column][vc_column width=&#8220;1\/2&#8243;][vc_empty_space][\/vc_column][vc_column width=&#8220;1\/2&#8243;][vc_empty_space][\/vc_column][\/vc_row][vc_row el_id=&#8220;gradiva&#8220;][vc_column][vc_row_inner][vc_column_inner][vc_column_text] Publikationen [\/vc_column_text][vc_empty_space][\/vc_column_inner][\/vc_row_inner][\/vc_column][vc_column width=&#8220;1\/2&#8243;][vc_empty_space][\/vc_column][vc_column width=&#8220;1\/2&#8243;][vc_empty_space][\/vc_column][\/vc_row][vc_row el_id=&#8220;drustvo&#8220;][vc_column][vc_row_inner][vc_column_inner][vc_column_text] Verein [\/vc_column_text][vc_empty_space][\/vc_column_inner][\/vc_row_inner][\/vc_column][vc_column width=&#8220;1\/2&#8243;][vc_empty_space][\/vc_column][vc_column width=&#8220;1\/2&#8243;][vc_empty_space][\/vc_column][\/vc_row][vc_row][vc_column width=&#8220;1\/2&#8243;][\/vc_column][vc_column width=&#8220;1\/2&#8243;][\/vc_column][\/vc_row][vc_row el_id=&#8220;priznanja&#8220;][vc_column][vc_empty_space][vc_column_text] Anerkenungen 2019 &#8211;\u00a0\u00d6sterreichischen Kunstpreis in der Kategorie Kulturinitiaiven \/ Avstrijska nagrada za kulturno-umetni\u0161ko delovanje 2018 &#8211; Kulturpreises des Landes K\u00e4rnten \/ Koro\u0161ka &#8211; Nagrada za kulturo de\u017eele [&hellip;]","og_url":"https:\/\/roz.si\/de\/kulturverein\/","og_site_name":"RO\u017d - Slovensko prosvetno dru\u0161tvo","article_modified_time":"2023-01-14T15:08:44+00:00","twitter_card":"summary_large_image","twitter_misc":{"Gesch\u00e4tzte Lesezeit":"2\u00a0Minuten"},"schema":{"@context":"https:\/\/schema.org","@graph":[{"@type":"WebPage","@id":"https:\/\/roz.si\/de\/kulturverein\/","url":"https:\/\/roz.si\/de\/kulturverein\/","name":"Kulturverein Ro\u017e - RO\u017d - Slovensko prosvetno dru\u0161tvo","isPartOf":{"@id":"https:\/\/roz.si\/#website"},"datePublished":"2021-03-23T18:19:26+00:00","dateModified":"2023-01-14T15:08:44+00:00","breadcrumb":{"@id":"https:\/\/roz.si\/de\/kulturverein\/#breadcrumb"},"inLanguage":"de","potentialAction":[{"@type":"ReadAction","target":["https:\/\/roz.si\/de\/kulturverein\/"]}]},{"@type":"BreadcrumbList","@id":"https:\/\/roz.si\/de\/kulturverein\/#breadcrumb","itemListElement":[{"@type":"ListItem","position":1,"name":"Home","item":"https:\/\/roz.si\/de\/"},{"@type":"ListItem","position":2,"name":"Kulturverein Ro\u017e"}]},{"@type":"WebSite","@id":"https:\/\/roz.si\/#website","url":"https:\/\/roz.si\/","name":"RO\u017d - Slovensko prosvetno dru\u0161tvo","description":"Slovensko prosvetno dru\u0161tvo Ro\u017e","publisher":{"@id":"https:\/\/roz.si\/#organization"},"potentialAction":[{"@type":"SearchAction","target":{"@type":"EntryPoint","urlTemplate":"https:\/\/roz.si\/?s={search_term_string}"},"query-input":{"@type":"PropertyValueSpecification","valueRequired":true,"valueName":"search_term_string"}}],"inLanguage":"de"},{"@type":"Organization","@id":"https:\/\/roz.si\/#organization","name":"RO\u017d - Slovensko prosvetno dru\u0161tvo","url":"https:\/\/roz.si\/","logo":{"@type":"ImageObject","inLanguage":"de","@id":"https:\/\/roz.si\/#\/schema\/logo\/image\/","url":"https:\/\/roz.si\/wp-content\/uploads\/2022\/11\/ROZ_logo.ico","contentUrl":"https:\/\/roz.si\/wp-content\/uploads\/2022\/11\/ROZ_logo.ico","width":199,"height":120,"caption":"RO\u017d - Slovensko prosvetno dru\u0161tvo"},"image":{"@id":"https:\/\/roz.si\/#\/schema\/logo\/image\/"}}]}},"_links":{"self":[{"href":"https:\/\/roz.si\/de\/wp-json\/wp\/v2\/pages\/14542","targetHints":{"allow":["GET"]}}],"collection":[{"href":"https:\/\/roz.si\/de\/wp-json\/wp\/v2\/pages"}],"about":[{"href":"https:\/\/roz.si\/de\/wp-json\/wp\/v2\/types\/page"}],"author":[{"embeddable":true,"href":"https:\/\/roz.si\/de\/wp-json\/wp\/v2\/users\/1"}],"replies":[{"embeddable":true,"href":"https:\/\/roz.si\/de\/wp-json\/wp\/v2\/comments?post=14542"}],"version-history":[{"count":8,"href":"https:\/\/roz.si\/de\/wp-json\/wp\/v2\/pages\/14542\/revisions"}],"predecessor-version":[{"id":15577,"href":"https:\/\/roz.si\/de\/wp-json\/wp\/v2\/pages\/14542\/revisions\/15577"}],"wp:attachment":[{"href":"https:\/\/roz.si\/de\/wp-json\/wp\/v2\/media?parent=14542"}],"wp:term":[{"taxonomy":"category","embeddable":true,"href":"https:\/\/roz.si\/de\/wp-json\/wp\/v2\/categories?post=14542"},{"taxonomy":"post_tag","embeddable":true,"href":"https:\/\/roz.si\/de\/wp-json\/wp\/v2\/tags?post=14542"}],"curies":[{"name":"wp","href":"https:\/\/api.w.org\/{rel}","templated":true}]}}