{"id":14548,"date":"2021-03-23T21:54:28","date_gmt":"2021-03-23T21:54:28","guid":{"rendered":"http:\/\/roz.si\/drustvo-roz\/dvorana\/"},"modified":"2021-05-04T18:55:38","modified_gmt":"2021-05-04T18:55:38","slug":"saal","status":"publish","type":"page","link":"https:\/\/roz.si\/de\/kulturverein\/saal\/","title":{"rendered":"Saal"},"content":{"rendered":"<p>[vc_row][vc_column][vc_column_text]<span style=\"font-weight: 400;\">Text in Arbeit<\/span>[\/vc_column_text][vc_empty_space]<div class=\"mkdf-image-gallery  mkdf-ig-masonry-type mkdf-tiny-space  mkdf-image-behavior-lightbox\">\n\t<div class=\"mkdf-ig-inner mkdf-outer-space mkdf-ig-masonry mkdf-ig-three-columns\">\n\t\t<div class=\"mkdf-ig-grid-sizer\"><\/div>\n\t\t<div class=\"mkdf-ig-grid-gutter\"><\/div>\n\t\t\t\t\t\t\t\t<div class=\"mkdf-ig-image mkdf-item-space \">\n\t\t\t\t<div class=\"mkdf-ig-image-inner\">\n\t\t\t\t\t\t\t\t\t\t\t<a itemprop=\"image\" class=\"mkdf-ig-lightbox\" href=\"https:\/\/roz.si\/wp-content\/uploads\/2021\/03\/DSC08268-scaled.jpg\" data-rel=\"prettyPhoto[image_gallery_pretty_photo-365]\" title=\"DSC08268\">\n\t\t\t\t\t\t\t\t\t\t\t<img loading=\"lazy\" decoding=\"async\" width=\"2560\" height=\"1920\" src=\"https:\/\/roz.si\/wp-content\/uploads\/2021\/03\/DSC08268-scaled.jpg\" class=\"attachment-full size-full\" alt=\"\" srcset=\"https:\/\/roz.si\/wp-content\/uploads\/2021\/03\/DSC08268-scaled.jpg 2560w, https:\/\/roz.si\/wp-content\/uploads\/2021\/03\/DSC08268-300x225.jpg 300w, https:\/\/roz.si\/wp-content\/uploads\/2021\/03\/DSC08268-1024x768.jpg 1024w, https:\/\/roz.si\/wp-content\/uploads\/2021\/03\/DSC08268-768x576.jpg 768w, https:\/\/roz.si\/wp-content\/uploads\/2021\/03\/DSC08268-1536x1152.jpg 1536w\" sizes=\"auto, (max-width: 2560px) 100vw, 2560px\" \/>\t\t\t\t\t\t\t\t\t\t\t<\/a>\n\t\t\t\t\t\t\t\t\t<\/div>\n\t\t\t<\/div>\n\t\t\t\t\t\t\t\t<div class=\"mkdf-ig-image mkdf-item-space \">\n\t\t\t\t<div class=\"mkdf-ig-image-inner\">\n\t\t\t\t\t\t\t\t\t\t\t<a itemprop=\"image\" class=\"mkdf-ig-lightbox\" href=\"https:\/\/roz.si\/wp-content\/uploads\/2021\/03\/DSC08258-scaled.jpg\" data-rel=\"prettyPhoto[image_gallery_pretty_photo-365]\" title=\"DSC08258\">\n\t\t\t\t\t\t\t\t\t\t\t<img loading=\"lazy\" decoding=\"async\" width=\"1920\" height=\"2560\" src=\"https:\/\/roz.si\/wp-content\/uploads\/2021\/03\/DSC08258-scaled.jpg\" class=\"attachment-full size-full\" alt=\"\" srcset=\"https:\/\/roz.si\/wp-content\/uploads\/2021\/03\/DSC08258-scaled.jpg 1920w, https:\/\/roz.si\/wp-content\/uploads\/2021\/03\/DSC08258-225x300.jpg 225w, https:\/\/roz.si\/wp-content\/uploads\/2021\/03\/DSC08258-768x1024.jpg 768w, https:\/\/roz.si\/wp-content\/uploads\/2021\/03\/DSC08258-1152x1536.jpg 1152w, https:\/\/roz.si\/wp-content\/uploads\/2021\/03\/DSC08258-1536x2048.jpg 1536w\" sizes=\"auto, (max-width: 1920px) 100vw, 1920px\" \/>\t\t\t\t\t\t\t\t\t\t\t<\/a>\n\t\t\t\t\t\t\t\t\t<\/div>\n\t\t\t<\/div>\n\t\t\t\t\t\t\t\t<div class=\"mkdf-ig-image mkdf-item-space \">\n\t\t\t\t<div class=\"mkdf-ig-image-inner\">\n\t\t\t\t\t\t\t\t\t\t\t<a itemprop=\"image\" class=\"mkdf-ig-lightbox\" href=\"https:\/\/roz.si\/wp-content\/uploads\/2021\/03\/DSC08233-scaled.jpg\" data-rel=\"prettyPhoto[image_gallery_pretty_photo-365]\" title=\"DSC08233\">\n\t\t\t\t\t\t\t\t\t\t\t<img loading=\"lazy\" decoding=\"async\" width=\"1920\" height=\"2560\" src=\"https:\/\/roz.si\/wp-content\/uploads\/2021\/03\/DSC08233-scaled.jpg\" class=\"attachment-full size-full\" alt=\"\" srcset=\"https:\/\/roz.si\/wp-content\/uploads\/2021\/03\/DSC08233-scaled.jpg 1920w, https:\/\/roz.si\/wp-content\/uploads\/2021\/03\/DSC08233-225x300.jpg 225w, https:\/\/roz.si\/wp-content\/uploads\/2021\/03\/DSC08233-768x1024.jpg 768w, https:\/\/roz.si\/wp-content\/uploads\/2021\/03\/DSC08233-1152x1536.jpg 1152w, https:\/\/roz.si\/wp-content\/uploads\/2021\/03\/DSC08233-1536x2048.jpg 1536w\" sizes=\"auto, (max-width: 1920px) 100vw, 1920px\" \/>\t\t\t\t\t\t\t\t\t\t\t<\/a>\n\t\t\t\t\t\t\t\t\t<\/div>\n\t\t\t<\/div>\n\t\t\t\t\t\t\t\t<div class=\"mkdf-ig-image mkdf-item-space \">\n\t\t\t\t<div class=\"mkdf-ig-image-inner\">\n\t\t\t\t\t\t\t\t\t\t\t<a itemprop=\"image\" class=\"mkdf-ig-lightbox\" href=\"https:\/\/roz.si\/wp-content\/uploads\/2021\/03\/646B52C83E51425DA3DA606A5177ACC9.jpg\" data-rel=\"prettyPhoto[image_gallery_pretty_photo-365]\" title=\"646B52C83E51425DA3DA606A5177ACC9\">\n\t\t\t\t\t\t\t\t\t\t\t<img loading=\"lazy\" decoding=\"async\" width=\"1019\" height=\"375\" src=\"https:\/\/roz.si\/wp-content\/uploads\/2021\/03\/646B52C83E51425DA3DA606A5177ACC9.jpg\" class=\"attachment-full size-full\" alt=\"\" srcset=\"https:\/\/roz.si\/wp-content\/uploads\/2021\/03\/646B52C83E51425DA3DA606A5177ACC9.jpg 1019w, https:\/\/roz.si\/wp-content\/uploads\/2021\/03\/646B52C83E51425DA3DA606A5177ACC9-300x110.jpg 300w, https:\/\/roz.si\/wp-content\/uploads\/2021\/03\/646B52C83E51425DA3DA606A5177ACC9-768x283.jpg 768w\" sizes=\"auto, (max-width: 1019px) 100vw, 1019px\" \/>\t\t\t\t\t\t\t\t\t\t\t<\/a>\n\t\t\t\t\t\t\t\t\t<\/div>\n\t\t\t<\/div>\n\t\t\t\t\t\t\t\t<div class=\"mkdf-ig-image mkdf-item-space \">\n\t\t\t\t<div class=\"mkdf-ig-image-inner\">\n\t\t\t\t\t\t\t\t\t\t\t<a itemprop=\"image\" class=\"mkdf-ig-lightbox\" href=\"https:\/\/roz.si\/wp-content\/uploads\/2021\/03\/DSC08250-scaled.jpg\" data-rel=\"prettyPhoto[image_gallery_pretty_photo-365]\" title=\"DSC08250\">\n\t\t\t\t\t\t\t\t\t\t\t<img loading=\"lazy\" decoding=\"async\" width=\"2560\" height=\"1920\" src=\"https:\/\/roz.si\/wp-content\/uploads\/2021\/03\/DSC08250-scaled.jpg\" class=\"attachment-full size-full\" alt=\"\" srcset=\"https:\/\/roz.si\/wp-content\/uploads\/2021\/03\/DSC08250-scaled.jpg 2560w, https:\/\/roz.si\/wp-content\/uploads\/2021\/03\/DSC08250-300x225.jpg 300w, https:\/\/roz.si\/wp-content\/uploads\/2021\/03\/DSC08250-1024x768.jpg 1024w, https:\/\/roz.si\/wp-content\/uploads\/2021\/03\/DSC08250-768x576.jpg 768w, https:\/\/roz.si\/wp-content\/uploads\/2021\/03\/DSC08250-1536x1152.jpg 1536w\" sizes=\"auto, (max-width: 2560px) 100vw, 2560px\" \/>\t\t\t\t\t\t\t\t\t\t\t<\/a>\n\t\t\t\t\t\t\t\t\t<\/div>\n\t\t\t<\/div>\n\t\t\t\t\t\t\t\t<div class=\"mkdf-ig-image mkdf-item-space \">\n\t\t\t\t<div class=\"mkdf-ig-image-inner\">\n\t\t\t\t\t\t\t\t\t\t\t<a itemprop=\"image\" class=\"mkdf-ig-lightbox\" href=\"https:\/\/roz.si\/wp-content\/uploads\/2021\/03\/DSC08252-scaled.jpg\" data-rel=\"prettyPhoto[image_gallery_pretty_photo-365]\" title=\"DSC08252\">\n\t\t\t\t\t\t\t\t\t\t\t<img loading=\"lazy\" decoding=\"async\" width=\"2560\" height=\"1920\" src=\"https:\/\/roz.si\/wp-content\/uploads\/2021\/03\/DSC08252-scaled.jpg\" class=\"attachment-full size-full\" alt=\"\" srcset=\"https:\/\/roz.si\/wp-content\/uploads\/2021\/03\/DSC08252-scaled.jpg 2560w, https:\/\/roz.si\/wp-content\/uploads\/2021\/03\/DSC08252-300x225.jpg 300w, https:\/\/roz.si\/wp-content\/uploads\/2021\/03\/DSC08252-1024x768.jpg 1024w, https:\/\/roz.si\/wp-content\/uploads\/2021\/03\/DSC08252-768x576.jpg 768w, https:\/\/roz.si\/wp-content\/uploads\/2021\/03\/DSC08252-1536x1152.jpg 1536w\" sizes=\"auto, (max-width: 2560px) 100vw, 2560px\" \/>\t\t\t\t\t\t\t\t\t\t\t<\/a>\n\t\t\t\t\t\t\t\t\t<\/div>\n\t\t\t<\/div>\n\t\t\t\t\t\t\t\t<div class=\"mkdf-ig-image mkdf-item-space \">\n\t\t\t\t<div class=\"mkdf-ig-image-inner\">\n\t\t\t\t\t\t\t\t\t\t\t<a itemprop=\"image\" class=\"mkdf-ig-lightbox\" href=\"https:\/\/roz.si\/wp-content\/uploads\/2021\/03\/DSC08260-scaled.jpg\" data-rel=\"prettyPhoto[image_gallery_pretty_photo-365]\" title=\"DSC08260\">\n\t\t\t\t\t\t\t\t\t\t\t<img loading=\"lazy\" decoding=\"async\" width=\"1920\" height=\"2560\" src=\"https:\/\/roz.si\/wp-content\/uploads\/2021\/03\/DSC08260-scaled.jpg\" class=\"attachment-full size-full\" alt=\"\" srcset=\"https:\/\/roz.si\/wp-content\/uploads\/2021\/03\/DSC08260-scaled.jpg 1920w, https:\/\/roz.si\/wp-content\/uploads\/2021\/03\/DSC08260-225x300.jpg 225w, https:\/\/roz.si\/wp-content\/uploads\/2021\/03\/DSC08260-768x1024.jpg 768w\" sizes=\"auto, (max-width: 1920px) 100vw, 1920px\" \/>\t\t\t\t\t\t\t\t\t\t\t<\/a>\n\t\t\t\t\t\t\t\t\t<\/div>\n\t\t\t<\/div>\n\t\t\t<\/div>\n<\/div>[\/vc_column][\/vc_row][vc_row][vc_column][\/vc_column][\/vc_row]<\/p>\n","protected":false},"excerpt":{"rendered":"<p>[vc_row][vc_column][vc_column_text]Text in Arbeit[\/vc_column_text][vc_empty_space][\/vc_column][\/vc_row][vc_row][vc_column][\/vc_column][\/vc_row]<\/p>\n","protected":false},"author":1,"featured_media":0,"parent":14542,"menu_order":2,"comment_status":"closed","ping_status":"open","template":"","meta":{"_acf_changed":false,"footnotes":""},"categories":[],"tags":[],"class_list":["post-14548","page","type-page","status-publish","hentry"],"acf":[],"yoast_head":"<!-- This site is optimized with the Yoast SEO plugin v24.8.1 - https:\/\/yoast.com\/wordpress\/plugins\/seo\/ -->\n<title>Saal - RO\u017d - Slovensko prosvetno dru\u0161tvo<\/title>\n<meta name=\"robots\" content=\"index, follow, max-snippet:-1, max-image-preview:large, max-video-preview:-1\" \/>\n<link rel=\"canonical\" href=\"https:\/\/roz.si\/de\/kulturverein\/saal\/\" \/>\n<meta property=\"og:locale\" content=\"de_DE\" \/>\n<meta property=\"og:type\" content=\"article\" \/>\n<meta property=\"og:title\" content=\"Saal - RO\u017d - Slovensko prosvetno dru\u0161tvo\" \/>\n<meta property=\"og:description\" content=\"[vc_row][vc_column][vc_column_text]Text in Arbeit[\/vc_column_text][vc_empty_space][\/vc_column][\/vc_row][vc_row][vc_column][\/vc_column][\/vc_row]\" \/>\n<meta property=\"og:url\" content=\"https:\/\/roz.si\/de\/kulturverein\/saal\/\" \/>\n<meta property=\"og:site_name\" content=\"RO\u017d - Slovensko prosvetno dru\u0161tvo\" \/>\n<meta property=\"article:modified_time\" content=\"2021-05-04T18:55:38+00:00\" \/>\n<meta name=\"twitter:card\" content=\"summary_large_image\" \/>\n<meta name=\"twitter:label1\" content=\"Gesch\u00e4tzte Lesezeit\" \/>\n\t<meta name=\"twitter:data1\" content=\"1\u00a0Minute\" \/>\n<script type=\"application\/ld+json\" class=\"yoast-schema-graph\">{\"@context\":\"https:\/\/schema.org\",\"@graph\":[{\"@type\":\"WebPage\",\"@id\":\"https:\/\/roz.si\/de\/kulturverein\/saal\/\",\"url\":\"https:\/\/roz.si\/de\/kulturverein\/saal\/\",\"name\":\"Saal - RO\u017d - Slovensko prosvetno dru\u0161tvo\",\"isPartOf\":{\"@id\":\"https:\/\/roz.si\/#website\"},\"datePublished\":\"2021-03-23T21:54:28+00:00\",\"dateModified\":\"2021-05-04T18:55:38+00:00\",\"breadcrumb\":{\"@id\":\"https:\/\/roz.si\/de\/kulturverein\/saal\/#breadcrumb\"},\"inLanguage\":\"de\",\"potentialAction\":[{\"@type\":\"ReadAction\",\"target\":[\"https:\/\/roz.si\/de\/kulturverein\/saal\/\"]}]},{\"@type\":\"BreadcrumbList\",\"@id\":\"https:\/\/roz.si\/de\/kulturverein\/saal\/#breadcrumb\",\"itemListElement\":[{\"@type\":\"ListItem\",\"position\":1,\"name\":\"Home\",\"item\":\"https:\/\/roz.si\/de\/\"},{\"@type\":\"ListItem\",\"position\":2,\"name\":\"Kulturverein Ro\u017e\",\"item\":\"https:\/\/roz.si\/de\/kulturverein\/\"},{\"@type\":\"ListItem\",\"position\":3,\"name\":\"Saal\"}]},{\"@type\":\"WebSite\",\"@id\":\"https:\/\/roz.si\/#website\",\"url\":\"https:\/\/roz.si\/\",\"name\":\"RO\u017d - Slovensko prosvetno dru\u0161tvo\",\"description\":\"Slovensko prosvetno dru\u0161tvo Ro\u017e\",\"publisher\":{\"@id\":\"https:\/\/roz.si\/#organization\"},\"potentialAction\":[{\"@type\":\"SearchAction\",\"target\":{\"@type\":\"EntryPoint\",\"urlTemplate\":\"https:\/\/roz.si\/?s={search_term_string}\"},\"query-input\":{\"@type\":\"PropertyValueSpecification\",\"valueRequired\":true,\"valueName\":\"search_term_string\"}}],\"inLanguage\":\"de\"},{\"@type\":\"Organization\",\"@id\":\"https:\/\/roz.si\/#organization\",\"name\":\"RO\u017d - Slovensko prosvetno dru\u0161tvo\",\"url\":\"https:\/\/roz.si\/\",\"logo\":{\"@type\":\"ImageObject\",\"inLanguage\":\"de\",\"@id\":\"https:\/\/roz.si\/#\/schema\/logo\/image\/\",\"url\":\"https:\/\/roz.si\/wp-content\/uploads\/2022\/11\/ROZ_logo.ico\",\"contentUrl\":\"https:\/\/roz.si\/wp-content\/uploads\/2022\/11\/ROZ_logo.ico\",\"width\":199,\"height\":120,\"caption\":\"RO\u017d - Slovensko prosvetno dru\u0161tvo\"},\"image\":{\"@id\":\"https:\/\/roz.si\/#\/schema\/logo\/image\/\"}}]}<\/script>\n<!-- \/ Yoast SEO plugin. -->","yoast_head_json":{"title":"Saal - RO\u017d - Slovensko prosvetno dru\u0161tvo","robots":{"index":"index","follow":"follow","max-snippet":"max-snippet:-1","max-image-preview":"max-image-preview:large","max-video-preview":"max-video-preview:-1"},"canonical":"https:\/\/roz.si\/de\/kulturverein\/saal\/","og_locale":"de_DE","og_type":"article","og_title":"Saal - RO\u017d - Slovensko prosvetno dru\u0161tvo","og_description":"[vc_row][vc_column][vc_column_text]Text in Arbeit[\/vc_column_text][vc_empty_space][\/vc_column][\/vc_row][vc_row][vc_column][\/vc_column][\/vc_row]","og_url":"https:\/\/roz.si\/de\/kulturverein\/saal\/","og_site_name":"RO\u017d - Slovensko prosvetno dru\u0161tvo","article_modified_time":"2021-05-04T18:55:38+00:00","twitter_card":"summary_large_image","twitter_misc":{"Gesch\u00e4tzte Lesezeit":"1\u00a0Minute"},"schema":{"@context":"https:\/\/schema.org","@graph":[{"@type":"WebPage","@id":"https:\/\/roz.si\/de\/kulturverein\/saal\/","url":"https:\/\/roz.si\/de\/kulturverein\/saal\/","name":"Saal - RO\u017d - Slovensko prosvetno dru\u0161tvo","isPartOf":{"@id":"https:\/\/roz.si\/#website"},"datePublished":"2021-03-23T21:54:28+00:00","dateModified":"2021-05-04T18:55:38+00:00","breadcrumb":{"@id":"https:\/\/roz.si\/de\/kulturverein\/saal\/#breadcrumb"},"inLanguage":"de","potentialAction":[{"@type":"ReadAction","target":["https:\/\/roz.si\/de\/kulturverein\/saal\/"]}]},{"@type":"BreadcrumbList","@id":"https:\/\/roz.si\/de\/kulturverein\/saal\/#breadcrumb","itemListElement":[{"@type":"ListItem","position":1,"name":"Home","item":"https:\/\/roz.si\/de\/"},{"@type":"ListItem","position":2,"name":"Kulturverein Ro\u017e","item":"https:\/\/roz.si\/de\/kulturverein\/"},{"@type":"ListItem","position":3,"name":"Saal"}]},{"@type":"WebSite","@id":"https:\/\/roz.si\/#website","url":"https:\/\/roz.si\/","name":"RO\u017d - Slovensko prosvetno dru\u0161tvo","description":"Slovensko prosvetno dru\u0161tvo Ro\u017e","publisher":{"@id":"https:\/\/roz.si\/#organization"},"potentialAction":[{"@type":"SearchAction","target":{"@type":"EntryPoint","urlTemplate":"https:\/\/roz.si\/?s={search_term_string}"},"query-input":{"@type":"PropertyValueSpecification","valueRequired":true,"valueName":"search_term_string"}}],"inLanguage":"de"},{"@type":"Organization","@id":"https:\/\/roz.si\/#organization","name":"RO\u017d - Slovensko prosvetno dru\u0161tvo","url":"https:\/\/roz.si\/","logo":{"@type":"ImageObject","inLanguage":"de","@id":"https:\/\/roz.si\/#\/schema\/logo\/image\/","url":"https:\/\/roz.si\/wp-content\/uploads\/2022\/11\/ROZ_logo.ico","contentUrl":"https:\/\/roz.si\/wp-content\/uploads\/2022\/11\/ROZ_logo.ico","width":199,"height":120,"caption":"RO\u017d - Slovensko prosvetno dru\u0161tvo"},"image":{"@id":"https:\/\/roz.si\/#\/schema\/logo\/image\/"}}]}},"_links":{"self":[{"href":"https:\/\/roz.si\/de\/wp-json\/wp\/v2\/pages\/14548","targetHints":{"allow":["GET"]}}],"collection":[{"href":"https:\/\/roz.si\/de\/wp-json\/wp\/v2\/pages"}],"about":[{"href":"https:\/\/roz.si\/de\/wp-json\/wp\/v2\/types\/page"}],"author":[{"embeddable":true,"href":"https:\/\/roz.si\/de\/wp-json\/wp\/v2\/users\/1"}],"replies":[{"embeddable":true,"href":"https:\/\/roz.si\/de\/wp-json\/wp\/v2\/comments?post=14548"}],"version-history":[{"count":3,"href":"https:\/\/roz.si\/de\/wp-json\/wp\/v2\/pages\/14548\/revisions"}],"predecessor-version":[{"id":14912,"href":"https:\/\/roz.si\/de\/wp-json\/wp\/v2\/pages\/14548\/revisions\/14912"}],"up":[{"embeddable":true,"href":"https:\/\/roz.si\/de\/wp-json\/wp\/v2\/pages\/14542"}],"wp:attachment":[{"href":"https:\/\/roz.si\/de\/wp-json\/wp\/v2\/media?parent=14548"}],"wp:term":[{"taxonomy":"category","embeddable":true,"href":"https:\/\/roz.si\/de\/wp-json\/wp\/v2\/categories?post=14548"},{"taxonomy":"post_tag","embeddable":true,"href":"https:\/\/roz.si\/de\/wp-json\/wp\/v2\/tags?post=14548"}],"curies":[{"name":"wp","href":"https:\/\/api.w.org\/{rel}","templated":true}]}}