{"id":14551,"date":"2021-03-23T19:54:27","date_gmt":"2021-03-23T19:54:27","guid":{"rendered":"http:\/\/roz.si\/drustvo-roz\/publikacije\/"},"modified":"2021-04-29T18:58:42","modified_gmt":"2021-04-29T18:58:42","slug":"publikationen","status":"publish","type":"page","link":"https:\/\/roz.si\/de\/kulturverein\/publikationen\/","title":{"rendered":"Publikationen"},"content":{"rendered":"<p>[vc_row][vc_column][vc_row_inner][vc_column_inner width=&#8220;1\/3&#8243;][vc_empty_space][vc_separator][vc_empty_space][vc_column_text]<img loading=\"lazy\" decoding=\"async\" class=\"alignnone wp-image-6303 size-thumbnail\" src=\"http:\/\/roz.si\/wp-content\/uploads\/2021\/03\/csm_diploma_stotspreis_8a32de3ff6-150x150.jpeg\" alt=\"\" width=\"150\" height=\"150\" \/><br \/>\n2019<\/p>\n<p><strong>\u00d6sterreichischer Kunstpreis<\/strong><\/p>\n<p><a href=\"http:\/\/roz.si\/wp-content\/uploads\/2021\/03\/Festschrift_BKA_-_Roz_2019.pdf\">\u00d6sterreichischer Kunstpreis 2019 [PDF] 1.3 MB<\/a>[\/vc_column_text][\/vc_column_inner][vc_column_inner width=&#8220;1\/3&#8243;][vc_empty_space][vc_separator][vc_empty_space][vc_column_text]<img loading=\"lazy\" decoding=\"async\" class=\"alignnone size-full wp-image-6305\" src=\"http:\/\/roz.si\/wp-content\/uploads\/2021\/03\/csm_Geo-karta_Sentjakob_edafbe9d25.jpeg\" alt=\"\" width=\"150\" height=\"154\" \/><br \/>\n2015<\/p>\n<p><strong><b>Marktgemeinde St. Jakob i. R.<\/b><\/strong><br \/>\nFlur- und Ortsnamen<\/p>\n<p><a href=\"http:\/\/roz.si\/wp-content\/uploads\/2021\/03\/Karta-Sentjakob.pdf\">Flur- und Ortsnamen [PDF] 2.2 MB<\/a>[\/vc_column_text][\/vc_column_inner][vc_column_inner width=&#8220;1\/3&#8243;][vc_empty_space][vc_separator][vc_empty_space][vc_column_text]<img loading=\"lazy\" decoding=\"async\" class=\"alignnone wp-image-6317 size-thumbnail\" src=\"http:\/\/roz.si\/wp-content\/uploads\/2021\/03\/csm_sledovi-spomina_brosura_a9a06a18bb-150x150.jpeg\" alt=\"\" width=\"150\" height=\"150\" \/><br \/>\n2012<\/p>\n<p><strong><b>SPUREN DER ERINNERUNG<\/b><\/strong><br \/>\nWiderstand und Verfolgung in der Gemeinde St. Jakob im Rosental<\/p>\n<p><a href=\"http:\/\/roz.si\/wp-content\/uploads\/2021\/03\/Sledovi_spomina_-_Deportation.pdf\">Spuren der Erinnerung [PDF] 8.9 MB<\/a>[\/vc_column_text][\/vc_column_inner][\/vc_row_inner][\/vc_column][\/vc_row][vc_row][vc_column][vc_empty_space height=&#8220;62px&#8220;]<div class=\"mkdf-section-title-holder  mkdf-st-standard mkdf-st-title-left mkdf-st-normal-space \" >\n\t<div class=\"mkdf-st-inner\">\n\t\t\t\t\t<h4 class=\"mkdf-st-title\" >\n\t\t\t\t1974\u20132001 KOCERTNE BRO\u0160URE MePZ RO\u017d\t\t\t<\/h4>\n\t\t\t\t\t\t\t<h6 class=\"mkdf-st-text\" >\n\t\t\t\tLajko Milisavljevi\u010d\t\t\t<\/h6>\n\t\t\t<\/div>\n<\/div>[vc_row_inner][vc_column_inner width=&#8220;1\/3&#8243;][vc_empty_space][vc_separator][vc_empty_space][vc_column_text]<img loading=\"lazy\" decoding=\"async\" class=\"alignnone size-full wp-image-6285\" src=\"http:\/\/roz.si\/wp-content\/uploads\/2021\/03\/csm_1988_-_Poniz\u030cani_in_razz\u030caljeni_-_Erniedrigte_und_Beleidigte_84e801537d.jpeg\" alt=\"\" width=\"150\" height=\"150\" \/><br \/>\n1988<\/p>\n<p><strong><b>Erniedrigte und Beleidigte<\/b><\/strong><br \/>\nLieder unterdr\u00fcckter V\u00f6lker<\/p>\n<p><a href=\"http:\/\/roz.si\/wp-content\/uploads\/2021\/03\/1988_-_Poniz\u030cani_in_razz\u030caljeni_-_Erniedrigte_und_Beleidigte.pdf\">Erniedrigte und Beleidigte [PDF] 13.7 MB<\/a>[\/vc_column_text][\/vc_column_inner][vc_column_inner width=&#8220;1\/3&#8243;][vc_empty_space][vc_separator][vc_empty_space][vc_column_text]<img loading=\"lazy\" decoding=\"async\" class=\"alignnone size-full wp-image-6295\" src=\"http:\/\/roz.si\/wp-content\/uploads\/2021\/03\/csm_1992_-_Pesem_upanja_-_Lied_der_Hoffnung_99dedef487.jpeg\" alt=\"\" width=\"150\" height=\"150\" \/><br \/>\n1992<\/p>\n<p><strong>Lied der Hoffnung<br \/>\n<\/strong><\/p>\n<p><a href=\"http:\/\/roz.si\/wp-content\/uploads\/2021\/03\/1992_-_Pesem_upanja_-_Lied_der_Hoffnung.pdf\">Lied der Hoffnung [PDF] 11.8 MB<\/a>[\/vc_column_text][\/vc_column_inner][vc_column_inner width=&#8220;1\/3&#8243;][vc_empty_space][vc_separator][vc_empty_space][vc_column_text]<img loading=\"lazy\" decoding=\"async\" class=\"alignnone size-full wp-image-6299\" src=\"http:\/\/roz.si\/wp-content\/uploads\/2021\/03\/csm_2001_-_Pesem_zbledele_zemlje_-_Gesang_der_erbleichten_Erde_a775b70774.jpeg\" alt=\"\" width=\"150\" height=\"150\" \/><br \/>\n2001<\/p>\n<p><strong>Gesang der erbleichten Erde<br \/>\n<\/strong><\/p>\n<p><a href=\"http:\/\/roz.si\/wp-content\/uploads\/2021\/03\/2001_-_Pesem_zbledele_zemlje_-_Gesang_der_erbleichten_Erde.pdf\">Gesang der erbleichten Erde [PDF] 1.4 MB<\/a>[\/vc_column_text][\/vc_column_inner][\/vc_row_inner][\/vc_column][\/vc_row]<\/p>\n","protected":false},"excerpt":{"rendered":"<p>[vc_row][vc_column][vc_row_inner][vc_column_inner width=&#8220;1\/3&#8243;][vc_empty_space][vc_separator][vc_empty_space][vc_column_text] 2019 \u00d6sterreichischer Kunstpreis \u00d6sterreichischer Kunstpreis 2019 [PDF] 1.3 MB[\/vc_column_text][\/vc_column_inner][vc_column_inner width=&#8220;1\/3&#8243;][vc_empty_space][vc_separator][vc_empty_space][vc_column_text] 2015 Marktgemeinde St. Jakob i. R. Flur- und Ortsnamen Flur- und Ortsnamen [PDF] 2.2 MB[\/vc_column_text][\/vc_column_inner][vc_column_inner width=&#8220;1\/3&#8243;][vc_empty_space][vc_separator][vc_empty_space][vc_column_text] 2012 SPUREN DER ERINNERUNG Widerstand und Verfolgung in der Gemeinde St. Jakob im Rosental Spuren der Erinnerung [PDF] 8.9 MB[\/vc_column_text][\/vc_column_inner][\/vc_row_inner][\/vc_column][\/vc_row][vc_row][vc_column][vc_empty_space height=&#8220;62px&#8220;][vc_row_inner][vc_column_inner width=&#8220;1\/3&#8243;][vc_empty_space][vc_separator][vc_empty_space][vc_column_text] 1988 Erniedrigte und Beleidigte Lieder unterdr\u00fcckter V\u00f6lker Erniedrigte [&hellip;]<\/p>\n","protected":false},"author":1,"featured_media":0,"parent":14542,"menu_order":3,"comment_status":"closed","ping_status":"open","template":"","meta":{"_acf_changed":false,"footnotes":""},"categories":[],"tags":[],"class_list":["post-14551","page","type-page","status-publish","hentry"],"acf":[],"yoast_head":"<!-- This site is optimized with the Yoast SEO plugin v24.8.1 - https:\/\/yoast.com\/wordpress\/plugins\/seo\/ -->\n<title>Publikationen - RO\u017d - Slovensko prosvetno dru\u0161tvo<\/title>\n<meta name=\"robots\" content=\"index, follow, max-snippet:-1, max-image-preview:large, max-video-preview:-1\" \/>\n<link rel=\"canonical\" href=\"https:\/\/roz.si\/de\/kulturverein\/publikationen\/\" \/>\n<meta property=\"og:locale\" content=\"de_DE\" \/>\n<meta property=\"og:type\" content=\"article\" \/>\n<meta property=\"og:title\" content=\"Publikationen - RO\u017d - Slovensko prosvetno dru\u0161tvo\" \/>\n<meta property=\"og:description\" content=\"[vc_row][vc_column][vc_row_inner][vc_column_inner width=&#8220;1\/3&#8243;][vc_empty_space][vc_separator][vc_empty_space][vc_column_text] 2019 \u00d6sterreichischer Kunstpreis \u00d6sterreichischer Kunstpreis 2019 [PDF] 1.3 MB[\/vc_column_text][\/vc_column_inner][vc_column_inner width=&#8220;1\/3&#8243;][vc_empty_space][vc_separator][vc_empty_space][vc_column_text] 2015 Marktgemeinde St. Jakob i. R. Flur- und Ortsnamen Flur- und Ortsnamen [PDF] 2.2 MB[\/vc_column_text][\/vc_column_inner][vc_column_inner width=&#8220;1\/3&#8243;][vc_empty_space][vc_separator][vc_empty_space][vc_column_text] 2012 SPUREN DER ERINNERUNG Widerstand und Verfolgung in der Gemeinde St. Jakob im Rosental Spuren der Erinnerung [PDF] 8.9 MB[\/vc_column_text][\/vc_column_inner][\/vc_row_inner][\/vc_column][\/vc_row][vc_row][vc_column][vc_empty_space height=&#8220;62px&#8220;][vc_row_inner][vc_column_inner width=&#8220;1\/3&#8243;][vc_empty_space][vc_separator][vc_empty_space][vc_column_text] 1988 Erniedrigte und Beleidigte Lieder unterdr\u00fcckter V\u00f6lker Erniedrigte [&hellip;]\" \/>\n<meta property=\"og:url\" content=\"https:\/\/roz.si\/de\/kulturverein\/publikationen\/\" \/>\n<meta property=\"og:site_name\" content=\"RO\u017d - Slovensko prosvetno dru\u0161tvo\" \/>\n<meta property=\"article:modified_time\" content=\"2021-04-29T18:58:42+00:00\" \/>\n<meta property=\"og:image\" content=\"http:\/\/roz.si\/wp-content\/uploads\/2021\/03\/csm_diploma_stotspreis_8a32de3ff6-150x150.jpeg\" \/>\n<meta name=\"twitter:card\" content=\"summary_large_image\" \/>\n<meta name=\"twitter:label1\" content=\"Gesch\u00e4tzte Lesezeit\" \/>\n\t<meta name=\"twitter:data1\" content=\"2\u00a0Minuten\" \/>\n<script type=\"application\/ld+json\" class=\"yoast-schema-graph\">{\"@context\":\"https:\/\/schema.org\",\"@graph\":[{\"@type\":\"WebPage\",\"@id\":\"https:\/\/roz.si\/de\/kulturverein\/publikationen\/\",\"url\":\"https:\/\/roz.si\/de\/kulturverein\/publikationen\/\",\"name\":\"Publikationen - RO\u017d - Slovensko prosvetno dru\u0161tvo\",\"isPartOf\":{\"@id\":\"https:\/\/roz.si\/#website\"},\"primaryImageOfPage\":{\"@id\":\"https:\/\/roz.si\/de\/kulturverein\/publikationen\/#primaryimage\"},\"image\":{\"@id\":\"https:\/\/roz.si\/de\/kulturverein\/publikationen\/#primaryimage\"},\"thumbnailUrl\":\"http:\/\/roz.si\/wp-content\/uploads\/2021\/03\/csm_diploma_stotspreis_8a32de3ff6-150x150.jpeg\",\"datePublished\":\"2021-03-23T19:54:27+00:00\",\"dateModified\":\"2021-04-29T18:58:42+00:00\",\"breadcrumb\":{\"@id\":\"https:\/\/roz.si\/de\/kulturverein\/publikationen\/#breadcrumb\"},\"inLanguage\":\"de\",\"potentialAction\":[{\"@type\":\"ReadAction\",\"target\":[\"https:\/\/roz.si\/de\/kulturverein\/publikationen\/\"]}]},{\"@type\":\"ImageObject\",\"inLanguage\":\"de\",\"@id\":\"https:\/\/roz.si\/de\/kulturverein\/publikationen\/#primaryimage\",\"url\":\"http:\/\/roz.si\/wp-content\/uploads\/2021\/03\/csm_diploma_stotspreis_8a32de3ff6-150x150.jpeg\",\"contentUrl\":\"http:\/\/roz.si\/wp-content\/uploads\/2021\/03\/csm_diploma_stotspreis_8a32de3ff6-150x150.jpeg\"},{\"@type\":\"BreadcrumbList\",\"@id\":\"https:\/\/roz.si\/de\/kulturverein\/publikationen\/#breadcrumb\",\"itemListElement\":[{\"@type\":\"ListItem\",\"position\":1,\"name\":\"Home\",\"item\":\"https:\/\/roz.si\/de\/\"},{\"@type\":\"ListItem\",\"position\":2,\"name\":\"Kulturverein Ro\u017e\",\"item\":\"https:\/\/roz.si\/de\/kulturverein\/\"},{\"@type\":\"ListItem\",\"position\":3,\"name\":\"Publikationen\"}]},{\"@type\":\"WebSite\",\"@id\":\"https:\/\/roz.si\/#website\",\"url\":\"https:\/\/roz.si\/\",\"name\":\"RO\u017d - Slovensko prosvetno dru\u0161tvo\",\"description\":\"Slovensko prosvetno dru\u0161tvo Ro\u017e\",\"publisher\":{\"@id\":\"https:\/\/roz.si\/#organization\"},\"potentialAction\":[{\"@type\":\"SearchAction\",\"target\":{\"@type\":\"EntryPoint\",\"urlTemplate\":\"https:\/\/roz.si\/?s={search_term_string}\"},\"query-input\":{\"@type\":\"PropertyValueSpecification\",\"valueRequired\":true,\"valueName\":\"search_term_string\"}}],\"inLanguage\":\"de\"},{\"@type\":\"Organization\",\"@id\":\"https:\/\/roz.si\/#organization\",\"name\":\"RO\u017d - Slovensko prosvetno dru\u0161tvo\",\"url\":\"https:\/\/roz.si\/\",\"logo\":{\"@type\":\"ImageObject\",\"inLanguage\":\"de\",\"@id\":\"https:\/\/roz.si\/#\/schema\/logo\/image\/\",\"url\":\"https:\/\/roz.si\/wp-content\/uploads\/2022\/11\/ROZ_logo.ico\",\"contentUrl\":\"https:\/\/roz.si\/wp-content\/uploads\/2022\/11\/ROZ_logo.ico\",\"width\":199,\"height\":120,\"caption\":\"RO\u017d - Slovensko prosvetno dru\u0161tvo\"},\"image\":{\"@id\":\"https:\/\/roz.si\/#\/schema\/logo\/image\/\"}}]}<\/script>\n<!-- \/ Yoast SEO plugin. -->","yoast_head_json":{"title":"Publikationen - RO\u017d - Slovensko prosvetno dru\u0161tvo","robots":{"index":"index","follow":"follow","max-snippet":"max-snippet:-1","max-image-preview":"max-image-preview:large","max-video-preview":"max-video-preview:-1"},"canonical":"https:\/\/roz.si\/de\/kulturverein\/publikationen\/","og_locale":"de_DE","og_type":"article","og_title":"Publikationen - RO\u017d - Slovensko prosvetno dru\u0161tvo","og_description":"[vc_row][vc_column][vc_row_inner][vc_column_inner width=&#8220;1\/3&#8243;][vc_empty_space][vc_separator][vc_empty_space][vc_column_text] 2019 \u00d6sterreichischer Kunstpreis \u00d6sterreichischer Kunstpreis 2019 [PDF] 1.3 MB[\/vc_column_text][\/vc_column_inner][vc_column_inner width=&#8220;1\/3&#8243;][vc_empty_space][vc_separator][vc_empty_space][vc_column_text] 2015 Marktgemeinde St. Jakob i. R. Flur- und Ortsnamen Flur- und Ortsnamen [PDF] 2.2 MB[\/vc_column_text][\/vc_column_inner][vc_column_inner width=&#8220;1\/3&#8243;][vc_empty_space][vc_separator][vc_empty_space][vc_column_text] 2012 SPUREN DER ERINNERUNG Widerstand und Verfolgung in der Gemeinde St. Jakob im Rosental Spuren der Erinnerung [PDF] 8.9 MB[\/vc_column_text][\/vc_column_inner][\/vc_row_inner][\/vc_column][\/vc_row][vc_row][vc_column][vc_empty_space height=&#8220;62px&#8220;][vc_row_inner][vc_column_inner width=&#8220;1\/3&#8243;][vc_empty_space][vc_separator][vc_empty_space][vc_column_text] 1988 Erniedrigte und Beleidigte Lieder unterdr\u00fcckter V\u00f6lker Erniedrigte [&hellip;]","og_url":"https:\/\/roz.si\/de\/kulturverein\/publikationen\/","og_site_name":"RO\u017d - Slovensko prosvetno dru\u0161tvo","article_modified_time":"2021-04-29T18:58:42+00:00","og_image":[{"url":"http:\/\/roz.si\/wp-content\/uploads\/2021\/03\/csm_diploma_stotspreis_8a32de3ff6-150x150.jpeg","type":"","width":"","height":""}],"twitter_card":"summary_large_image","twitter_misc":{"Gesch\u00e4tzte Lesezeit":"2\u00a0Minuten"},"schema":{"@context":"https:\/\/schema.org","@graph":[{"@type":"WebPage","@id":"https:\/\/roz.si\/de\/kulturverein\/publikationen\/","url":"https:\/\/roz.si\/de\/kulturverein\/publikationen\/","name":"Publikationen - RO\u017d - Slovensko prosvetno dru\u0161tvo","isPartOf":{"@id":"https:\/\/roz.si\/#website"},"primaryImageOfPage":{"@id":"https:\/\/roz.si\/de\/kulturverein\/publikationen\/#primaryimage"},"image":{"@id":"https:\/\/roz.si\/de\/kulturverein\/publikationen\/#primaryimage"},"thumbnailUrl":"http:\/\/roz.si\/wp-content\/uploads\/2021\/03\/csm_diploma_stotspreis_8a32de3ff6-150x150.jpeg","datePublished":"2021-03-23T19:54:27+00:00","dateModified":"2021-04-29T18:58:42+00:00","breadcrumb":{"@id":"https:\/\/roz.si\/de\/kulturverein\/publikationen\/#breadcrumb"},"inLanguage":"de","potentialAction":[{"@type":"ReadAction","target":["https:\/\/roz.si\/de\/kulturverein\/publikationen\/"]}]},{"@type":"ImageObject","inLanguage":"de","@id":"https:\/\/roz.si\/de\/kulturverein\/publikationen\/#primaryimage","url":"http:\/\/roz.si\/wp-content\/uploads\/2021\/03\/csm_diploma_stotspreis_8a32de3ff6-150x150.jpeg","contentUrl":"http:\/\/roz.si\/wp-content\/uploads\/2021\/03\/csm_diploma_stotspreis_8a32de3ff6-150x150.jpeg"},{"@type":"BreadcrumbList","@id":"https:\/\/roz.si\/de\/kulturverein\/publikationen\/#breadcrumb","itemListElement":[{"@type":"ListItem","position":1,"name":"Home","item":"https:\/\/roz.si\/de\/"},{"@type":"ListItem","position":2,"name":"Kulturverein Ro\u017e","item":"https:\/\/roz.si\/de\/kulturverein\/"},{"@type":"ListItem","position":3,"name":"Publikationen"}]},{"@type":"WebSite","@id":"https:\/\/roz.si\/#website","url":"https:\/\/roz.si\/","name":"RO\u017d - Slovensko prosvetno dru\u0161tvo","description":"Slovensko prosvetno dru\u0161tvo Ro\u017e","publisher":{"@id":"https:\/\/roz.si\/#organization"},"potentialAction":[{"@type":"SearchAction","target":{"@type":"EntryPoint","urlTemplate":"https:\/\/roz.si\/?s={search_term_string}"},"query-input":{"@type":"PropertyValueSpecification","valueRequired":true,"valueName":"search_term_string"}}],"inLanguage":"de"},{"@type":"Organization","@id":"https:\/\/roz.si\/#organization","name":"RO\u017d - Slovensko prosvetno dru\u0161tvo","url":"https:\/\/roz.si\/","logo":{"@type":"ImageObject","inLanguage":"de","@id":"https:\/\/roz.si\/#\/schema\/logo\/image\/","url":"https:\/\/roz.si\/wp-content\/uploads\/2022\/11\/ROZ_logo.ico","contentUrl":"https:\/\/roz.si\/wp-content\/uploads\/2022\/11\/ROZ_logo.ico","width":199,"height":120,"caption":"RO\u017d - Slovensko prosvetno dru\u0161tvo"},"image":{"@id":"https:\/\/roz.si\/#\/schema\/logo\/image\/"}}]}},"_links":{"self":[{"href":"https:\/\/roz.si\/de\/wp-json\/wp\/v2\/pages\/14551","targetHints":{"allow":["GET"]}}],"collection":[{"href":"https:\/\/roz.si\/de\/wp-json\/wp\/v2\/pages"}],"about":[{"href":"https:\/\/roz.si\/de\/wp-json\/wp\/v2\/types\/page"}],"author":[{"embeddable":true,"href":"https:\/\/roz.si\/de\/wp-json\/wp\/v2\/users\/1"}],"replies":[{"embeddable":true,"href":"https:\/\/roz.si\/de\/wp-json\/wp\/v2\/comments?post=14551"}],"version-history":[{"count":3,"href":"https:\/\/roz.si\/de\/wp-json\/wp\/v2\/pages\/14551\/revisions"}],"predecessor-version":[{"id":14563,"href":"https:\/\/roz.si\/de\/wp-json\/wp\/v2\/pages\/14551\/revisions\/14563"}],"up":[{"embeddable":true,"href":"https:\/\/roz.si\/de\/wp-json\/wp\/v2\/pages\/14542"}],"wp:attachment":[{"href":"https:\/\/roz.si\/de\/wp-json\/wp\/v2\/media?parent=14551"}],"wp:term":[{"taxonomy":"category","embeddable":true,"href":"https:\/\/roz.si\/de\/wp-json\/wp\/v2\/categories?post=14551"},{"taxonomy":"post_tag","embeddable":true,"href":"https:\/\/roz.si\/de\/wp-json\/wp\/v2\/tags?post=14551"}],"curies":[{"name":"wp","href":"https:\/\/api.w.org\/{rel}","templated":true}]}}