{"id":14555,"date":"2018-04-12T09:42:49","date_gmt":"2018-04-12T09:42:49","guid":{"rendered":"http:\/\/roz.si\/drustvo-roz\/priporocamo\/"},"modified":"2021-08-26T07:47:06","modified_gmt":"2021-08-26T07:47:06","slug":"empfehlungen","status":"publish","type":"page","link":"https:\/\/roz.si\/de\/kulturverein\/empfehlungen\/","title":{"rendered":"Empfehlungen"},"content":{"rendered":"<p>[vc_row][vc_column][vc_column_text]<a href=\"#knjige\">B\u00fccher<\/a>\u00a0 \u00a0 | \u00a0 \u00a0<a href=\"#cd\">CDs\/DVDs<\/a>\u00a0 \u00a0 |\u00a0 \u00a0 \u00a0<a href=\"#splet\">Online<\/a>[\/vc_column_text][vc_empty_space height=&#8220;62px&#8220;][\/vc_column][\/vc_row][vc_row el_id=&#8220;knjige&#8220;][vc_column]<div class=\"mkdf-section-title-holder  mkdf-st-standard mkdf-st-title-left mkdf-st-normal-space \" >\n\t<div class=\"mkdf-st-inner\">\n\t\t\t\t\t<h3 class=\"mkdf-st-title\" >\n\t\t\t\tB\u00fccher\t\t\t<\/h3>\n\t\t\t\t\t<\/div>\n<\/div>[vc_row_inner][vc_column_inner width=&#8220;1\/2&#8243;][vc_empty_space][vc_separator][vc_empty_space][vc_column_text]<\/p>\n<div class=\"csc-header csc-header-n2\">\n<h5>Simone Sch\u00f6nett &amp; Harald Schwinger &#8211; ZALA Drama in sieben Bildern \/ Drama v sedmih slikah<\/h5>\n<\/div>\n<p><img loading=\"lazy\" decoding=\"async\" class=\"alignleft\" src=\"http:\/\/www.roz.si\/fileadmin\/user_upload\/PODATKI\/slike\/razno\/Cover_SchoenettSchwinger_Zala_326x600.png\" alt=\"\" width=\"130\" height=\"226\" \/>Menschen, die ihre Muttersprache nicht mehr verstehen wollen. Ein Land, in dem die Denkm\u00e4ler lebendiger sind als die Gegenwart. Eine Partei, die alles tut, damit es den Toten gut geht.<br \/>\nAuf all das trifft Zala, die ber\u00fchmte B\u00fchnenfigur und Volksheldin der Slowen\/-inn\/-en, als sie im Jahr 2010 aus Istanbul in ihre S\u00fcdk\u00e4rntner Heimat zur\u00fcckkehrt. Bei ihrem Versuch, die Menschen aus ihrem komat\u00f6sen Dasein zu befreien, muss Zala erkennen, dass eine Ver\u00e4nderung nicht erw\u00fcnscht ist. Im Gegenteil.<br \/>\nIn ihrem von Publikum und Kritik begeistert aufgenommenen Theaterst\u00fcck demontieren Simone Sch\u00f6nett und Harald Schwinger den Mythos der sich aufopfernden \u00bbMiklova Zala\u00ab. Eine Groteske \u00fcber Assimilationsdruck und Identit\u00e4tsverlust, Liebe, Verrat und Widerstand.<\/p>\n<p><i>\u00bbEin sehr aufregendes, politisch notwendiges und poetisch gro\u00dfartiges Werk\u00ab (Peter Turrini)<\/i><\/p>\n<p>\u00bbIm besten Sinne unbelastet haben Sch\u00f6nett und Schwinger hier nicht nur e i n e n Mythos entstaubt. Mit Verve r\u00e4umen sie gleich mehrere Leichen aus dem Keller, lassen ihre Perspektive als Korrekturprogramm dr\u00fcberlaufen \u2013 schon haben Identit\u00e4tsverlust, Assimilationsdruck, Verrat und Widerstand ihr heutiges Gesicht.\u00ab (Uschi Loigge, Kleine Zeitung, 21. 3. 2010)<\/p>\n<p><i><br \/>\n<span lang=\"DE\">Edition Meerauge (Bd. 3),\u00a0<\/span>Klagenfurt\/Celovec 2011, 144 dt.\/slow. Seiten 11,5 x 21 cm, fester Einband, geripptes Surbalin, Blind- und Folienpr\u00e4gung, eingelegtes Etikett, Fadenheftung, Leseb\u00e4ndchen<\/i><br \/>\n<b>ISBN: 978-3-7084-0419-6<br \/>\n<\/b><br \/>\n<a href=\"http:\/\/www.meerauge.at\/die_reihe\/zala-drama-in-sieben-bildern-drama-v-sedmih-slikah\" target=\"_blank\" rel=\"noopener\">www.meerauge.at\/die_reihe\/zala-drama-in-sieben-bildern-drama-v-sedmih-slikah<\/a><\/p>\n<p>[\/vc_column_text][\/vc_column_inner][vc_column_inner width=&#8220;1\/2&#8243;][vc_empty_space][vc_separator][vc_empty_space][vc_column_text]<\/p>\n<div class=\"csc-header csc-header-n2\">\n<div class=\"csc-header csc-header-n3\">\n<h5>Michael Koschat &#8211; Braune Flecken im Ortsbild<\/h5>\n<\/div>\n<div class=\"csc-textpic csc-textpic-intext-right\">\n<div class=\"csc-textpic-imagewrap\">\n<div class=\"csc-textpic-image csc-textpic-last\"><img loading=\"lazy\" decoding=\"async\" class=\"alignleft\" src=\"http:\/\/www.roz.si\/fileadmin\/_processed_\/csm_koschat_brauneflecken_ovitek_tisk_3e30dcfb94.jpg\" alt=\"\" width=\"100\" height=\"139\" border=\"0\" \/><\/div>\n<\/div>\n<div class=\"csc-textpic-text\">\n<p>Die Abwehrk\u00e4mpferdenkm\u00e4ler in St. Jakob\/\u0160t. Jakob und Rosegg\/Ro\u017eek<br \/>\n<i>Anmerkungen zum historisch-ideologischen Kontext und Gedanken zur K\u00e4rntner Ged\u00e4chtniskultur und Erinnerungspolitik<\/i><\/p>\n<p>Die unter der Patronanz des K\u00e4rntner Heimatbundes und unter federf\u00fchrender Beteiligung illegaler Nationalsozialisten im Spannungsfeld des \u201eAnschlusses\u201c vom M\u00e4rz 1938 errichteten Abwehrk\u00e4mpferdenkm\u00e4ler in St. Jakob\/\u0160t. Jakob und Rosegg\/Ro\u017eek dienten nach der NS-Machtergreifung der ideologischen Indoktrination. Trotz dieser Tatsache sind beide Denkm\u00e4ler unver\u00e4ndert und unreflektiert bis heute fester Bestandteil der K\u00e4rntner Parallelwelt des 10. Oktober geblieben. Die Studie zeichnet unter Heranziehung zahlreicher Quellen die Bau- und Entstehungsgeschichte der Denkm\u00e4ler, die ideologische Instrumentalisierung w\u00e4hrend der NS-Herrschaft und den erinnerungspolitischen Diskurs nach 1945 nach.<\/p>\n<p><i>231 Seiten, 16,5 x 21,5 cm, gebunden, zahl. s\/w Abbildungen, 2010<\/i><br \/>\n<b>ISBN: 978-3-7086-0539-5<\/b><\/p>\n<\/div>\n<\/div>\n<\/div>\n<p>[\/vc_column_text][\/vc_column_inner][\/vc_row_inner][\/vc_column][\/vc_row][vc_row el_id=&#8220;cd&#8220;][vc_column][vc_empty_space height=&#8220;62px&#8220;]<div class=\"mkdf-section-title-holder  mkdf-st-standard mkdf-st-title-left mkdf-st-normal-space \" >\n\t<div class=\"mkdf-st-inner\">\n\t\t\t\t\t<h3 class=\"mkdf-st-title\" >\n\t\t\t\tCD\/DVD\t\t\t<\/h3>\n\t\t\t\t\t<\/div>\n<\/div>[vc_row_inner][vc_column_inner width=&#8220;1\/2&#8243;][vc_empty_space][vc_separator][vc_empty_space][vc_column_text]<\/p>\n<div class=\"csc-header csc-header-n2\">\n<div class=\"csc-header csc-header-n3\">\n<h5>Partisan &#8211; Die Geschichte der Widerstandsgruppe &#8222;Arihova pe\u010d&#8220;<\/h5>\n<\/div>\n<div class=\"csc-textpic csc-textpic-intext-right\">\n<div class=\"csc-textpic-imagewrap\"><\/div>\n<div class=\"csc-textpic-text\">\n<p><b><img loading=\"lazy\" decoding=\"async\" class=\"size-full wp-image-6319 alignleft\" src=\"http:\/\/roz.si\/wp-content\/uploads\/2021\/03\/thumb_partizan_1_01.jpeg\" alt=\"\" width=\"190\" height=\"135\" \/><\/b><\/p>\n<p><b>Ein Film von Tobias Kavelar<\/b><\/p>\n<p><i>\u00bbEine traurige Sache ist das \u2013 eine Trag\u00f6die!\u00ab<br \/>\n<\/i>So beschreibt der Partisan Drago Dru\u0161kovic das Schicksal der Gruppe junger Widerstandsk\u00e4mpfer, deren Waldversteck am 10. Februar 1945 verraten und von der SS und dem Volkssturm aufgerieben wurde. Drago D. und sein Kamerad Ston \u2013Bogdan Mohor \u00fcberlebten nur durch Zufall den deutschen \u00dcberfall. Die verst\u00fcmmelten Leichen ihrer Freunde wurden eine Woche lang am Stra\u00dfenrand bei St. Peter\/\u0160entpeter zur Schau gestellt.<\/p>\n<p>Das idyllische K\u00e4rnten an der Grenze zu Slowenien ist Schauplatz eben dieser Trag\u00f6die, die bis heute im Ged\u00e4chtnis der Bev\u00f6lkerung fest eingebrannt und kaum verarbeitet worden ist. Angst und Schweigen schlagen jedem entgegen, der die Ereignisse von damals zur Sprache bringt.<\/p>\n<p>Der deutsch-\u00f6sterreichische Autor Tobias Kavelar will trotzdem wissen, was damals wirklich geschehen ist. F\u00fcr Tobias Kavelar beginnt eine Reise in die Vergangenheit und gleichzeitig seine eigene Kindheit. Er begibt sich auf die verschlungenen Pfade nach Zeitzeugen und den damaligen Schaupl\u00e4tzen. Auf seiner Reise durch die S\u00fcdostalpen trifft er die \u00dcberlebenden und Nachkommen jener Partisaneneinheit und ihre noch nie erz\u00e4hlte Geschichte.<\/p>\n<p>60 Jahre nach dem Ende des 2.Weltkrieges gelingt es ihm in seinem Filmdeb\u00fct die Ereignisse um den 10. Februar 1945 in St. Jakob im Rosental\/\u0160entjakob v Ro\u017eu zu rekonstruieren und so vor dem endg\u00fcltigen Vergessen zu retten.<\/p>\n<p>Eine Produktion von:<br \/>\nTobias Kavelar und des IMM, Institut f\u00fcr Musik und Medien, &#8230;. D\u00fcsseldorf<\/p>\n<p>\u00a9\u00a0 2005\u00a0 Tobias Kavelar<\/p>\n<p><b>\u00a0<\/b><\/p>\n<\/div>\n<\/div>\n<\/div>\n<p>[\/vc_column_text][\/vc_column_inner][vc_column_inner width=&#8220;1\/2&#8243;][vc_empty_space][vc_separator][vc_empty_space][\/vc_column_inner][\/vc_row_inner][\/vc_column][\/vc_row][vc_row el_id=&#8220;splet&#8220;][vc_column][vc_empty_space height=&#8220;62px&#8220;]<div class=\"mkdf-section-title-holder  mkdf-st-standard mkdf-st-title-left mkdf-st-normal-space \" >\n\t<div class=\"mkdf-st-inner\">\n\t\t\t\t\t<h3 class=\"mkdf-st-title\" >\n\t\t\t\tOnline\t\t\t<\/h3>\n\t\t\t\t\t<\/div>\n<\/div>[vc_row_inner][vc_column_inner width=&#8220;1\/2&#8243;][vc_empty_space][vc_separator][vc_empty_space][vc_column_text]Text in Arbeit.[\/vc_column_text][\/vc_column_inner][vc_column_inner width=&#8220;1\/2&#8243;][\/vc_column_inner][\/vc_row_inner][\/vc_column][\/vc_row]<\/p>\n","protected":false},"excerpt":{"rendered":"<p>[vc_row][vc_column][vc_column_text]B\u00fccher\u00a0 \u00a0 | \u00a0 \u00a0CDs\/DVDs\u00a0 \u00a0 |\u00a0 \u00a0 \u00a0Online[\/vc_column_text][vc_empty_space height=&#8220;62px&#8220;][\/vc_column][\/vc_row][vc_row el_id=&#8220;knjige&#8220;][vc_column][vc_row_inner][vc_column_inner width=&#8220;1\/2&#8243;][vc_empty_space][vc_separator][vc_empty_space][vc_column_text] Simone Sch\u00f6nett &amp; Harald Schwinger &#8211; ZALA Drama in sieben Bildern \/ Drama v sedmih slikah Menschen, die ihre Muttersprache nicht mehr verstehen wollen. Ein Land, in dem die Denkm\u00e4ler lebendiger sind als die Gegenwart. Eine Partei, die alles tut, damit es den Toten gut geht. [&hellip;]<\/p>\n","protected":false},"author":1,"featured_media":0,"parent":14542,"menu_order":5,"comment_status":"closed","ping_status":"open","template":"","meta":{"_acf_changed":false,"footnotes":""},"categories":[],"tags":[],"class_list":["post-14555","page","type-page","status-publish","hentry"],"acf":[],"yoast_head":"<!-- This site is optimized with the Yoast SEO plugin v24.8.1 - https:\/\/yoast.com\/wordpress\/plugins\/seo\/ -->\n<title>Empfehlungen - RO\u017d - Slovensko prosvetno dru\u0161tvo<\/title>\n<meta name=\"robots\" content=\"index, follow, max-snippet:-1, max-image-preview:large, max-video-preview:-1\" \/>\n<link rel=\"canonical\" href=\"https:\/\/roz.si\/de\/kulturverein\/empfehlungen\/\" \/>\n<meta property=\"og:locale\" content=\"de_DE\" \/>\n<meta property=\"og:type\" content=\"article\" \/>\n<meta property=\"og:title\" content=\"Empfehlungen - RO\u017d - Slovensko prosvetno dru\u0161tvo\" \/>\n<meta property=\"og:description\" content=\"[vc_row][vc_column][vc_column_text]B\u00fccher\u00a0 \u00a0 | \u00a0 \u00a0CDs\/DVDs\u00a0 \u00a0 |\u00a0 \u00a0 \u00a0Online[\/vc_column_text][vc_empty_space height=&#8220;62px&#8220;][\/vc_column][\/vc_row][vc_row el_id=&#8220;knjige&#8220;][vc_column][vc_row_inner][vc_column_inner width=&#8220;1\/2&#8243;][vc_empty_space][vc_separator][vc_empty_space][vc_column_text] Simone Sch\u00f6nett &amp; Harald Schwinger &#8211; ZALA Drama in sieben Bildern \/ Drama v sedmih slikah Menschen, die ihre Muttersprache nicht mehr verstehen wollen. Ein Land, in dem die Denkm\u00e4ler lebendiger sind als die Gegenwart. Eine Partei, die alles tut, damit es den Toten gut geht. [&hellip;]\" \/>\n<meta property=\"og:url\" content=\"https:\/\/roz.si\/de\/kulturverein\/empfehlungen\/\" \/>\n<meta property=\"og:site_name\" content=\"RO\u017d - Slovensko prosvetno dru\u0161tvo\" \/>\n<meta property=\"article:modified_time\" content=\"2021-08-26T07:47:06+00:00\" \/>\n<meta property=\"og:image\" content=\"http:\/\/www.roz.si\/fileadmin\/user_upload\/PODATKI\/slike\/razno\/Cover_SchoenettSchwinger_Zala_326x600.png\" \/>\n<meta name=\"twitter:card\" content=\"summary_large_image\" \/>\n<meta name=\"twitter:label1\" content=\"Gesch\u00e4tzte Lesezeit\" \/>\n\t<meta name=\"twitter:data1\" content=\"4\u00a0Minuten\" \/>\n<script type=\"application\/ld+json\" class=\"yoast-schema-graph\">{\"@context\":\"https:\/\/schema.org\",\"@graph\":[{\"@type\":\"WebPage\",\"@id\":\"https:\/\/roz.si\/de\/kulturverein\/empfehlungen\/\",\"url\":\"https:\/\/roz.si\/de\/kulturverein\/empfehlungen\/\",\"name\":\"Empfehlungen - RO\u017d - Slovensko prosvetno dru\u0161tvo\",\"isPartOf\":{\"@id\":\"https:\/\/roz.si\/#website\"},\"primaryImageOfPage\":{\"@id\":\"https:\/\/roz.si\/de\/kulturverein\/empfehlungen\/#primaryimage\"},\"image\":{\"@id\":\"https:\/\/roz.si\/de\/kulturverein\/empfehlungen\/#primaryimage\"},\"thumbnailUrl\":\"http:\/\/www.roz.si\/fileadmin\/user_upload\/PODATKI\/slike\/razno\/Cover_SchoenettSchwinger_Zala_326x600.png\",\"datePublished\":\"2018-04-12T09:42:49+00:00\",\"dateModified\":\"2021-08-26T07:47:06+00:00\",\"breadcrumb\":{\"@id\":\"https:\/\/roz.si\/de\/kulturverein\/empfehlungen\/#breadcrumb\"},\"inLanguage\":\"de\",\"potentialAction\":[{\"@type\":\"ReadAction\",\"target\":[\"https:\/\/roz.si\/de\/kulturverein\/empfehlungen\/\"]}]},{\"@type\":\"ImageObject\",\"inLanguage\":\"de\",\"@id\":\"https:\/\/roz.si\/de\/kulturverein\/empfehlungen\/#primaryimage\",\"url\":\"http:\/\/www.roz.si\/fileadmin\/user_upload\/PODATKI\/slike\/razno\/Cover_SchoenettSchwinger_Zala_326x600.png\",\"contentUrl\":\"http:\/\/www.roz.si\/fileadmin\/user_upload\/PODATKI\/slike\/razno\/Cover_SchoenettSchwinger_Zala_326x600.png\"},{\"@type\":\"BreadcrumbList\",\"@id\":\"https:\/\/roz.si\/de\/kulturverein\/empfehlungen\/#breadcrumb\",\"itemListElement\":[{\"@type\":\"ListItem\",\"position\":1,\"name\":\"Home\",\"item\":\"https:\/\/roz.si\/de\/\"},{\"@type\":\"ListItem\",\"position\":2,\"name\":\"Kulturverein Ro\u017e\",\"item\":\"https:\/\/roz.si\/de\/kulturverein\/\"},{\"@type\":\"ListItem\",\"position\":3,\"name\":\"Empfehlungen\"}]},{\"@type\":\"WebSite\",\"@id\":\"https:\/\/roz.si\/#website\",\"url\":\"https:\/\/roz.si\/\",\"name\":\"RO\u017d - Slovensko prosvetno dru\u0161tvo\",\"description\":\"Slovensko prosvetno dru\u0161tvo Ro\u017e\",\"publisher\":{\"@id\":\"https:\/\/roz.si\/#organization\"},\"potentialAction\":[{\"@type\":\"SearchAction\",\"target\":{\"@type\":\"EntryPoint\",\"urlTemplate\":\"https:\/\/roz.si\/?s={search_term_string}\"},\"query-input\":{\"@type\":\"PropertyValueSpecification\",\"valueRequired\":true,\"valueName\":\"search_term_string\"}}],\"inLanguage\":\"de\"},{\"@type\":\"Organization\",\"@id\":\"https:\/\/roz.si\/#organization\",\"name\":\"RO\u017d - Slovensko prosvetno dru\u0161tvo\",\"url\":\"https:\/\/roz.si\/\",\"logo\":{\"@type\":\"ImageObject\",\"inLanguage\":\"de\",\"@id\":\"https:\/\/roz.si\/#\/schema\/logo\/image\/\",\"url\":\"https:\/\/roz.si\/wp-content\/uploads\/2022\/11\/ROZ_logo.ico\",\"contentUrl\":\"https:\/\/roz.si\/wp-content\/uploads\/2022\/11\/ROZ_logo.ico\",\"width\":199,\"height\":120,\"caption\":\"RO\u017d - Slovensko prosvetno dru\u0161tvo\"},\"image\":{\"@id\":\"https:\/\/roz.si\/#\/schema\/logo\/image\/\"}}]}<\/script>\n<!-- \/ Yoast SEO plugin. -->","yoast_head_json":{"title":"Empfehlungen - RO\u017d - Slovensko prosvetno dru\u0161tvo","robots":{"index":"index","follow":"follow","max-snippet":"max-snippet:-1","max-image-preview":"max-image-preview:large","max-video-preview":"max-video-preview:-1"},"canonical":"https:\/\/roz.si\/de\/kulturverein\/empfehlungen\/","og_locale":"de_DE","og_type":"article","og_title":"Empfehlungen - RO\u017d - Slovensko prosvetno dru\u0161tvo","og_description":"[vc_row][vc_column][vc_column_text]B\u00fccher\u00a0 \u00a0 | \u00a0 \u00a0CDs\/DVDs\u00a0 \u00a0 |\u00a0 \u00a0 \u00a0Online[\/vc_column_text][vc_empty_space height=&#8220;62px&#8220;][\/vc_column][\/vc_row][vc_row el_id=&#8220;knjige&#8220;][vc_column][vc_row_inner][vc_column_inner width=&#8220;1\/2&#8243;][vc_empty_space][vc_separator][vc_empty_space][vc_column_text] Simone Sch\u00f6nett &amp; Harald Schwinger &#8211; ZALA Drama in sieben Bildern \/ Drama v sedmih slikah Menschen, die ihre Muttersprache nicht mehr verstehen wollen. Ein Land, in dem die Denkm\u00e4ler lebendiger sind als die Gegenwart. Eine Partei, die alles tut, damit es den Toten gut geht. [&hellip;]","og_url":"https:\/\/roz.si\/de\/kulturverein\/empfehlungen\/","og_site_name":"RO\u017d - Slovensko prosvetno dru\u0161tvo","article_modified_time":"2021-08-26T07:47:06+00:00","og_image":[{"url":"http:\/\/www.roz.si\/fileadmin\/user_upload\/PODATKI\/slike\/razno\/Cover_SchoenettSchwinger_Zala_326x600.png","type":"","width":"","height":""}],"twitter_card":"summary_large_image","twitter_misc":{"Gesch\u00e4tzte Lesezeit":"4\u00a0Minuten"},"schema":{"@context":"https:\/\/schema.org","@graph":[{"@type":"WebPage","@id":"https:\/\/roz.si\/de\/kulturverein\/empfehlungen\/","url":"https:\/\/roz.si\/de\/kulturverein\/empfehlungen\/","name":"Empfehlungen - RO\u017d - Slovensko prosvetno dru\u0161tvo","isPartOf":{"@id":"https:\/\/roz.si\/#website"},"primaryImageOfPage":{"@id":"https:\/\/roz.si\/de\/kulturverein\/empfehlungen\/#primaryimage"},"image":{"@id":"https:\/\/roz.si\/de\/kulturverein\/empfehlungen\/#primaryimage"},"thumbnailUrl":"http:\/\/www.roz.si\/fileadmin\/user_upload\/PODATKI\/slike\/razno\/Cover_SchoenettSchwinger_Zala_326x600.png","datePublished":"2018-04-12T09:42:49+00:00","dateModified":"2021-08-26T07:47:06+00:00","breadcrumb":{"@id":"https:\/\/roz.si\/de\/kulturverein\/empfehlungen\/#breadcrumb"},"inLanguage":"de","potentialAction":[{"@type":"ReadAction","target":["https:\/\/roz.si\/de\/kulturverein\/empfehlungen\/"]}]},{"@type":"ImageObject","inLanguage":"de","@id":"https:\/\/roz.si\/de\/kulturverein\/empfehlungen\/#primaryimage","url":"http:\/\/www.roz.si\/fileadmin\/user_upload\/PODATKI\/slike\/razno\/Cover_SchoenettSchwinger_Zala_326x600.png","contentUrl":"http:\/\/www.roz.si\/fileadmin\/user_upload\/PODATKI\/slike\/razno\/Cover_SchoenettSchwinger_Zala_326x600.png"},{"@type":"BreadcrumbList","@id":"https:\/\/roz.si\/de\/kulturverein\/empfehlungen\/#breadcrumb","itemListElement":[{"@type":"ListItem","position":1,"name":"Home","item":"https:\/\/roz.si\/de\/"},{"@type":"ListItem","position":2,"name":"Kulturverein Ro\u017e","item":"https:\/\/roz.si\/de\/kulturverein\/"},{"@type":"ListItem","position":3,"name":"Empfehlungen"}]},{"@type":"WebSite","@id":"https:\/\/roz.si\/#website","url":"https:\/\/roz.si\/","name":"RO\u017d - Slovensko prosvetno dru\u0161tvo","description":"Slovensko prosvetno dru\u0161tvo Ro\u017e","publisher":{"@id":"https:\/\/roz.si\/#organization"},"potentialAction":[{"@type":"SearchAction","target":{"@type":"EntryPoint","urlTemplate":"https:\/\/roz.si\/?s={search_term_string}"},"query-input":{"@type":"PropertyValueSpecification","valueRequired":true,"valueName":"search_term_string"}}],"inLanguage":"de"},{"@type":"Organization","@id":"https:\/\/roz.si\/#organization","name":"RO\u017d - Slovensko prosvetno dru\u0161tvo","url":"https:\/\/roz.si\/","logo":{"@type":"ImageObject","inLanguage":"de","@id":"https:\/\/roz.si\/#\/schema\/logo\/image\/","url":"https:\/\/roz.si\/wp-content\/uploads\/2022\/11\/ROZ_logo.ico","contentUrl":"https:\/\/roz.si\/wp-content\/uploads\/2022\/11\/ROZ_logo.ico","width":199,"height":120,"caption":"RO\u017d - Slovensko prosvetno dru\u0161tvo"},"image":{"@id":"https:\/\/roz.si\/#\/schema\/logo\/image\/"}}]}},"_links":{"self":[{"href":"https:\/\/roz.si\/de\/wp-json\/wp\/v2\/pages\/14555","targetHints":{"allow":["GET"]}}],"collection":[{"href":"https:\/\/roz.si\/de\/wp-json\/wp\/v2\/pages"}],"about":[{"href":"https:\/\/roz.si\/de\/wp-json\/wp\/v2\/types\/page"}],"author":[{"embeddable":true,"href":"https:\/\/roz.si\/de\/wp-json\/wp\/v2\/users\/1"}],"replies":[{"embeddable":true,"href":"https:\/\/roz.si\/de\/wp-json\/wp\/v2\/comments?post=14555"}],"version-history":[{"count":7,"href":"https:\/\/roz.si\/de\/wp-json\/wp\/v2\/pages\/14555\/revisions"}],"predecessor-version":[{"id":14985,"href":"https:\/\/roz.si\/de\/wp-json\/wp\/v2\/pages\/14555\/revisions\/14985"}],"up":[{"embeddable":true,"href":"https:\/\/roz.si\/de\/wp-json\/wp\/v2\/pages\/14542"}],"wp:attachment":[{"href":"https:\/\/roz.si\/de\/wp-json\/wp\/v2\/media?parent=14555"}],"wp:term":[{"taxonomy":"category","embeddable":true,"href":"https:\/\/roz.si\/de\/wp-json\/wp\/v2\/categories?post=14555"},{"taxonomy":"post_tag","embeddable":true,"href":"https:\/\/roz.si\/de\/wp-json\/wp\/v2\/tags?post=14555"}],"curies":[{"name":"wp","href":"https:\/\/api.w.org\/{rel}","templated":true}]}}