{"id":15426,"date":"2023-01-14T14:55:43","date_gmt":"2023-01-14T14:55:43","guid":{"rendered":"https:\/\/roz.si\/?page_id=15426"},"modified":"2026-02-20T14:27:16","modified_gmt":"2026-02-20T14:27:16","slug":"die-taetigkeiten-werden-gefoerdert-von","status":"publish","type":"page","link":"https:\/\/roz.si\/de\/kulturverein\/die-taetigkeiten-werden-gefoerdert-von\/","title":{"rendered":"Unsere Unterst\u00fctzer"},"content":{"rendered":"<p>[vc_row][vc_column]<div class=\"mkdf-banner-holder  mkdf-visible-on-hover mkdf-banner-info-default\">\n    <div class=\"mkdf-banner-image\">\n        <img loading=\"lazy\" decoding=\"async\" width=\"1422\" height=\"251\" src=\"https:\/\/roz.si\/wp-content\/uploads\/2023\/01\/BKA_logo.png\" class=\"attachment-full size-full\" alt=\"\" srcset=\"https:\/\/roz.si\/wp-content\/uploads\/2023\/01\/BKA_logo.png 1422w, https:\/\/roz.si\/wp-content\/uploads\/2023\/01\/BKA_logo-300x53.png 300w, https:\/\/roz.si\/wp-content\/uploads\/2023\/01\/BKA_logo-1024x181.png 1024w, https:\/\/roz.si\/wp-content\/uploads\/2023\/01\/BKA_logo-768x136.png 768w\" sizes=\"auto, (max-width: 1422px) 100vw, 1422px\" \/>    <\/div>\n    <div class=\"mkdf-banner-text-holder\" >\n\t    <div class=\"mkdf-banner-text-outer mkdf-banner-full-width\">\n\t\t    <div class=\"mkdf-banner-text-inner\">\n\t\t\t    \t\t        \t\t\t\t\t\t\t<\/div>\n\t\t<\/div>\n\t<\/div>\n\t        <a itemprop=\"url\" class=\"mkdf-banner-link\" href=\"https:\/\/www.bundeskanzleramt.gv.at\/\" target=\"_self\"><\/a>\n    <\/div>[\/vc_column][\/vc_row][vc_row][vc_column][vc_empty_space][\/vc_column][\/vc_row][vc_row][vc_column]<div class=\"mkdf-banner-holder  mkdf-visible-on-hover mkdf-banner-info-default\">\n    <div class=\"mkdf-banner-image\">\n        <img loading=\"lazy\" decoding=\"async\" width=\"1423\" height=\"463\" src=\"https:\/\/roz.si\/wp-content\/uploads\/2026\/02\/BMWKMS_Logo_srgb.png\" class=\"attachment-full size-full\" alt=\"\" srcset=\"https:\/\/roz.si\/wp-content\/uploads\/2026\/02\/BMWKMS_Logo_srgb.png 1423w, https:\/\/roz.si\/wp-content\/uploads\/2026\/02\/BMWKMS_Logo_srgb-300x98.png 300w, https:\/\/roz.si\/wp-content\/uploads\/2026\/02\/BMWKMS_Logo_srgb-1024x333.png 1024w, https:\/\/roz.si\/wp-content\/uploads\/2026\/02\/BMWKMS_Logo_srgb-768x250.png 768w\" sizes=\"auto, (max-width: 1423px) 100vw, 1423px\" \/>    <\/div>\n    <div class=\"mkdf-banner-text-holder\" >\n\t    <div class=\"mkdf-banner-text-outer mkdf-banner-full-width\">\n\t\t    <div class=\"mkdf-banner-text-inner\">\n\t\t\t    \t\t        \t\t\t\t\t\t\t<\/div>\n\t\t<\/div>\n\t<\/div>\n\t        <a itemprop=\"url\" class=\"mkdf-banner-link\" href=\"https:\/\/www.bmwkms.gv.at\/\" target=\"_self\"><\/a>\n    <\/div>[\/vc_column][\/vc_row][vc_row][vc_column][vc_empty_space][\/vc_column][\/vc_row][vc_row][vc_column]<div class=\"mkdf-banner-holder  mkdf-visible-on-hover mkdf-banner-info-default\">\n    <div class=\"mkdf-banner-image\">\n        <img loading=\"lazy\" decoding=\"async\" width=\"500\" height=\"250\" src=\"https:\/\/roz.si\/wp-content\/uploads\/2023\/01\/land-kaernten.jpg\" class=\"attachment-full size-full\" alt=\"\" srcset=\"https:\/\/roz.si\/wp-content\/uploads\/2023\/01\/land-kaernten.jpg 500w, https:\/\/roz.si\/wp-content\/uploads\/2023\/01\/land-kaernten-300x150.jpg 300w\" sizes=\"auto, (max-width: 500px) 100vw, 500px\" \/>    <\/div>\n    <div class=\"mkdf-banner-text-holder\" >\n\t    <div class=\"mkdf-banner-text-outer mkdf-banner-full-width\">\n\t\t    <div class=\"mkdf-banner-text-inner\">\n\t\t\t    \t\t        \t\t\t\t\t\t\t<\/div>\n\t\t<\/div>\n\t<\/div>\n\t        <a itemprop=\"url\" class=\"mkdf-banner-link\" href=\"https:\/\/www.kulturchannel.at\/\" target=\"_self\"><\/a>\n    <\/div>[\/vc_column][\/vc_row][vc_row][vc_column][vc_empty_space][\/vc_column][\/vc_row][vc_row][vc_column]<div class=\"mkdf-banner-holder  mkdf-visible-on-hover mkdf-banner-info-default\">\n    <div class=\"mkdf-banner-image\">\n        <img loading=\"lazy\" decoding=\"async\" width=\"1422\" height=\"237\" src=\"https:\/\/roz.si\/wp-content\/uploads\/2023\/01\/urad-_slo.png\" class=\"attachment-full size-full\" alt=\"\" srcset=\"https:\/\/roz.si\/wp-content\/uploads\/2023\/01\/urad-_slo.png 1422w, https:\/\/roz.si\/wp-content\/uploads\/2023\/01\/urad-_slo-300x50.png 300w, https:\/\/roz.si\/wp-content\/uploads\/2023\/01\/urad-_slo-1024x171.png 1024w, https:\/\/roz.si\/wp-content\/uploads\/2023\/01\/urad-_slo-768x128.png 768w\" sizes=\"auto, (max-width: 1422px) 100vw, 1422px\" \/>    <\/div>\n    <div class=\"mkdf-banner-text-holder\" >\n\t    <div class=\"mkdf-banner-text-outer mkdf-banner-full-width\">\n\t\t    <div class=\"mkdf-banner-text-inner\">\n\t\t\t    \t\t        \t\t\t\t\t\t\t<\/div>\n\t\t<\/div>\n\t<\/div>\n\t        <a itemprop=\"url\" class=\"mkdf-banner-link\" href=\"https:\/\/www.uszs.gov.si\/\" target=\"_self\"><\/a>\n    <\/div>[\/vc_column][\/vc_row]<\/p>\n","protected":false},"excerpt":{"rendered":"<p>[vc_row][vc_column][\/vc_column][\/vc_row][vc_row][vc_column][vc_empty_space][\/vc_column][\/vc_row][vc_row][vc_column][\/vc_column][\/vc_row][vc_row][vc_column][vc_empty_space][\/vc_column][\/vc_row][vc_row][vc_column][\/vc_column][\/vc_row][vc_row][vc_column][vc_empty_space][\/vc_column][\/vc_row][vc_row][vc_column][\/vc_column][\/vc_row]<\/p>\n","protected":false},"author":2,"featured_media":0,"parent":14542,"menu_order":3,"comment_status":"closed","ping_status":"open","template":"","meta":{"_acf_changed":false,"footnotes":""},"categories":[],"tags":[],"class_list":["post-15426","page","type-page","status-publish","hentry"],"acf":[],"yoast_head":"<!-- This site is optimized with the Yoast SEO plugin v24.8.1 - https:\/\/yoast.com\/wordpress\/plugins\/seo\/ -->\n<title>Unsere Unterst\u00fctzer - RO\u017d - Slovensko prosvetno dru\u0161tvo<\/title>\n<meta name=\"robots\" content=\"index, follow, max-snippet:-1, max-image-preview:large, max-video-preview:-1\" \/>\n<link rel=\"canonical\" href=\"https:\/\/roz.si\/de\/kulturverein\/die-taetigkeiten-werden-gefoerdert-von\/\" \/>\n<meta property=\"og:locale\" content=\"de_DE\" \/>\n<meta property=\"og:type\" content=\"article\" \/>\n<meta property=\"og:title\" content=\"Unsere Unterst\u00fctzer - RO\u017d - Slovensko prosvetno dru\u0161tvo\" \/>\n<meta property=\"og:description\" content=\"[vc_row][vc_column][\/vc_column][\/vc_row][vc_row][vc_column][vc_empty_space][\/vc_column][\/vc_row][vc_row][vc_column][\/vc_column][\/vc_row][vc_row][vc_column][vc_empty_space][\/vc_column][\/vc_row][vc_row][vc_column][\/vc_column][\/vc_row][vc_row][vc_column][vc_empty_space][\/vc_column][\/vc_row][vc_row][vc_column][\/vc_column][\/vc_row]\" \/>\n<meta property=\"og:url\" content=\"https:\/\/roz.si\/de\/kulturverein\/die-taetigkeiten-werden-gefoerdert-von\/\" \/>\n<meta property=\"og:site_name\" content=\"RO\u017d - Slovensko prosvetno dru\u0161tvo\" \/>\n<meta property=\"article:modified_time\" content=\"2026-02-20T14:27:16+00:00\" \/>\n<meta name=\"twitter:card\" content=\"summary_large_image\" \/>\n<meta name=\"twitter:label1\" content=\"Gesch\u00e4tzte Lesezeit\" \/>\n\t<meta name=\"twitter:data1\" content=\"1\u00a0Minute\" \/>\n<script type=\"application\/ld+json\" class=\"yoast-schema-graph\">{\"@context\":\"https:\/\/schema.org\",\"@graph\":[{\"@type\":\"WebPage\",\"@id\":\"https:\/\/roz.si\/de\/kulturverein\/die-taetigkeiten-werden-gefoerdert-von\/\",\"url\":\"https:\/\/roz.si\/de\/kulturverein\/die-taetigkeiten-werden-gefoerdert-von\/\",\"name\":\"Unsere Unterst\u00fctzer - RO\u017d - Slovensko prosvetno dru\u0161tvo\",\"isPartOf\":{\"@id\":\"https:\/\/roz.si\/#website\"},\"datePublished\":\"2023-01-14T14:55:43+00:00\",\"dateModified\":\"2026-02-20T14:27:16+00:00\",\"breadcrumb\":{\"@id\":\"https:\/\/roz.si\/de\/kulturverein\/die-taetigkeiten-werden-gefoerdert-von\/#breadcrumb\"},\"inLanguage\":\"de\",\"potentialAction\":[{\"@type\":\"ReadAction\",\"target\":[\"https:\/\/roz.si\/de\/kulturverein\/die-taetigkeiten-werden-gefoerdert-von\/\"]}]},{\"@type\":\"BreadcrumbList\",\"@id\":\"https:\/\/roz.si\/de\/kulturverein\/die-taetigkeiten-werden-gefoerdert-von\/#breadcrumb\",\"itemListElement\":[{\"@type\":\"ListItem\",\"position\":1,\"name\":\"Home\",\"item\":\"https:\/\/roz.si\/de\/\"},{\"@type\":\"ListItem\",\"position\":2,\"name\":\"Kulturverein Ro\u017e\",\"item\":\"https:\/\/roz.si\/de\/kulturverein\/\"},{\"@type\":\"ListItem\",\"position\":3,\"name\":\"Unsere Unterst\u00fctzer\"}]},{\"@type\":\"WebSite\",\"@id\":\"https:\/\/roz.si\/#website\",\"url\":\"https:\/\/roz.si\/\",\"name\":\"RO\u017d - Slovensko prosvetno dru\u0161tvo\",\"description\":\"Slovensko prosvetno dru\u0161tvo Ro\u017e\",\"publisher\":{\"@id\":\"https:\/\/roz.si\/#organization\"},\"potentialAction\":[{\"@type\":\"SearchAction\",\"target\":{\"@type\":\"EntryPoint\",\"urlTemplate\":\"https:\/\/roz.si\/?s={search_term_string}\"},\"query-input\":{\"@type\":\"PropertyValueSpecification\",\"valueRequired\":true,\"valueName\":\"search_term_string\"}}],\"inLanguage\":\"de\"},{\"@type\":\"Organization\",\"@id\":\"https:\/\/roz.si\/#organization\",\"name\":\"RO\u017d - Slovensko prosvetno dru\u0161tvo\",\"url\":\"https:\/\/roz.si\/\",\"logo\":{\"@type\":\"ImageObject\",\"inLanguage\":\"de\",\"@id\":\"https:\/\/roz.si\/#\/schema\/logo\/image\/\",\"url\":\"https:\/\/roz.si\/wp-content\/uploads\/2022\/11\/ROZ_logo.ico\",\"contentUrl\":\"https:\/\/roz.si\/wp-content\/uploads\/2022\/11\/ROZ_logo.ico\",\"width\":199,\"height\":120,\"caption\":\"RO\u017d - Slovensko prosvetno dru\u0161tvo\"},\"image\":{\"@id\":\"https:\/\/roz.si\/#\/schema\/logo\/image\/\"}}]}<\/script>\n<!-- \/ Yoast SEO plugin. -->","yoast_head_json":{"title":"Unsere Unterst\u00fctzer - RO\u017d - Slovensko prosvetno dru\u0161tvo","robots":{"index":"index","follow":"follow","max-snippet":"max-snippet:-1","max-image-preview":"max-image-preview:large","max-video-preview":"max-video-preview:-1"},"canonical":"https:\/\/roz.si\/de\/kulturverein\/die-taetigkeiten-werden-gefoerdert-von\/","og_locale":"de_DE","og_type":"article","og_title":"Unsere Unterst\u00fctzer - RO\u017d - Slovensko prosvetno dru\u0161tvo","og_description":"[vc_row][vc_column][\/vc_column][\/vc_row][vc_row][vc_column][vc_empty_space][\/vc_column][\/vc_row][vc_row][vc_column][\/vc_column][\/vc_row][vc_row][vc_column][vc_empty_space][\/vc_column][\/vc_row][vc_row][vc_column][\/vc_column][\/vc_row][vc_row][vc_column][vc_empty_space][\/vc_column][\/vc_row][vc_row][vc_column][\/vc_column][\/vc_row]","og_url":"https:\/\/roz.si\/de\/kulturverein\/die-taetigkeiten-werden-gefoerdert-von\/","og_site_name":"RO\u017d - Slovensko prosvetno dru\u0161tvo","article_modified_time":"2026-02-20T14:27:16+00:00","twitter_card":"summary_large_image","twitter_misc":{"Gesch\u00e4tzte Lesezeit":"1\u00a0Minute"},"schema":{"@context":"https:\/\/schema.org","@graph":[{"@type":"WebPage","@id":"https:\/\/roz.si\/de\/kulturverein\/die-taetigkeiten-werden-gefoerdert-von\/","url":"https:\/\/roz.si\/de\/kulturverein\/die-taetigkeiten-werden-gefoerdert-von\/","name":"Unsere Unterst\u00fctzer - RO\u017d - Slovensko prosvetno dru\u0161tvo","isPartOf":{"@id":"https:\/\/roz.si\/#website"},"datePublished":"2023-01-14T14:55:43+00:00","dateModified":"2026-02-20T14:27:16+00:00","breadcrumb":{"@id":"https:\/\/roz.si\/de\/kulturverein\/die-taetigkeiten-werden-gefoerdert-von\/#breadcrumb"},"inLanguage":"de","potentialAction":[{"@type":"ReadAction","target":["https:\/\/roz.si\/de\/kulturverein\/die-taetigkeiten-werden-gefoerdert-von\/"]}]},{"@type":"BreadcrumbList","@id":"https:\/\/roz.si\/de\/kulturverein\/die-taetigkeiten-werden-gefoerdert-von\/#breadcrumb","itemListElement":[{"@type":"ListItem","position":1,"name":"Home","item":"https:\/\/roz.si\/de\/"},{"@type":"ListItem","position":2,"name":"Kulturverein Ro\u017e","item":"https:\/\/roz.si\/de\/kulturverein\/"},{"@type":"ListItem","position":3,"name":"Unsere Unterst\u00fctzer"}]},{"@type":"WebSite","@id":"https:\/\/roz.si\/#website","url":"https:\/\/roz.si\/","name":"RO\u017d - Slovensko prosvetno dru\u0161tvo","description":"Slovensko prosvetno dru\u0161tvo Ro\u017e","publisher":{"@id":"https:\/\/roz.si\/#organization"},"potentialAction":[{"@type":"SearchAction","target":{"@type":"EntryPoint","urlTemplate":"https:\/\/roz.si\/?s={search_term_string}"},"query-input":{"@type":"PropertyValueSpecification","valueRequired":true,"valueName":"search_term_string"}}],"inLanguage":"de"},{"@type":"Organization","@id":"https:\/\/roz.si\/#organization","name":"RO\u017d - Slovensko prosvetno dru\u0161tvo","url":"https:\/\/roz.si\/","logo":{"@type":"ImageObject","inLanguage":"de","@id":"https:\/\/roz.si\/#\/schema\/logo\/image\/","url":"https:\/\/roz.si\/wp-content\/uploads\/2022\/11\/ROZ_logo.ico","contentUrl":"https:\/\/roz.si\/wp-content\/uploads\/2022\/11\/ROZ_logo.ico","width":199,"height":120,"caption":"RO\u017d - Slovensko prosvetno dru\u0161tvo"},"image":{"@id":"https:\/\/roz.si\/#\/schema\/logo\/image\/"}}]}},"_links":{"self":[{"href":"https:\/\/roz.si\/de\/wp-json\/wp\/v2\/pages\/15426","targetHints":{"allow":["GET"]}}],"collection":[{"href":"https:\/\/roz.si\/de\/wp-json\/wp\/v2\/pages"}],"about":[{"href":"https:\/\/roz.si\/de\/wp-json\/wp\/v2\/types\/page"}],"author":[{"embeddable":true,"href":"https:\/\/roz.si\/de\/wp-json\/wp\/v2\/users\/2"}],"replies":[{"embeddable":true,"href":"https:\/\/roz.si\/de\/wp-json\/wp\/v2\/comments?post=15426"}],"version-history":[{"count":4,"href":"https:\/\/roz.si\/de\/wp-json\/wp\/v2\/pages\/15426\/revisions"}],"predecessor-version":[{"id":17103,"href":"https:\/\/roz.si\/de\/wp-json\/wp\/v2\/pages\/15426\/revisions\/17103"}],"up":[{"embeddable":true,"href":"https:\/\/roz.si\/de\/wp-json\/wp\/v2\/pages\/14542"}],"wp:attachment":[{"href":"https:\/\/roz.si\/de\/wp-json\/wp\/v2\/media?parent=15426"}],"wp:term":[{"taxonomy":"category","embeddable":true,"href":"https:\/\/roz.si\/de\/wp-json\/wp\/v2\/categories?post=15426"},{"taxonomy":"post_tag","embeddable":true,"href":"https:\/\/roz.si\/de\/wp-json\/wp\/v2\/tags?post=15426"}],"curies":[{"name":"wp","href":"https:\/\/api.w.org\/{rel}","templated":true}]}}